{"id":2121,"date":"2024-01-17T13:18:22","date_gmt":"2024-01-17T13:18:22","guid":{"rendered":"https:\/\/wpayo.com\/es\/?post_type=product&#038;p=2121"},"modified":"2024-01-17T13:18:22","modified_gmt":"2024-01-17T13:18:22","slug":"nmi-payment-gateway-awpcp","status":"publish","type":"product","link":"https:\/\/wpayo.com\/es\/paga-gateway\/nmi-payment-gateway-awpcp\/","title":{"rendered":"NMI payment gateway &#8211; AWPCP"},"content":{"rendered":"<p><strong>Mejore su plataforma de anuncios clasificados con NMI Payment Gateway para AWPCP.<\/strong> Esta extensi\u00f3n esencial integra perfectamente NMI, una pasarela de pago confiable y vers\u00e1til, en el proceso de creaci\u00f3n y pago de listados de anuncios, lo que facilita la creaci\u00f3n de anuncios y los pagos seguros para su usuarios.<\/p>\n<p><strong>Por qu\u00e9 elegir la pasarela de pago NMI para AWPCP:<\/strong><\/p>\n<ul>\n<li><strong>Creaci\u00f3n de anuncios sin esfuerzo:<\/strong> simplifique el proceso de creaci\u00f3n de anuncios y pago, garantizando una experiencia fluida y f\u00e1cil de usar para sus usuarios.<\/li>\n<li><strong>Seguridad s\u00f3lida:<\/strong> Conf\u00ede en las funciones de seguridad avanzadas de NMI para proteger todas las transacciones, garantizando la confidencialidad de los datos confidenciales del usuario.<\/li>\n<li><strong>Versatilidad de pago:<\/strong> acepte una variedad de m\u00e9todos de pago, desde tarjetas de cr\u00e9dito\/d\u00e9bito hasta cheques electr\u00f3nicos, para satisfacer una base de usuarios diversa.<\/li>\n<li><strong>Anuncios globales:<\/strong> ampl\u00ede su alcance internacional aceptando pagos en varias monedas, lo que facilita la vida de los usuarios de todo el mundo.<\/li>\n<li><strong>Informes completos:<\/strong> mant\u00e9ngase organizado y tome decisiones informadas con funciones de informes detallados que le ayudar\u00e1n a realizar un seguimiento de sus ingresos publicitarios.<\/li>\n<\/ul>\n<p><strong>Conozca a NMI:<\/strong> NMI es un respetado proveedor de pasarelas de pago conocido por su confiabilidad y adaptabilidad. Su plataforma est\u00e1 dise\u00f1ada para brindar una experiencia de pago segura y fluida para empresas y usuarios.<\/p>\n<p><strong>Para empezar:<\/strong><\/p>\n<ol>\n<li><strong><a href=\"https:\/\/www.nmi.com\/\" target=\"_new\" rel=\"noopener\">Crear una cuenta NMI<\/a><\/strong>: comience creando una Cuenta NMI para acceder a sus potentes servicios de pasarela de pago.<\/li>\n<li><strong>Configuraci\u00f3n:<\/strong> configure y configure la extensi\u00f3n para integrar perfectamente NMI en su sistema de lista de anuncios AWPCP.<\/li>\n<li><strong>Complemento AWCPP:<\/strong> Instale el complemento AWPCP.<\/li>\n<\/ol>\n<p>No pierdas la oportunidad de mejorar tu plataforma de clasificados. Lleve sus anuncios al siguiente nivel con NMI Payment Gateway para AWPCP. Simplifique el proceso de pago, inspire confianza en los usuarios y aumente el \u00e9xito de sus anuncios. Comience ahora y disfrute de los beneficios de la creaci\u00f3n de anuncios en l\u00ednea sin complicaciones.<\/p>\n<p>\u00bfListo para mejorar su plataforma de anuncios clasificados? Descargue NMI Payment Gateway para AWPCP y comience a aceptar pagos con confianza.<\/p>\n<p>Todas las transacciones se procesan de forma segura en la plataforma NMI, lo que garantiza los m\u00e1s altos niveles de seguridad y cumplimiento.<\/p>\n","protected":false},"excerpt":{"rendered":"<p>Integrate\u00a0 NMI Gateway for AWPCP<\/p>\n","protected":false},"featured_media":2122,"comment_status":"open","ping_status":"closed","template":"","meta":{"_acf_changed":false},"product_cat":[237],"product_tag":[167],"class_list":{"0":"post-2121","1":"product","2":"type-product","3":"status-publish","4":"has-post-thumbnail","6":"product_cat-awpcp","7":"product_tag-nmi","9":"first","10":"instock","11":"shipping-taxable","12":"purchasable","13":"product-type-simple"},"acf":[],"_links":{"self":[{"href":"https:\/\/wpayo.com\/es\/wp-json\/wp\/v2\/product\/2121","targetHints":{"allow":["GET"]}}],"collection":[{"href":"https:\/\/wpayo.com\/es\/wp-json\/wp\/v2\/product"}],"about":[{"href":"https:\/\/wpayo.com\/es\/wp-json\/wp\/v2\/types\/product"}],"replies":[{"embeddable":true,"href":"https:\/\/wpayo.com\/es\/wp-json\/wp\/v2\/comments?post=2121"}],"wp:featuredmedia":[{"embeddable":true,"href":"https:\/\/wpayo.com\/es\/wp-json\/wp\/v2\/media\/2122"}],"wp:attachment":[{"href":"https:\/\/wpayo.com\/es\/wp-json\/wp\/v2\/media?parent=2121"}],"wp:term":[{"taxonomy":"product_cat","embeddable":true,"href":"https:\/\/wpayo.com\/es\/wp-json\/wp\/v2\/product_cat?post=2121"},{"taxonomy":"product_tag","embeddable":true,"href":"https:\/\/wpayo.com\/es\/wp-json\/wp\/v2\/product_tag?post=2121"}],"curies":[{"name":"wp","href":"https:\/\/api.w.org\/{rel}","templated":true}]}}