{"id":2125,"date":"2024-01-17T13:18:18","date_gmt":"2024-01-17T13:18:18","guid":{"rendered":"https:\/\/wpayo.com\/es\/?post_type=product&#038;p=2125"},"modified":"2024-01-17T13:18:18","modified_gmt":"2024-01-17T13:18:18","slug":"nmi-payment-gateway-learndash","status":"publish","type":"product","link":"https:\/\/wpayo.com\/es\/paga-gateway\/nmi-payment-gateway-learndash\/","title":{"rendered":"NMI payment gateway &#8211; LearnDash"},"content":{"rendered":"<p><strong>LearnDash: simplifique sus cursos en l\u00ednea con la pasarela de pago NMI<\/strong><\/p>\n<p>LearnDash es un potente complemento de WordPress que simplifica la creaci\u00f3n y gesti\u00f3n de cursos en l\u00ednea. Para facilitar a\u00fan m\u00e1s el proceso de pago, LearnDash ahora se integra con NMI Payment Gateway. Esto permite a las empresas aceptar pagos de clientes a trav\u00e9s de las principales tarjetas de cr\u00e9dito, tarjetas de d\u00e9bito, Apple Pay y otros m\u00e9todos de pago populares. Adem\u00e1s, NMI Payment Gateway admite m\u00faltiples monedas para garantizar que los clientes puedan realizar pagos en la moneda de su elecci\u00f3n.<\/p>\n<h3>\u00bfQu\u00e9 es NMI?<\/h3>\n<p>NMI es una pasarela de pagos en l\u00ednea que brinda a las empresas una forma confiable y conveniente de procesar pagos. Se integra con varias plataformas de comercio electr\u00f3nico populares, incluido LearnDash. Con NMI, las empresas pueden aceptar pagos de clientes en diferentes monedas y mediante m\u00faltiples m\u00e9todos de pago. Los clientes se benefician de una experiencia de compra fluida y segura, lo que permite concluir las transacciones r\u00e1pidamente.<\/p>\n<p><strong>Por qu\u00e9 elegir la pasarela de pago NMI para LearnDash:<\/strong><\/p>\n<ul>\n<li><strong>Registro de cursos sin esfuerzo:<\/strong> simplifique el proceso de registro y pago del curso, garantizando una experiencia fluida y f\u00e1cil de usar para sus usuarios.<\/li>\n<li><strong>Seguridad avanzada:<\/strong>Conf\u00ede en las funciones de seguridad l\u00edderes en la industria de NMI para proteger todas las transacciones y mantener la confidencialidad de los datos confidenciales del usuario.<\/li>\n<li><strong>Versatilidad de pago:<\/strong> acepte una variedad de m\u00e9todos de pago, desde tarjetas de cr\u00e9dito\/d\u00e9bito hasta cheques electr\u00f3nicos, para satisfacer una base de usuarios diversa.<\/li>\n<li><strong>Capacitaci\u00f3n global:<\/strong> ampl\u00ede su alcance global aceptando pagos en m\u00faltiples monedas, lo que facilita la vida de los usuarios de todo el mundo.<\/li>\n<li><strong>An\u00e1lisis completos:<\/strong> mant\u00e9ngase organizado y tome decisiones informadas con funciones de informes detallados que le ayudar\u00e1n a realizar un seguimiento de los ingresos de sus cursos.<\/li>\n<\/ul>\n<p><strong>Conozca a NMI:<\/strong> NMI es un respetado proveedor de pasarelas de pago conocido por su confiabilidad y adaptabilidad. Su plataforma est\u00e1 dise\u00f1ada para proporcionar una experiencia de pago segura y fluida para instituciones educativas y usuarios.<\/p>\n<p><strong>Para empezar:<\/strong><\/p>\n<ol>\n<li><strong><a href=\"https:\/\/www.nmi.com\/\" target=\"_new\" rel=\"noopener\">Crear una cuenta NMI<\/a><\/strong>: comience creando una Cuenta NMI para acceder a sus potentes servicios de pasarela de pago.<\/li>\n<li><strong>Configuraci\u00f3n:<\/strong> configure y configure la extensi\u00f3n para integrar perfectamente NMI en su sistema de aprendizaje en l\u00ednea LearnDash.<\/li>\n<li><strong>Complemento LearnDash:<\/strong> Instale el complemento LearnDash.<\/li>\n<\/ol>\n<p>No pierdas la oportunidad de mejorar tu plataforma de aprendizaje en l\u00ednea. Lleve sus cursos en l\u00ednea al siguiente nivel con NMI Payment Gateway para LearnDash. Simplifique el proceso de pago, inspire la confianza de los usuarios y aumente el \u00e9xito de su plataforma educativa. Comience ahora y disfrute de los beneficios del aprendizaje en l\u00ednea sin complicaciones.<\/p>\n<p>\u00bfListo para mejorar su plataforma de aprendizaje en l\u00ednea? Descargue NMI Payment Gateway para LearnDash y comience a aceptar pagos con confianza.<\/p>\n<p>&lt;div class=\u00bbcl-preview-section\u00bb&gt; &lt;h4 id=\u00bbdescargo de responsabilidad\u00bb&gt;Descargo de responsabilidad&lt;\/h4&gt; &lt;\/div&gt; &lt;div class=\u00bbcl-preview-section\u00bb&gt;<\/p>\n<p>Todas las transacciones se procesan de forma segura en la plataforma NMI, lo que garantiza los m\u00e1s altos niveles de seguridad y cumplimiento.<\/p>\n<p>&lt;\/div&gt;<\/p>\n","protected":false},"excerpt":{"rendered":"<p>Integrate\u00a0 NMI Gateway for LearnDash<\/p>\n","protected":false},"featured_media":2127,"comment_status":"open","ping_status":"closed","template":"","meta":{"_acf_changed":false},"product_cat":[128],"product_tag":[167],"class_list":{"0":"post-2125","1":"product","2":"type-product","3":"status-publish","4":"has-post-thumbnail","6":"product_cat-latepoint","7":"product_tag-nmi","9":"first","10":"instock","11":"shipping-taxable","12":"purchasable","13":"product-type-simple"},"acf":[],"_links":{"self":[{"href":"https:\/\/wpayo.com\/es\/wp-json\/wp\/v2\/product\/2125","targetHints":{"allow":["GET"]}}],"collection":[{"href":"https:\/\/wpayo.com\/es\/wp-json\/wp\/v2\/product"}],"about":[{"href":"https:\/\/wpayo.com\/es\/wp-json\/wp\/v2\/types\/product"}],"replies":[{"embeddable":true,"href":"https:\/\/wpayo.com\/es\/wp-json\/wp\/v2\/comments?post=2125"}],"wp:featuredmedia":[{"embeddable":true,"href":"https:\/\/wpayo.com\/es\/wp-json\/wp\/v2\/media\/2127"}],"wp:attachment":[{"href":"https:\/\/wpayo.com\/es\/wp-json\/wp\/v2\/media?parent=2125"}],"wp:term":[{"taxonomy":"product_cat","embeddable":true,"href":"https:\/\/wpayo.com\/es\/wp-json\/wp\/v2\/product_cat?post=2125"},{"taxonomy":"product_tag","embeddable":true,"href":"https:\/\/wpayo.com\/es\/wp-json\/wp\/v2\/product_tag?post=2125"}],"curies":[{"name":"wp","href":"https:\/\/api.w.org\/{rel}","templated":true}]}}