{"id":2131,"date":"2024-01-17T13:18:19","date_gmt":"2024-01-17T13:18:19","guid":{"rendered":"https:\/\/wpayo.com\/es\/?post_type=product&#038;p=2131"},"modified":"2024-01-17T13:18:20","modified_gmt":"2024-01-17T13:18:20","slug":"nmi-payment-gateway-gravity-forms","status":"publish","type":"product","link":"https:\/\/wpayo.com\/es\/paga-gateway\/nmi-payment-gateway-gravity-forms\/","title":{"rendered":"NMI payment gateway &#8211; Gravity Forms"},"content":{"rendered":"<p>Mejore sus formularios con NMI Payment Gateway para Gravity Forms. Esta extensi\u00f3n esencial integra perfectamente NMI, una pasarela de pago confiable y vers\u00e1til, en sus formularios, lo que facilita a sus usuarios realizar pagos seguros mientras env\u00edan informaci\u00f3n, solicitudes o consultas.<\/p>\n<h3><strong>Por qu\u00e9 elegir la pasarela de pago NMI para Gravity Forms:<\/strong><\/h3>\n<ul>\n<li><strong>Transacciones fluidas:<\/strong> simplifique el proceso de pago dentro de sus formularios, garantizando una experiencia sin complicaciones para sus usuarios.<\/li>\n<li><strong>Seguridad avanzada:<\/strong> Cuente con las funciones de seguridad l\u00edderes en la industria de NMI para proteger todas las transacciones de pago, garantizando la privacidad de los datos confidenciales del usuario.<\/li>\n<li><strong>Versatilidad de pago:<\/strong> acepte una variedad de m\u00e9todos de pago, desde tarjetas de cr\u00e9dito\/d\u00e9bito hasta cheques electr\u00f3nicos, para satisfacer una base de usuarios diversa.<\/li>\n<li><strong>Pagos internacionales:<\/strong> ampl\u00ede su alcance internacional aceptando pagos en m\u00faltiples monedas, lo que facilita las transacciones para los usuarios de todo el mundo.<\/li>\n<li><strong>An\u00e1lisis completos:<\/strong> mant\u00e9ngase organizado y tome decisiones informadas con funciones de informes detallados que le ayudar\u00e1n a realizar un seguimiento de sus ingresos.<\/li>\n<\/ul>\n<p><strong>Conozca a NMI:<\/strong> NMI es un respetado proveedor de pasarelas de pago conocido por su confiabilidad y adaptabilidad. Su plataforma est\u00e1 dise\u00f1ada para brindar una experiencia de pago segura y fluida tanto para empresas como para usuarios.<\/p>\n<p><strong>C\u00f3mo comenzar:<\/strong> Para comenzar a utilizar NMI Payment Gateway para Gravity Forms, siga estos pasos:<\/p>\n<ol>\n<li><strong><a href=\"https:\/\/www.nmi.com\/\" target=\"_new\" rel=\"noopener\">Reg\u00edstrese para obtener una cuenta NMI<\/a><\/strong>: comience creando una cuenta NMI para acceder a sus potentes servicios de pasarela de pago.<\/li>\n<li><strong>Configuraci\u00f3n<\/strong>: configure la extensi\u00f3n para integrar perfectamente NMI en su sistema Gravity Forms.<\/li>\n<li>Complemento de formularios de gravedad<\/li>\n<\/ol>\n<p>No pierdas la oportunidad de mejorar tus formularios. Lleve su proceso de pago al siguiente nivel con NMI Payment Gateway para Gravity Forms. Simplifique los pagos, inspire la confianza de los usuarios y aumente el \u00e9xito de sus formularios. Comience ahora y descubra los beneficios de los pagos en l\u00ednea sin complicaciones.<\/p>\n<p>\u00bfListo para mejorar tus formularios? Descargue la pasarela de pago NMI para Gravity Forms y comience a aceptar pagos con confianza.<\/p>\n<div class=\"cl-preview-section\">\n<h4 id=\"disclaimer\">Descargo de responsabilidad<\/h4>\n<\/div>\n<div class=\"cl-preview-section\">Todas las transacciones se procesan de forma segura en la plataforma NMI, lo que garantiza los m\u00e1s altos niveles de seguridad y cumplimiento.<\/div>\n","protected":false},"excerpt":{"rendered":"<p>Integrate\u00a0 NMI Gateway for Gravity Forms<\/p>\n","protected":false},"featured_media":2174,"comment_status":"open","ping_status":"closed","template":"","meta":{"_acf_changed":false},"product_cat":[50],"product_tag":[167],"class_list":{"0":"post-2131","1":"product","2":"type-product","3":"status-publish","4":"has-post-thumbnail","6":"product_cat-gravity-forms","7":"product_tag-nmi","9":"first","10":"instock","11":"shipping-taxable","12":"purchasable","13":"product-type-simple"},"acf":[],"_links":{"self":[{"href":"https:\/\/wpayo.com\/es\/wp-json\/wp\/v2\/product\/2131","targetHints":{"allow":["GET"]}}],"collection":[{"href":"https:\/\/wpayo.com\/es\/wp-json\/wp\/v2\/product"}],"about":[{"href":"https:\/\/wpayo.com\/es\/wp-json\/wp\/v2\/types\/product"}],"replies":[{"embeddable":true,"href":"https:\/\/wpayo.com\/es\/wp-json\/wp\/v2\/comments?post=2131"}],"wp:featuredmedia":[{"embeddable":true,"href":"https:\/\/wpayo.com\/es\/wp-json\/wp\/v2\/media\/2174"}],"wp:attachment":[{"href":"https:\/\/wpayo.com\/es\/wp-json\/wp\/v2\/media?parent=2131"}],"wp:term":[{"taxonomy":"product_cat","embeddable":true,"href":"https:\/\/wpayo.com\/es\/wp-json\/wp\/v2\/product_cat?post=2131"},{"taxonomy":"product_tag","embeddable":true,"href":"https:\/\/wpayo.com\/es\/wp-json\/wp\/v2\/product_tag?post=2131"}],"curies":[{"name":"wp","href":"https:\/\/api.w.org\/{rel}","templated":true}]}}