{"id":2132,"date":"2024-01-17T13:18:20","date_gmt":"2024-01-17T13:18:20","guid":{"rendered":"https:\/\/wpayo.com\/es\/?post_type=product&#038;p=2132"},"modified":"2024-01-17T13:18:21","modified_gmt":"2024-01-17T13:18:21","slug":"stripe-payment-gateway-gravity-forms","status":"publish","type":"product","link":"https:\/\/wpayo.com\/es\/paga-gateway\/stripe-payment-gateway-gravity-forms\/","title":{"rendered":"Stripe payment gateway &#8211; Gravity Forms"},"content":{"rendered":"<p>El mundo moderno de los negocios en l\u00ednea puede resultar complejo e intimidante para muchos empresarios, especialmente cuando se trata de aceptar pagos. Afortunadamente, integrar pasarelas de pago en tu sitio web o aplicaci\u00f3n es m\u00e1s f\u00e1cil que nunca gracias a Gravity Forms y su integraci\u00f3n con la pasarela de pago Stripe. Este art\u00edculo explicar\u00e1 c\u00f3mo puede utilizar la pasarela de pago Stripe con Gravity Forms para aceptar pagos con tarjeta de cr\u00e9dito de forma segura.<\/p>\n<p>Gravity Forms es un potente complemento de WordPress que le permite crear formularios personalizados en su sitio web o aplicaci\u00f3n. Es incre\u00edblemente vers\u00e1til y permite integrar f\u00e1cilmente una amplia gama de servicios, incluidas pasarelas de pago como Stripe. Esta integraci\u00f3n permitir\u00e1 a los clientes pagarle de forma segura con su tarjeta de cr\u00e9dito cuando completen un formulario que usted cre\u00f3.<\/p>\n<p><strong>Por qu\u00e9 elegir la pasarela de pago Stripe para Gravity Forms:<\/strong><\/p>\n<ul>\n<li><strong>Transacciones fluidas:<\/strong> simplifique el proceso de pago en sus formularios, garantizando una experiencia sin complicaciones para sus usuarios.<\/li>\n<li><strong>Seguridad avanzada:<\/strong> Conf\u00ede en las funciones de seguridad l\u00edderes en la industria de Stripe para proteger todas las transacciones de pago, manteniendo la privacidad de los datos confidenciales del usuario.<\/li>\n<li><strong>Versatilidad de pago:<\/strong> acepte una variedad de m\u00e9todos de pago, desde tarjetas de cr\u00e9dito\/d\u00e9bito hasta billeteras m\u00f3viles, para atender a una base de usuarios diversa.<\/li>\n<li><strong>Pagos globales:<\/strong> ampl\u00ede su alcance internacional aceptando pagos en varias monedas, lo que facilita la tarea a los usuarios de todo el mundo.<\/li>\n<li><strong>An\u00e1lisis completos:<\/strong> mant\u00e9ngase organizado y tome decisiones informadas con funciones de informes detallados que le ayudar\u00e1n a realizar un seguimiento de sus ingresos.<\/li>\n<\/ul>\n<p><strong>Conozca a Stripe:<\/strong> Stripe es un respetado proveedor de pasarelas de pago conocido por su confiabilidad y adaptabilidad. Su plataforma est\u00e1 dise\u00f1ada para brindar una experiencia de pago segura y fluida tanto para empresas como para usuarios.<\/p>\n<p><strong>Primeros pasos:<\/strong> Para comenzar a utilizar la pasarela de pago Stripe para Gravity Forms, siga estos pasos:<\/p>\n<ol>\n<li><strong><a href=\"https:\/\/stripe.com\/\" target=\"_new\" rel=\"noopener\">Reg\u00edstrese para obtener una cuenta de Stripe<\/a><\/strong>: comience creando una Cuenta de Stripe para acceder a sus potentes servicios de pasarela de pago.<\/li>\n<li><strong>Configuraci\u00f3n:<\/strong> configure el complemento para integrar perfectamente Stripe en su sistema Gravity Forms.<\/li>\n<li>Complemento de formularios de gravedad<\/li>\n<\/ol>\n<p>No pierdas la oportunidad de mejorar tus formularios. Lleve su proceso de pago al siguiente nivel con la pasarela de pago Stripe para Gravity Forms. Simplifique los pagos, inspire la confianza de los usuarios y aumente el \u00e9xito de sus formularios. Comience ahora y disfrute de los beneficios de los pagos en l\u00ednea sin complicaciones.<\/p>\n<p>\u00bfListo para mejorar tus formularios? Descargue Stripe Payment Gateway para Gravity Forms y comience a aceptar pagos con confianza.<\/p>\n<div class=\"cl-preview-section\">\n<h4 id=\"disclaimer\">Descargo de responsabilidad<\/h4>\n<\/div>\n<div class=\"cl-preview-section\">Todas las transacciones se procesan de forma segura en la plataforma NMI, lo que garantiza los m\u00e1s altos niveles de seguridad y cumplimiento.<\/div>\n","protected":false},"excerpt":{"rendered":"<p>Integrate\u00a0 Stripe Gateway for Gravity Forms<\/p>\n","protected":false},"featured_media":2135,"comment_status":"open","ping_status":"closed","template":"","meta":{"_acf_changed":false},"product_cat":[50],"product_tag":[139],"class_list":{"0":"post-2132","1":"product","2":"type-product","3":"status-publish","4":"has-post-thumbnail","6":"product_cat-gravity-forms","7":"product_tag-stripe","9":"first","10":"instock","11":"shipping-taxable","12":"purchasable","13":"product-type-simple"},"acf":[],"_links":{"self":[{"href":"https:\/\/wpayo.com\/es\/wp-json\/wp\/v2\/product\/2132","targetHints":{"allow":["GET"]}}],"collection":[{"href":"https:\/\/wpayo.com\/es\/wp-json\/wp\/v2\/product"}],"about":[{"href":"https:\/\/wpayo.com\/es\/wp-json\/wp\/v2\/types\/product"}],"replies":[{"embeddable":true,"href":"https:\/\/wpayo.com\/es\/wp-json\/wp\/v2\/comments?post=2132"}],"wp:featuredmedia":[{"embeddable":true,"href":"https:\/\/wpayo.com\/es\/wp-json\/wp\/v2\/media\/2135"}],"wp:attachment":[{"href":"https:\/\/wpayo.com\/es\/wp-json\/wp\/v2\/media?parent=2132"}],"wp:term":[{"taxonomy":"product_cat","embeddable":true,"href":"https:\/\/wpayo.com\/es\/wp-json\/wp\/v2\/product_cat?post=2132"},{"taxonomy":"product_tag","embeddable":true,"href":"https:\/\/wpayo.com\/es\/wp-json\/wp\/v2\/product_tag?post=2132"}],"curies":[{"name":"wp","href":"https:\/\/api.w.org\/{rel}","templated":true}]}}