{"id":2134,"date":"2024-01-17T13:18:32","date_gmt":"2024-01-17T13:18:32","guid":{"rendered":"https:\/\/wpayo.com\/es\/?post_type=product&#038;p=2134"},"modified":"2024-01-17T13:18:33","modified_gmt":"2024-01-17T13:18:33","slug":"stripe-payment-gateway-contact-form-7","status":"publish","type":"product","link":"https:\/\/wpayo.com\/es\/paga-gateway\/stripe-payment-gateway-contact-form-7\/","title":{"rendered":"Stripe payment gateway &#8211; Contact Form 7"},"content":{"rendered":"<p>Mejore sus formularios de contacto con Stripe Payment Gateway para Contact Form 7. Esta extensi\u00f3n esencial integra perfectamente Stripe, una pasarela de pago confiable y vers\u00e1til, en sus formularios de contacto, lo que facilita a los usuarios realizar pagos seguros mientras env\u00edan solicitudes o consultas.<\/p>\n<h3><strong>Por qu\u00e9 elegir la pasarela de pago Stripe para el Formulario de contacto 7:<\/strong><\/h3>\n<ul>\n<li><strong>Transacciones fluidas:<\/strong> simplifique el proceso de pago en sus formularios de contacto, garantizando una experiencia sin complicaciones para sus usuarios.<\/li>\n<li><strong>Seguridad avanzada:<\/strong> Conf\u00ede en las funciones de seguridad l\u00edderes en la industria de Stripe para proteger todas las transacciones de pago, garantizando que los datos confidenciales del usuario permanezcan privados.<\/li>\n<li><strong>Versatilidad de pago:<\/strong> acepte una variedad de m\u00e9todos de pago, desde tarjetas de cr\u00e9dito\/d\u00e9bito hasta billeteras m\u00f3viles, para atender a una base de usuarios diversa.<\/li>\n<li><strong>Pagos globales:<\/strong> ampl\u00ede su alcance internacional aceptando pagos en varias monedas, lo que facilita la tarea a los usuarios de todo el mundo.<\/li>\n<li><strong>An\u00e1lisis completos:<\/strong> mant\u00e9ngase organizado y tome decisiones informadas con funciones de informes detallados que le ayudar\u00e1n a realizar un seguimiento de sus ingresos.<\/li>\n<\/ul>\n<p><strong>Echa un vistazo a Stripe:<\/strong> Stripe es un respetado proveedor de pasarelas de pago conocido por su confiabilidad y adaptabilidad. Su plataforma est\u00e1 dise\u00f1ada para brindar una experiencia de pago segura y fluida tanto para empresas como para usuarios.<\/p>\n<p><strong>Comience:<\/strong> Para comenzar a utilizar la pasarela de pago Stripe para el Formulario de contacto 7, siga estos pasos:<\/p>\n<ol>\n<li><strong><a href=\"https:\/\/stripe.com\/\" target=\"_new\" rel=\"noopener\">Reg\u00edstrese para obtener una cuenta de Stripe<\/a><\/strong>: comience creando una Cuenta de Stripe para acceder a sus potentes servicios de pasarela de pago.<\/li>\n<li><strong>Configuraci\u00f3n:<\/strong> configure el complemento para integrar perfectamente Stripe en su sistema Contact Form 7.<\/li>\n<li>Complemento de formulario de contacto 7<\/li>\n<\/ol>\n<p>No pierdas la oportunidad de mejorar tus formularios de contacto. Lleve su proceso de pago al siguiente nivel con Stripe Payment Gateway para Contact Form 7. Simplifique los pagos, inspire la confianza de los usuarios y aumente el \u00e9xito de sus formularios. Comience ahora y descubra los beneficios de los pagos en l\u00ednea sin complicaciones.<\/p>\n<p>\u00bfListo para mejorar sus formularios de contacto? Descargue la pasarela de pago Stripe para Contact Form 7 y comience a aceptar pagos con confianza.<\/p>\n<div class=\"cl-preview-section\">\n<h4 id=\"disclaimer\">Descargo de responsabilidad<\/h4>\n<\/div>\n<div class=\"cl-preview-section\">\n<p>Todas las transacciones se procesan de forma segura en la plataforma Stripe, lo que garantiza los m\u00e1s altos niveles de seguridad y cumplimiento.<\/p>\n<\/div>\n","protected":false},"excerpt":{"rendered":"<p>Integrate\u00a0 Stripe Gateway for Gravity Forms<\/p>\n","protected":false},"featured_media":2136,"comment_status":"open","ping_status":"closed","template":"","meta":{"_acf_changed":false},"product_cat":[53],"product_tag":[139],"class_list":{"0":"post-2134","1":"product","2":"type-product","3":"status-publish","4":"has-post-thumbnail","6":"product_cat-contact-form-7","7":"product_tag-stripe","9":"first","10":"instock","11":"shipping-taxable","12":"purchasable","13":"product-type-simple"},"acf":[],"_links":{"self":[{"href":"https:\/\/wpayo.com\/es\/wp-json\/wp\/v2\/product\/2134","targetHints":{"allow":["GET"]}}],"collection":[{"href":"https:\/\/wpayo.com\/es\/wp-json\/wp\/v2\/product"}],"about":[{"href":"https:\/\/wpayo.com\/es\/wp-json\/wp\/v2\/types\/product"}],"replies":[{"embeddable":true,"href":"https:\/\/wpayo.com\/es\/wp-json\/wp\/v2\/comments?post=2134"}],"wp:featuredmedia":[{"embeddable":true,"href":"https:\/\/wpayo.com\/es\/wp-json\/wp\/v2\/media\/2136"}],"wp:attachment":[{"href":"https:\/\/wpayo.com\/es\/wp-json\/wp\/v2\/media?parent=2134"}],"wp:term":[{"taxonomy":"product_cat","embeddable":true,"href":"https:\/\/wpayo.com\/es\/wp-json\/wp\/v2\/product_cat?post=2134"},{"taxonomy":"product_tag","embeddable":true,"href":"https:\/\/wpayo.com\/es\/wp-json\/wp\/v2\/product_tag?post=2134"}],"curies":[{"name":"wp","href":"https:\/\/api.w.org\/{rel}","templated":true}]}}