{"id":2138,"date":"2024-01-17T13:18:31","date_gmt":"2024-01-17T13:18:31","guid":{"rendered":"https:\/\/wpayo.com\/es\/?post_type=product&#038;p=2138"},"modified":"2024-01-17T13:18:32","modified_gmt":"2024-01-17T13:18:32","slug":"stripe-payment-gateway-learndash","status":"publish","type":"product","link":"https:\/\/wpayo.com\/es\/paga-gateway\/stripe-payment-gateway-learndash\/","title":{"rendered":"Stripe payment gateway &#8211; LearnDash"},"content":{"rendered":"<div class=\"flex flex-grow flex-col max-w-full gap-3 gizmo:gap-0\">\n<div class=\"min-h-[20px] mensaje de texto flex flex-col elementos-inicio espacio-3 espacios en blanco-pre-wrap palabras de ruptura [.text-message+&amp;]:mt-5 overflow-x- autom\u00e1tico\" data-message-author-role=\"asistente\" data-message-id=\"64499099-157d-4c0f-8d4a-8bba08852957\">\n<div class=\"prosa rebajada con palabras de ruptura completas oscuras: prosa-invertida oscura\">\n<p>Stripe Payment Gateway para LearnDash es una herramienta poderosa y confiable que le permite aceptar pagos de sus alumnos a trav\u00e9s de Stripe. Con este complemento, puede configurar f\u00e1cilmente un sistema de pago seguro para sus cursos en l\u00ednea y brindarles a sus estudiantes m\u00e1s opciones a la hora de realizar pagos. Este complemento es compatible con las \u00faltimas versiones de LearnDash, lo que le permite aprovechar esta excelente caracter\u00edstica y comenzar a aceptar pagos a trav\u00e9s de Stripe con facilidad.<\/p>\n<p><strong>\u00bfQu\u00e9 es Stripe?<\/strong> Stripe es un servicio de pasarela de pago seguro que permite a las empresas aceptar pagos de clientes en l\u00ednea. Stripe admite todas las principales tarjetas de cr\u00e9dito, Apple Pay, Google Pay y m\u00e1s. Con su sencillo proceso de incorporaci\u00f3n y su avanzada protecci\u00f3n contra fraudes, es la soluci\u00f3n preferida de muchas empresas que buscan aceptar pagos en l\u00ednea.<\/p>\n<p><strong>Por qu\u00e9 elegir la pasarela de pago Stripe para LearnDash:<\/strong><\/p>\n<ul>\n<li><strong>Registro de cursos sin esfuerzo:<\/strong> simplifique el proceso de registro y pago del curso, garantizando una experiencia fluida y f\u00e1cil de usar para sus usuarios.<\/li>\n<li><strong>Seguridad avanzada:<\/strong> Conf\u00ede en las funciones de seguridad l\u00edderes en la industria de Stripe para proteger todas las transacciones de pago, manteniendo la privacidad de los datos confidenciales del usuario.<\/li>\n<li><strong>Versatilidad de pago:<\/strong> acepte una variedad de m\u00e9todos de pago, desde tarjetas de cr\u00e9dito\/d\u00e9bito hasta billeteras m\u00f3viles, para atender a una base de usuarios diversa.<\/li>\n<li><strong>Educaci\u00f3n global:<\/strong> ampl\u00ede su alcance internacional aceptando pagos en varias monedas, lo que facilita la tarea a los usuarios de todo el mundo.<\/li>\n<li><strong>An\u00e1lisis completos:<\/strong> mant\u00e9ngase organizado y tome decisiones informadas con funciones de informes detallados que le ayudar\u00e1n a realizar un seguimiento de los ingresos de sus cursos.<\/li>\n<\/ul>\n<p><strong>Conozca a Stripe:<\/strong> Stripe es un respetado proveedor de pasarelas de pago, conocido por su confiabilidad y adaptabilidad. Su plataforma est\u00e1 dise\u00f1ada para proporcionar una experiencia de pago segura y fluida tanto para las instituciones educativas como para los usuarios.<\/p>\n<p><strong>Primeros pasos:<\/strong> Para comenzar a utilizar la pasarela de pago Stripe para LearnDash, siga estos pasos:<\/p>\n<ol>\n<li><strong><a href=\"https:\/\/stripe.com\/\" target=\"_new\" rel=\"noopener\">Reg\u00edstrese para obtener una cuenta de Stripe<\/a><\/strong>: comience creando una Cuenta de Stripe para acceder a sus potentes servicios de pasarela de pago.<\/li>\n<li><strong>Configuraci\u00f3n:<\/strong> configure el complemento para integrar perfectamente Stripe en su sistema de aprendizaje en l\u00ednea LearnDash.<\/li>\n<li><strong>Complemento LearnDash<\/strong><\/li>\n<\/ol>\n<p>No pierdas la oportunidad de mejorar tu plataforma de aprendizaje en l\u00ednea. Lleva tus cursos en l\u00ednea al siguiente nivel con la pasarela de pago Stripe para LearnDash. Simplifique el proceso de pago, inspire la confianza de los usuarios e impulse el \u00e9xito de su plataforma educativa. Comience ahora y disfrute de los beneficios del aprendizaje en l\u00ednea sin complicaciones.<\/p>\n<p>\u00bfListo para mejorar su plataforma de aprendizaje en l\u00ednea? Descargue la pasarela de pago Stripe para LearnDash y comience a aceptar pagos con confianza.<\/p>\n<p><strong>Descargo de responsabilidad:<\/strong> Todas las transacciones se procesan de forma segura en la plataforma Stripe, lo que garantiza los m\u00e1s altos niveles de seguridad y cumplimiento.<\/p>\n<\/div>\n<\/div>\n<\/div>\n","protected":false},"excerpt":{"rendered":"<p>Integrate\u00a0 Stripe Gateway for LearnDash<\/p>\n","protected":false},"featured_media":2139,"comment_status":"open","ping_status":"closed","template":"","meta":{"_acf_changed":false},"product_cat":[55],"product_tag":[139],"class_list":{"0":"post-2138","1":"product","2":"type-product","3":"status-publish","4":"has-post-thumbnail","6":"product_cat-learndash","7":"product_tag-stripe","9":"first","10":"instock","11":"shipping-taxable","12":"purchasable","13":"product-type-simple"},"acf":[],"_links":{"self":[{"href":"https:\/\/wpayo.com\/es\/wp-json\/wp\/v2\/product\/2138","targetHints":{"allow":["GET"]}}],"collection":[{"href":"https:\/\/wpayo.com\/es\/wp-json\/wp\/v2\/product"}],"about":[{"href":"https:\/\/wpayo.com\/es\/wp-json\/wp\/v2\/types\/product"}],"replies":[{"embeddable":true,"href":"https:\/\/wpayo.com\/es\/wp-json\/wp\/v2\/comments?post=2138"}],"wp:featuredmedia":[{"embeddable":true,"href":"https:\/\/wpayo.com\/es\/wp-json\/wp\/v2\/media\/2139"}],"wp:attachment":[{"href":"https:\/\/wpayo.com\/es\/wp-json\/wp\/v2\/media?parent=2138"}],"wp:term":[{"taxonomy":"product_cat","embeddable":true,"href":"https:\/\/wpayo.com\/es\/wp-json\/wp\/v2\/product_cat?post=2138"},{"taxonomy":"product_tag","embeddable":true,"href":"https:\/\/wpayo.com\/es\/wp-json\/wp\/v2\/product_tag?post=2138"}],"curies":[{"name":"wp","href":"https:\/\/api.w.org\/{rel}","templated":true}]}}