{"id":2140,"date":"2024-01-17T13:18:31","date_gmt":"2024-01-17T13:18:31","guid":{"rendered":"https:\/\/wpayo.com\/es\/?post_type=product&#038;p=2140"},"modified":"2024-01-17T13:18:31","modified_gmt":"2024-01-17T13:18:31","slug":"stripe-payment-gateway-latepoint","status":"publish","type":"product","link":"https:\/\/wpayo.com\/es\/paga-gateway\/stripe-payment-gateway-latepoint\/","title":{"rendered":"Stripe payment gateway &#8211; LatePoint"},"content":{"rendered":"<p>Stripe Payment Gateway para LatePoint es una extensi\u00f3n que le permite aceptar pagos directamente desde sus formularios de LatePoint. Stripe es un procesador de pagos que te permite aceptar tarjetas de cr\u00e9dito y d\u00e9bito, Apple Pay y otras formas de pagos digitales directamente de tus clientes. Este complemento facilita la integraci\u00f3n de Stripe en sus LatePoint, lo que le permite comenzar a cobrar pagos de forma r\u00e1pida y sencilla.<\/p>\n<h3>\u00bfQu\u00e9 es Stripe?<\/h3>\n<p>Stripe es un procesador de pagos que permite a los comerciantes aceptar pagos de clientes en m\u00e1s de 135 monedas. Stripe permite a las empresas procesar pagos directamente desde sus sitios web, sin la necesidad de una pasarela de pago externa. Tambi\u00e9n proporciona servicios de detecci\u00f3n y prevenci\u00f3n de fraude, as\u00ed como herramientas de an\u00e1lisis para ayudar a los comerciantes a gestionar sus transacciones.<\/p>\n<p><strong>Por qu\u00e9 elegir la pasarela de pago Stripe para LatePoint:<\/strong><\/p>\n<ul>\n<li><strong>Cita perfecta:<\/strong> simplifique el proceso de reserva y pago, brindando una experiencia sin complicaciones a sus clientes.<\/li>\n<li><strong>Seguridad avanzada:<\/strong> conf\u00ede en las funciones de seguridad l\u00edderes en la industria de Stripe para proteger todas las transacciones de pago, garantizando que los datos confidenciales de los clientes permanezcan privados.<\/li>\n<li><strong>Versatilidad de pagos:<\/strong> acepte una variedad de m\u00e9todos de pago, desde tarjetas de cr\u00e9dito\/d\u00e9bito hasta billeteras m\u00f3viles, para satisfacer una base de clientes diversa.<\/li>\n<li><strong>Reservas globales:<\/strong> ampl\u00ede su alcance internacional aceptando pagos en m\u00faltiples monedas, lo que facilita la tarea a los clientes de todo el mundo.<\/li>\n<li><strong>Informes completos:<\/strong> mant\u00e9ngase organizado y tome decisiones informadas con herramientas de informes detalladas que le ayudar\u00e1n a realizar un seguimiento de los ingresos por citas.<\/li>\n<\/ul>\n<p><strong>Echa un vistazo a Stripe:<\/strong> Stripe es un respetado proveedor de pasarelas de pago conocido por su confiabilidad y adaptabilidad. Su plataforma est\u00e1 dise\u00f1ada para brindar una experiencia de pago segura y fluida tanto para empresas como para clientes.<\/p>\n<p><strong>Comience:<\/strong> Para comenzar a utilizar la pasarela de pago Stripe para LatePoint, siga estos pasos:<\/p>\n<ol>\n<li><strong><a href=\"https:\/\/stripe.com\/\" target=\"_new\" rel=\"noopener\">Reg\u00edstrese para obtener una cuenta de Stripe<\/a><\/strong>: comience creando una Cuenta de Stripe para acceder a sus potentes servicios de pasarela de pago.<\/li>\n<li><strong>Configuraci\u00f3n:<\/strong> configure el complemento para integrar perfectamente Stripe en su sistema de reservas LatePoint.<\/li>\n<\/ol>\n<p>No pierdas la oportunidad de mejorar tu sistema de reserva de citas. Lleva tus reservas al siguiente nivel con la pasarela de pago Stripe para LatePoint. Simplifique el proceso de pago, inspire la confianza del cliente y aumente el \u00e9xito de su plataforma de citas. Comience ahora y descubra los beneficios de las reservas en l\u00ednea sin complicaciones.<\/p>\n<p>\u00bfListo para mejorar su sistema de reservas? Descarga la pasarela de pagos Stripe para LatePoint y comienza a aceptar pagos con confianza.<\/p>\n<div class=\"cl-preview-section\">\n<h4 id=\"disclaimer\">Descargo de responsabilidad<\/h4>\n<\/div>\n<div class=\"cl-preview-section\">\n<p>Todas las transacciones se procesan de forma segura en la plataforma Stripe, lo que garantiza los m\u00e1s altos niveles de seguridad y cumplimiento.<\/p>\n<\/div>\n","protected":false},"excerpt":{"rendered":"<p>Integrate\u00a0 Stripe Gateway for LatePoint<\/p>\n","protected":false},"featured_media":2141,"comment_status":"open","ping_status":"closed","template":"","meta":{"_acf_changed":false},"product_cat":[128],"product_tag":[139],"class_list":{"0":"post-2140","1":"product","2":"type-product","3":"status-publish","4":"has-post-thumbnail","6":"product_cat-latepoint","7":"product_tag-stripe","9":"first","10":"instock","11":"shipping-taxable","12":"purchasable","13":"product-type-simple"},"acf":[],"_links":{"self":[{"href":"https:\/\/wpayo.com\/es\/wp-json\/wp\/v2\/product\/2140","targetHints":{"allow":["GET"]}}],"collection":[{"href":"https:\/\/wpayo.com\/es\/wp-json\/wp\/v2\/product"}],"about":[{"href":"https:\/\/wpayo.com\/es\/wp-json\/wp\/v2\/types\/product"}],"replies":[{"embeddable":true,"href":"https:\/\/wpayo.com\/es\/wp-json\/wp\/v2\/comments?post=2140"}],"wp:featuredmedia":[{"embeddable":true,"href":"https:\/\/wpayo.com\/es\/wp-json\/wp\/v2\/media\/2141"}],"wp:attachment":[{"href":"https:\/\/wpayo.com\/es\/wp-json\/wp\/v2\/media?parent=2140"}],"wp:term":[{"taxonomy":"product_cat","embeddable":true,"href":"https:\/\/wpayo.com\/es\/wp-json\/wp\/v2\/product_cat?post=2140"},{"taxonomy":"product_tag","embeddable":true,"href":"https:\/\/wpayo.com\/es\/wp-json\/wp\/v2\/product_tag?post=2140"}],"curies":[{"name":"wp","href":"https:\/\/api.w.org\/{rel}","templated":true}]}}