{"id":2142,"date":"2024-01-17T13:18:30","date_gmt":"2024-01-17T13:18:30","guid":{"rendered":"https:\/\/wpayo.com\/es\/?post_type=product&#038;p=2142"},"modified":"2024-01-17T13:18:31","modified_gmt":"2024-01-17T13:18:31","slug":"stripe-payment-gateway-awpcp","status":"publish","type":"product","link":"https:\/\/wpayo.com\/es\/paga-gateway\/stripe-payment-gateway-awpcp\/","title":{"rendered":"Stripe payment gateway &#8211; AWPCP"},"content":{"rendered":"<div class=\"flex flex-grow flex-col max-w-full gap-3 gizmo:gap-0\">\n<div class=\"min-h-[20px] mensaje de texto flex flex-col elementos-inicio espacio-3 espacios en blanco-pre-wrap palabras de ruptura [.text-message+&amp;]:mt-5 overflow-x- autom\u00e1tico\" data-message-author-role=\"asistente\" data-message-id=\"d7f8b2d6-fb23-41aa-9dff-3dc98b4f97a4\">\n<div class=\"prosa rebajada con palabras de ruptura completas oscuras: prosa-invertida oscura\">\n<p><strong>Mejora tu experiencia AWPCP con la pasarela de pago Stripe<\/strong><\/p>\n<p>\u00bfEst\u00e1s listo para mejorar tu experiencia en el mercado en l\u00ednea? No busque m\u00e1s, Stripe Payment Gateway para AWPCP. Esta integraci\u00f3n integra perfectamente Stripe, una soluci\u00f3n de pago en l\u00ednea l\u00edder, en su plataforma AWPCP, lo que hace que las transacciones sean m\u00e1s fluidas y seguras tanto para vendedores como para compradores.<\/p>\n<p><strong>Por qu\u00e9 elegir la pasarela de pago Stripe para AWPCP:<\/strong><\/p>\n<ul>\n<li><strong>Transacciones sin esfuerzo:<\/strong> simplifique el proceso de compra y venta, proporcionando una experiencia fluida y f\u00e1cil de usar para sus usuarios.<\/li>\n<li><strong>La mejor seguridad de su clase:<\/strong> Conf\u00ede en las s\u00f3lidas medidas de seguridad de Stripe para garantizar que cada transacci\u00f3n sea segura y proteger la informaci\u00f3n confidencial del usuario.<\/li>\n<li><strong>Versatilidad de pago:<\/strong> acepte una amplia gama de m\u00e9todos de pago, desde las principales tarjetas de cr\u00e9dito\/d\u00e9bito hasta opciones adicionales, para atender a una base de usuarios diversa.<\/li>\n<li><strong>Mercado global:<\/strong> ampl\u00ede su alcance a nivel mundial aceptando pagos en m\u00faltiples monedas, lo que facilita las transacciones internacionales.<\/li>\n<li><strong>Informaci\u00f3n detallada sobre transacciones:<\/strong> mant\u00e9ngase organizado con herramientas de informes detallados, que le permitir\u00e1n monitorear y optimizar eficazmente sus transacciones AWPCP.<\/li>\n<\/ul>\n<p><strong>Acerca de Stripe:<\/strong> Stripe es una popular pasarela de pagos en l\u00ednea conocida por su confiabilidad y facilidad de uso. La plataforma est\u00e1 dise\u00f1ada para brindar una experiencia de pago segura y fluida tanto para empresas como para usuarios.<\/p>\n<p><strong>Comience:<\/strong> Para comenzar a utilizar la pasarela de pago Stripe para AWPCP, siga estos pasos:<\/p>\n<ol>\n<li><strong><a href=\"https:\/\/stripe.com\/\" target=\"_new\" rel=\"noopener\">Crear una cuenta de Stripe<\/a>:<\/strong> Comience configurando una cuenta de Stripe cuenta para acceder a sus potentes servicios de pasarela de pago.<\/li>\n<li><strong>Configuraci\u00f3n:<\/strong> configure el complemento para integrar perfectamente Stripe en su plataforma AWPCP.<\/li>\n<\/ol>\n<p>No pierdas la oportunidad de mejorar tu mercado online. Mejore su experiencia AWPCP con la pasarela de pago Stripe. Simplifique las transacciones, inspire la confianza de los usuarios y lleve su plataforma de anuncios clasificados a nuevas alturas. Comience ahora y disfrute de los beneficios de realizar transacciones en l\u00ednea sin complicaciones.<\/p>\n<p><strong>\u00bfListo para mejorar su experiencia AWPCP? Descarga la pasarela de pago Stripe y empieza a aceptar pagos con confianza.<\/strong><\/p>\n<\/div>\n<\/div>\n<\/div>\n","protected":false},"excerpt":{"rendered":"<p>Integrate\u00a0 Stripe Gateway for AWPCP<\/p>\n","protected":false},"featured_media":2143,"comment_status":"open","ping_status":"closed","template":"","meta":{"_acf_changed":false},"product_cat":[237],"product_tag":[139],"class_list":{"0":"post-2142","1":"product","2":"type-product","3":"status-publish","4":"has-post-thumbnail","6":"product_cat-awpcp","7":"product_tag-stripe","9":"first","10":"instock","11":"shipping-taxable","12":"purchasable","13":"product-type-simple"},"acf":[],"_links":{"self":[{"href":"https:\/\/wpayo.com\/es\/wp-json\/wp\/v2\/product\/2142","targetHints":{"allow":["GET"]}}],"collection":[{"href":"https:\/\/wpayo.com\/es\/wp-json\/wp\/v2\/product"}],"about":[{"href":"https:\/\/wpayo.com\/es\/wp-json\/wp\/v2\/types\/product"}],"replies":[{"embeddable":true,"href":"https:\/\/wpayo.com\/es\/wp-json\/wp\/v2\/comments?post=2142"}],"wp:featuredmedia":[{"embeddable":true,"href":"https:\/\/wpayo.com\/es\/wp-json\/wp\/v2\/media\/2143"}],"wp:attachment":[{"href":"https:\/\/wpayo.com\/es\/wp-json\/wp\/v2\/media?parent=2142"}],"wp:term":[{"taxonomy":"product_cat","embeddable":true,"href":"https:\/\/wpayo.com\/es\/wp-json\/wp\/v2\/product_cat?post=2142"},{"taxonomy":"product_tag","embeddable":true,"href":"https:\/\/wpayo.com\/es\/wp-json\/wp\/v2\/product_tag?post=2142"}],"curies":[{"name":"wp","href":"https:\/\/api.w.org\/{rel}","templated":true}]}}