{"id":2144,"date":"2024-01-17T13:18:29","date_gmt":"2024-01-17T13:18:29","guid":{"rendered":"https:\/\/wpayo.com\/es\/?post_type=product&#038;p=2144"},"modified":"2024-01-17T13:18:30","modified_gmt":"2024-01-17T13:18:30","slug":"stripe-payment-gateway-bookly-pro","status":"publish","type":"product","link":"https:\/\/wpayo.com\/es\/paga-gateway\/stripe-payment-gateway-bookly-pro\/","title":{"rendered":"Stripe payment gateway &#8211; Bookly Pro"},"content":{"rendered":"<p>Mejore su sistema de reservas con la pasarela de pago <strong>Stripe para Bookly Pro<\/strong>. Esta extensi\u00f3n esencial integra perfectamente Stripe, una pasarela de pago confiable y vers\u00e1til, en su sistema de reservas, lo que facilita la obtenci\u00f3n de citas y pagos para sus clientes.<\/p>\n<p>Stripe es una pasarela de pago r\u00e1pida, segura y confiable que permite a los clientes realizar pagos con sus tarjetas de cr\u00e9dito desde cualquier lugar. Es la pasarela de pago m\u00e1s popular para tiendas online, sitios de comercio electr\u00f3nico y sistemas de reservas como Bookly Pro. Con Stripe, puedes aceptar pagos de m\u00e1s de 120 pa\u00edses en m\u00e1s de 25 monedas diferentes.<\/p>\n<p><strong>Por qu\u00e9 elegir la pasarela de pago Stripe para Bookly Pro:<\/strong><\/p>\n<ul>\n<li><strong>Reserva sin esfuerzo:<\/strong> simplifique el proceso de reserva y pago, garantizando una experiencia fluida y f\u00e1cil de usar para sus clientes.<\/li>\n<li><strong>Seguridad avanzada:<\/strong> conf\u00ede en las funciones de seguridad l\u00edderes en la industria de Stripe para proteger todas las transacciones de pago, garantizando que los datos confidenciales de los clientes permanezcan privados.<\/li>\n<li><strong>Versatilidad de pagos:<\/strong> acepte una variedad de m\u00e9todos de pago, desde tarjetas de cr\u00e9dito\/d\u00e9bito hasta billeteras m\u00f3viles, para satisfacer una base de clientes diversa.<\/li>\n<li><strong>Reservas globales:<\/strong> ampl\u00ede su alcance internacional aceptando pagos en m\u00faltiples monedas, lo que facilita la tarea a los clientes de todo el mundo.<\/li>\n<li><strong>Informes completos:<\/strong> mant\u00e9ngase organizado y tome decisiones informadas con funciones de informes detallados que le ayudar\u00e1n a realizar un seguimiento de los ingresos por citas.<\/li>\n<\/ul>\n<p><strong>Conozca a Stripe:<\/strong> Stripe es un respetado proveedor de pasarelas de pago conocido por su confiabilidad y adaptabilidad. Su plataforma est\u00e1 dise\u00f1ada para brindar una experiencia de pago segura y fluida tanto para empresas como para clientes.<\/p>\n<p><strong>Comience:<\/strong> Para comenzar a utilizar la pasarela de pago Stripe para Bookly Pro, siga estos pasos:<\/p>\n<ol>\n<li><strong><a href=\"https:\/\/stripe.com\/\" target=\"_new\" rel=\"noopener\">Reg\u00edstrese para obtener una cuenta de Stripe<\/a><\/strong>: comience creando una Cuenta de Stripe para acceder a sus potentes servicios de pasarela de pago.<\/li>\n<li><strong>Configuraci\u00f3n:<\/strong> configura el complemento para integrar perfectamente Stripe en tu sistema de reservas Bookly Pro.<\/li>\n<\/ol>\n<p>No pierdas la oportunidad de mejorar tu sistema de reservas. Lleve sus reservas de citas al siguiente nivel con la pasarela de pago Stripe para Bookly Pro. Simplifique el proceso de pago, inspire la confianza del cliente y aumente el \u00e9xito de su plataforma de reservas. Comience ahora y descubra los beneficios de reservar en l\u00ednea sin problemas.<\/p>\n<p>\u00bfListo para mejorar su sistema de reservas? Descargue Stripe Payment Gateway para Bookly Pro y comience a aceptar pagos con confianza.<\/p>\n<div class=\"cl-preview-section\">\n<h4 id=\"disclaimer\">Descargo de responsabilidad<\/h4>\n<\/div>\n<div class=\"cl-preview-section\">Todas las transacciones se procesan de forma segura en la plataforma Stripe, lo que garantiza los m\u00e1s altos niveles de seguridad y cumplimiento.<\/div>\n","protected":false},"excerpt":{"rendered":"<p>Integrate\u00a0 Stripe Gateway for Bookly Pro<\/p>\n","protected":false},"featured_media":2145,"comment_status":"open","ping_status":"closed","template":"","meta":{"_acf_changed":false},"product_cat":[127,72],"product_tag":[139],"class_list":{"0":"post-2144","1":"product","2":"type-product","3":"status-publish","4":"has-post-thumbnail","6":"product_cat-bookly-pro","7":"product_cat-bookly","8":"product_tag-stripe","10":"first","11":"instock","12":"shipping-taxable","13":"purchasable","14":"product-type-simple"},"acf":[],"_links":{"self":[{"href":"https:\/\/wpayo.com\/es\/wp-json\/wp\/v2\/product\/2144","targetHints":{"allow":["GET"]}}],"collection":[{"href":"https:\/\/wpayo.com\/es\/wp-json\/wp\/v2\/product"}],"about":[{"href":"https:\/\/wpayo.com\/es\/wp-json\/wp\/v2\/types\/product"}],"replies":[{"embeddable":true,"href":"https:\/\/wpayo.com\/es\/wp-json\/wp\/v2\/comments?post=2144"}],"wp:featuredmedia":[{"embeddable":true,"href":"https:\/\/wpayo.com\/es\/wp-json\/wp\/v2\/media\/2145"}],"wp:attachment":[{"href":"https:\/\/wpayo.com\/es\/wp-json\/wp\/v2\/media?parent=2144"}],"wp:term":[{"taxonomy":"product_cat","embeddable":true,"href":"https:\/\/wpayo.com\/es\/wp-json\/wp\/v2\/product_cat?post=2144"},{"taxonomy":"product_tag","embeddable":true,"href":"https:\/\/wpayo.com\/es\/wp-json\/wp\/v2\/product_tag?post=2144"}],"curies":[{"name":"wp","href":"https:\/\/api.w.org\/{rel}","templated":true}]}}