{"id":2147,"date":"2024-01-17T13:18:28","date_gmt":"2024-01-17T13:18:28","guid":{"rendered":"https:\/\/wpayo.com\/es\/?post_type=product&#038;p=2147"},"modified":"2024-01-17T13:18:29","modified_gmt":"2024-01-17T13:18:29","slug":"stripe-payment-gateway-wpforms","status":"publish","type":"product","link":"https:\/\/wpayo.com\/es\/paga-gateway\/stripe-payment-gateway-wpforms\/","title":{"rendered":"Stripe payment gateway &#8211; WPForms"},"content":{"rendered":"<div class=\"flex flex-grow flex-col max-w-full gap-3 gizmo:gap-0\">\n<div class=\"min-h-[20px] mensaje de texto flex flex-col elementos-inicio espacio-3 espacios en blanco-pre-wrap palabras de ruptura [.text-message+&amp;]:mt-5 overflow-x- autom\u00e1tico\" data-message-author-role=\"asistente\" data-message-id=\"368236f3-0b8e-43c3-9c10-8ff84bd24b2a\">\n<div class=\"prosa rebajada con palabras de ruptura completas oscuras: prosa-invertida oscura\">\n<p>\u00bfEst\u00e1 buscando una manera de integrar el procesamiento de pagos de Stripe en sus formularios? Stripe Payment Gateway para WPForms es un complemento f\u00e1cil de usar que simplifica la aceptaci\u00f3n de pagos en su sitio de WordPress. Con este complemento, los usuarios pueden procesar sus pagos de forma r\u00e1pida y segura a trav\u00e9s de la popular y segura pasarela de pagos Stripe.<\/p>\n<p>Aumente sus capacidades de procesamiento de formularios con la pasarela de pago Stripe para WPForms. Esta extensi\u00f3n imprescindible integra perfectamente Stripe, una pasarela de pago confiable y vers\u00e1til, en sus formularios, lo que facilita la realizaci\u00f3n de pagos seguros al enviar informaci\u00f3n, solicitudes o consultas.<\/p>\n<p><strong>\u00bfQu\u00e9 es Stripe?<\/strong> Stripe es un procesador de pagos en l\u00ednea global que permite a las empresas aceptar pagos en m\u00e1s de 130 monedas de clientes de todo el mundo. Stripe facilita que las empresas comiencen a aceptar pagos, as\u00ed como a configurar suscripciones y facturaci\u00f3n recurrente. Tambi\u00e9n ofrece una potente protecci\u00f3n contra el fraude y amplias medidas de seguridad de datos para garantizar que la informaci\u00f3n del cliente est\u00e9 siempre segura.<\/p>\n<p><strong>Por qu\u00e9 elegir la pasarela de pago Stripe para WPForms:<\/strong><\/p>\n<ul>\n<li><strong>Transacciones fluidas:<\/strong> simplifique el proceso de pago en sus formularios, garantizando una experiencia sin complicaciones para sus usuarios.<\/li>\n<li><strong>Seguridad avanzada:<\/strong> Conf\u00ede en las funciones de seguridad l\u00edderes en la industria de Stripe para proteger todas las transacciones de pago, manteniendo la privacidad de los datos confidenciales del usuario.<\/li>\n<li><strong>Versatilidad de pago:<\/strong> acepte una variedad de m\u00e9todos de pago, desde tarjetas de cr\u00e9dito\/d\u00e9bito hasta billeteras m\u00f3viles, para atender a una base de usuarios diversa.<\/li>\n<li><strong>Pagos globales:<\/strong> ampl\u00ede su alcance internacional aceptando pagos en varias monedas, lo que facilita la tarea a los usuarios de todo el mundo.<\/li>\n<li><strong>An\u00e1lisis completos:<\/strong> mant\u00e9ngase organizado y tome decisiones informadas con funciones de informes detallados que le ayudar\u00e1n a realizar un seguimiento de sus ingresos.<\/li>\n<\/ul>\n<p><strong>Conozca a Stripe:<\/strong> Stripe es un respetado proveedor de pasarelas de pago, conocido por su confiabilidad y adaptabilidad. Su plataforma est\u00e1 dise\u00f1ada para brindar una experiencia de pago segura y fluida tanto para empresas como para usuarios.<\/p>\n<p><strong>Primeros pasos:<\/strong> Para comenzar a utilizar la pasarela de pago Stripe para WPForms, siga estos pasos:<\/p>\n<ol>\n<li><strong><a href=\"https:\/\/stripe.com\/\" target=\"_new\" rel=\"noopener\">Reg\u00edstrese para obtener una cuenta de Stripe<\/a><\/strong>: comience creando una Cuenta de Stripe para acceder a sus potentes servicios de pasarela de pago.<\/li>\n<li><strong>Configuraci\u00f3n:<\/strong> Configure el complemento para integrar perfectamente Stripe en su sistema WPForms.<\/li>\n<\/ol>\n<p>No pierdas la oportunidad de mejorar tus formularios. Lleve su proceso de pago al siguiente nivel con la pasarela de pago Stripe para WPForms. Simplifique los pagos, inspire la confianza de los usuarios y aumente el \u00e9xito de sus formularios. Comience ahora y disfrute de los beneficios de los pagos en l\u00ednea sin complicaciones.<\/p>\n<p>\u00bfListo para mejorar tus formularios? Descargue la pasarela de pago Stripe para WPForms y comience a aceptar pagos con confianza.<\/p>\n<p><strong>Descargo de responsabilidad:<\/strong> Todas las transacciones se procesan de forma segura en la plataforma Stripe, lo que garantiza los m\u00e1s altos niveles de seguridad y cumplimiento.<\/p>\n<\/div>\n<\/div>\n<\/div>\n","protected":false},"excerpt":{"rendered":"<p>Integrate\u00a0 Stripe Gateway for WPForms<\/p>\n","protected":false},"featured_media":2148,"comment_status":"open","ping_status":"closed","template":"","meta":{"_acf_changed":false},"product_cat":[49],"product_tag":[139],"class_list":{"0":"post-2147","1":"product","2":"type-product","3":"status-publish","4":"has-post-thumbnail","6":"product_cat-wpforms","7":"product_tag-stripe","9":"first","10":"instock","11":"shipping-taxable","12":"purchasable","13":"product-type-simple"},"acf":[],"_links":{"self":[{"href":"https:\/\/wpayo.com\/es\/wp-json\/wp\/v2\/product\/2147","targetHints":{"allow":["GET"]}}],"collection":[{"href":"https:\/\/wpayo.com\/es\/wp-json\/wp\/v2\/product"}],"about":[{"href":"https:\/\/wpayo.com\/es\/wp-json\/wp\/v2\/types\/product"}],"replies":[{"embeddable":true,"href":"https:\/\/wpayo.com\/es\/wp-json\/wp\/v2\/comments?post=2147"}],"wp:featuredmedia":[{"embeddable":true,"href":"https:\/\/wpayo.com\/es\/wp-json\/wp\/v2\/media\/2148"}],"wp:attachment":[{"href":"https:\/\/wpayo.com\/es\/wp-json\/wp\/v2\/media?parent=2147"}],"wp:term":[{"taxonomy":"product_cat","embeddable":true,"href":"https:\/\/wpayo.com\/es\/wp-json\/wp\/v2\/product_cat?post=2147"},{"taxonomy":"product_tag","embeddable":true,"href":"https:\/\/wpayo.com\/es\/wp-json\/wp\/v2\/product_tag?post=2147"}],"curies":[{"name":"wp","href":"https:\/\/api.w.org\/{rel}","templated":true}]}}