{"id":2152,"date":"2024-01-17T13:18:25","date_gmt":"2024-01-17T13:18:25","guid":{"rendered":"https:\/\/wpayo.com\/es\/?post_type=product&#038;p=2152"},"modified":"2024-01-17T13:18:26","modified_gmt":"2024-01-17T13:18:26","slug":"stripe-payment-gateway-learnpress","status":"publish","type":"product","link":"https:\/\/wpayo.com\/es\/paga-gateway\/stripe-payment-gateway-learnpress\/","title":{"rendered":"Stripe payment gateway &#8211; LearnPress"},"content":{"rendered":"<div class=\"flex flex-grow flex-col max-w-full gap-3 gizmo:gap-0\">\n<div class=\"min-h-[20px] mensaje de texto flex flex-col elementos-inicio espacio-3 espacios en blanco-pre-wrap palabras de ruptura [.text-message+&amp;]:mt-5 overflow-x- autom\u00e1tico\" data-message-author-role=\"asistente\" data-message-id=\"74975f98-c4e4-48eb-961f-888a6ffbdb3b\">\n<div class=\"prosa rebajada con palabras de ruptura completas oscuras: prosa-invertida oscura\">\n<p>\u00bfEst\u00e1 buscando una integraci\u00f3n de pasarela de pago segura y confiable para su sitio LearnPress? Si es as\u00ed, deber\u00edas considerar agregar Stripe a tus opciones de pago. Stripe es un procesador de pagos l\u00edder que facilita a las empresas aceptar pagos con tarjeta de cr\u00e9dito en l\u00ednea. Con la pasarela de pago Stripe para LearnPress, puede aceptar de forma segura pagos con tarjeta de cr\u00e9dito de clientes de todo el mundo, acelerar el proceso de pago y brindar una mejor experiencia de usuario.<\/p>\n<p>Mejore su plataforma de aprendizaje en l\u00ednea con la pasarela de pago Stripe para LearnPress. Esta extensi\u00f3n esencial integra perfectamente Stripe, una pasarela de pago confiable y vers\u00e1til, en el proceso de registro y pago de su curso, lo que facilita a sus usuarios registrarse en cursos y realizar pagos seguros.<\/p>\n<p><strong>\u00bfQu\u00e9 es Stripe?<\/strong><\/p>\n<p>Stripe es una plataforma de procesamiento de pagos que permite a las empresas aceptar pagos en l\u00ednea. Tiene una interfaz simple pero poderosa que admite m\u00faltiples monedas y ofrece funciones avanzadas de protecci\u00f3n contra fraude. Stripe tambi\u00e9n ofrece integraciones con otras plataformas como Shopify, WooCommerce, QuickBooks y m\u00e1s. Con Stripe, las empresas pueden aceptar f\u00e1cilmente pagos de clientes de todo el mundo, lo que la convierte en una excelente opci\u00f3n para las empresas en l\u00ednea.<\/p>\n<p><strong>Por qu\u00e9 elegir la pasarela de pago Stripe para LearnPress:<\/strong><\/p>\n<ul>\n<li><strong>Registro de cursos sin esfuerzo:<\/strong> simplifique el proceso de registro y pago del curso, garantizando una experiencia fluida y f\u00e1cil de usar para sus usuarios.<\/li>\n<li><strong>Seguridad avanzada:<\/strong> Conf\u00ede en las funciones de seguridad l\u00edderes en la industria de Stripe para proteger todas las transacciones de pago, manteniendo la privacidad de los datos confidenciales del usuario.<\/li>\n<li><strong>Versatilidad de pago:<\/strong> acepte una variedad de m\u00e9todos de pago, desde tarjetas de cr\u00e9dito\/d\u00e9bito hasta billeteras m\u00f3viles, para atender a una base de usuarios diversa.<\/li>\n<li><strong>Educaci\u00f3n global:<\/strong> ampl\u00ede su alcance internacional aceptando pagos en varias monedas, lo que facilita la tarea a los usuarios de todo el mundo.<\/li>\n<li><strong>An\u00e1lisis completos:<\/strong> mant\u00e9ngase organizado y tome decisiones informadas con funciones de informes detallados que le ayudar\u00e1n a realizar un seguimiento de la inscripci\u00f3n a cursos y de sus ingresos.<\/li>\n<\/ul>\n<p><strong>Conozca a Stripe:<\/strong> Stripe es un respetado proveedor de pasarelas de pago, conocido por su confiabilidad y adaptabilidad. Su plataforma est\u00e1 dise\u00f1ada para proporcionar una experiencia de pago segura y fluida tanto para las instituciones educativas como para los usuarios.<\/p>\n<p><strong>Primeros pasos:<\/strong> Para comenzar a utilizar la pasarela de pago Stripe para LearnPress, siga estos pasos:<\/p>\n<ol>\n<li><strong><a href=\"https:\/\/stripe.com\/\" target=\"_new\" rel=\"noopener\">Reg\u00edstrese para obtener una cuenta de Stripe<\/a><\/strong>: comience creando una Cuenta de Stripe para acceder a sus potentes servicios de pasarela de pago.<\/li>\n<li><strong>Configuraci\u00f3n:<\/strong> configure el complemento para integrar perfectamente Stripe en su sistema LearnPress.<\/li>\n<\/ol>\n<p>No pierdas la oportunidad de mejorar tus cursos online. Lleve su plataforma de aprendizaje en l\u00ednea al siguiente nivel con la pasarela de pago Stripe para LearnPress. Simplifique el proceso de pago, inspire la confianza de los usuarios y aumente el \u00e9xito de su plataforma educativa. Comience ahora y disfrute de los beneficios del aprendizaje en l\u00ednea sin complicaciones.<\/p>\n<p>\u00bfListo para mejorar su plataforma de aprendizaje en l\u00ednea? Descargue la pasarela de pago Stripe para LearnPress y comience a aceptar pagos con confianza.<\/p>\n<p><strong>Descargo de responsabilidad:<\/strong> Todas las transacciones se procesan de forma segura en la plataforma Stripe, lo que garantiza los m\u00e1s altos niveles de seguridad y cumplimiento.<\/p>\n<\/div>\n<\/div>\n<\/div>\n","protected":false},"excerpt":{"rendered":"<p>Integrate\u00a0 Stripe Gateway for LearnPress<\/p>\n","protected":false},"featured_media":2153,"comment_status":"open","ping_status":"closed","template":"","meta":{"_acf_changed":false},"product_cat":[94],"product_tag":[139],"class_list":{"0":"post-2152","1":"product","2":"type-product","3":"status-publish","4":"has-post-thumbnail","6":"product_cat-learnpress","7":"product_tag-stripe","9":"first","10":"instock","11":"shipping-taxable","12":"purchasable","13":"product-type-simple"},"acf":[],"_links":{"self":[{"href":"https:\/\/wpayo.com\/es\/wp-json\/wp\/v2\/product\/2152","targetHints":{"allow":["GET"]}}],"collection":[{"href":"https:\/\/wpayo.com\/es\/wp-json\/wp\/v2\/product"}],"about":[{"href":"https:\/\/wpayo.com\/es\/wp-json\/wp\/v2\/types\/product"}],"replies":[{"embeddable":true,"href":"https:\/\/wpayo.com\/es\/wp-json\/wp\/v2\/comments?post=2152"}],"wp:featuredmedia":[{"embeddable":true,"href":"https:\/\/wpayo.com\/es\/wp-json\/wp\/v2\/media\/2153"}],"wp:attachment":[{"href":"https:\/\/wpayo.com\/es\/wp-json\/wp\/v2\/media?parent=2152"}],"wp:term":[{"taxonomy":"product_cat","embeddable":true,"href":"https:\/\/wpayo.com\/es\/wp-json\/wp\/v2\/product_cat?post=2152"},{"taxonomy":"product_tag","embeddable":true,"href":"https:\/\/wpayo.com\/es\/wp-json\/wp\/v2\/product_tag?post=2152"}],"curies":[{"name":"wp","href":"https:\/\/api.w.org\/{rel}","templated":true}]}}