{"id":2155,"date":"2024-01-17T13:18:26","date_gmt":"2024-01-17T13:18:26","guid":{"rendered":"https:\/\/wpayo.com\/es\/?post_type=product&#038;p=2155"},"modified":"2024-01-17T13:18:27","modified_gmt":"2024-01-17T13:18:27","slug":"stripe-payment-gateway-events-manager","status":"publish","type":"product","link":"https:\/\/wpayo.com\/es\/paga-gateway\/stripe-payment-gateway-events-manager\/","title":{"rendered":"Stripe payment gateway &#8211; Events Manager"},"content":{"rendered":"<p>Mejore la gesti\u00f3n de su evento con la pasarela de pago Stripe para Events Manager. Esta extensi\u00f3n esencial integra a la perfecci\u00f3n Stripe, una pasarela de pago confiable y vers\u00e1til, en el proceso de registro y pago de su evento, lo que facilita a sus usuarios asistir a eventos y realizar pagos seguros.<\/p>\n<p>Stripe Payment Gateway para Events Manager es un complemento del sistema f\u00e1cil de usar para WordPress que le permite aceptar pagos a trav\u00e9s de la popular pasarela de pagos Stripe. Se integra perfectamente con Events Manager, lo que facilita a los clientes pagar sus inscripciones y entradas sin salir de su sitio web. Con este complemento, puede configurar r\u00e1pidamente un sistema de registro en l\u00ednea y aprovechar todas las funciones que ofrece Stripe.<\/p>\n<h3>\u00bfQu\u00e9 es Stripe?<\/h3>\n<p>Stripe es un servicio global de procesamiento de pagos en l\u00ednea que permite a las empresas aceptar pagos de sus clientes de forma r\u00e1pida y sencilla. Stripe ofrece una plataforma segura y confiable para aceptar pagos, con funciones como prevenci\u00f3n de fraude en tiempo real, facturaci\u00f3n recurrente, administraci\u00f3n de suscripciones y m\u00e1s. Tambi\u00e9n es f\u00e1cil de configurar y usar, lo que lo convierte en una excelente opci\u00f3n para las peque\u00f1as empresas que desean comenzar r\u00e1pidamente con los pagos en l\u00ednea.<\/p>\n<p><strong>Por qu\u00e9 elegir la pasarela de pago Stripe para Events Manager:<\/strong><\/p>\n<ul>\n<li><strong>Registro de eventos sin esfuerzo:<\/strong> simplifique el proceso de registro y pago de eventos, garantizando una experiencia fluida y f\u00e1cil de usar para sus usuarios.<\/li>\n<li><strong>Seguridad avanzada:<\/strong> Conf\u00ede en las funciones de seguridad l\u00edderes en la industria de Stripe para proteger todas las transacciones de pago, garantizando que los datos confidenciales del usuario permanezcan privados.<\/li>\n<li><strong>Versatilidad de pago:<\/strong> acepte una variedad de m\u00e9todos de pago, desde tarjetas de cr\u00e9dito\/d\u00e9bito hasta billeteras m\u00f3viles, para atender a una base de usuarios diversa.<\/li>\n<li><strong>Gesti\u00f3n global de eventos:<\/strong> ampl\u00ede su alcance internacional aceptando pagos en varias monedas, lo que facilita la tarea a los usuarios de todo el mundo.<\/li>\n<li><strong>Informes completos:<\/strong> mant\u00e9ngase organizado y tome decisiones informadas con funciones de informes detallados que le ayudar\u00e1n a realizar un seguimiento de sus registros y de los ingresos de sus eventos.<\/li>\n<\/ul>\n<p><strong>Conozca a Stripe:<\/strong> Stripe es un respetado proveedor de pasarelas de pago conocido por su confiabilidad y adaptabilidad. Su plataforma est\u00e1 dise\u00f1ada para brindar una experiencia de pago segura y fluida tanto para los organizadores de eventos como para los usuarios.<\/p>\n<p><strong>Comience:<\/strong> Para comenzar a utilizar la pasarela de pago Stripe para Events Manager, siga estos pasos:<\/p>\n<ol>\n<li><strong><a href=\"https:\/\/stripe.com\/\" target=\"_new\" rel=\"noopener\">Reg\u00edstrese para obtener una cuenta de Stripe<\/a><\/strong>: comience creando una Cuenta de Stripe para acceder a sus potentes servicios de pasarela de pago.<\/li>\n<li><strong>Configuraci\u00f3n:<\/strong> configure el complemento para integrar perfectamente Stripe en su sistema Events Manager.<\/li>\n<\/ol>\n<p>No pierdas la oportunidad de mejorar la gesti\u00f3n de tu evento. Lleve su proceso de registro de eventos al siguiente nivel con la pasarela de pago Stripe para Events Manager. Simplifique el proceso de pago, inspire la confianza de los usuarios y aumente el \u00e9xito de su plataforma de eventos. Comience ahora y descubra los beneficios de una gesti\u00f3n de eventos en l\u00ednea sin complicaciones.<\/p>\n<p>\u00bfListo para mejorar la gesti\u00f3n de su evento? Descargue Stripe Payment Gateway para Events Manager y comience a aceptar pagos con confianza.<\/p>\n<p>&nbsp;<\/p>\n<div class=\"cl-preview-section\">\n<h4 id=\"disclaimer\">Descargo de responsabilidad<\/h4>\n<\/div>\n<div class=\"cl-preview-section\">Todas las transacciones se procesan de forma segura en la plataforma Stripe, lo que garantiza los m\u00e1s altos niveles de seguridad y cumplimiento.<\/div>\n","protected":false},"excerpt":{"rendered":"<p>Integrate\u00a0 Stripe Gateway for Events Manager Pro<\/p>\n","protected":false},"featured_media":2156,"comment_status":"open","ping_status":"closed","template":"","meta":{"_acf_changed":false},"product_cat":[116],"product_tag":[139],"class_list":{"0":"post-2155","1":"product","2":"type-product","3":"status-publish","4":"has-post-thumbnail","6":"product_cat-events-manager-pro","7":"product_tag-stripe","9":"first","10":"instock","11":"shipping-taxable","12":"purchasable","13":"product-type-simple"},"acf":[],"_links":{"self":[{"href":"https:\/\/wpayo.com\/es\/wp-json\/wp\/v2\/product\/2155","targetHints":{"allow":["GET"]}}],"collection":[{"href":"https:\/\/wpayo.com\/es\/wp-json\/wp\/v2\/product"}],"about":[{"href":"https:\/\/wpayo.com\/es\/wp-json\/wp\/v2\/types\/product"}],"replies":[{"embeddable":true,"href":"https:\/\/wpayo.com\/es\/wp-json\/wp\/v2\/comments?post=2155"}],"wp:featuredmedia":[{"embeddable":true,"href":"https:\/\/wpayo.com\/es\/wp-json\/wp\/v2\/media\/2156"}],"wp:attachment":[{"href":"https:\/\/wpayo.com\/es\/wp-json\/wp\/v2\/media?parent=2155"}],"wp:term":[{"taxonomy":"product_cat","embeddable":true,"href":"https:\/\/wpayo.com\/es\/wp-json\/wp\/v2\/product_cat?post=2155"},{"taxonomy":"product_tag","embeddable":true,"href":"https:\/\/wpayo.com\/es\/wp-json\/wp\/v2\/product_tag?post=2155"}],"curies":[{"name":"wp","href":"https:\/\/api.w.org\/{rel}","templated":true}]}}