{"id":2160,"date":"2024-01-17T13:18:28","date_gmt":"2024-01-17T13:18:28","guid":{"rendered":"https:\/\/wpayo.com\/es\/?post_type=product&#038;p=2160"},"modified":"2024-01-17T13:18:28","modified_gmt":"2024-01-17T13:18:28","slug":"stripe-payment-gateway-ninja-forms","status":"publish","type":"product","link":"https:\/\/wpayo.com\/es\/paga-gateway\/stripe-payment-gateway-ninja-forms\/","title":{"rendered":"Stripe payment gateway &#8211; Ninja Forms"},"content":{"rendered":"<div class=\"flex flex-grow flex-col max-w-full gap-3 gizmo:gap-0\">\n<div class=\"min-h-[20px] mensaje de texto flex flex-col elementos-inicio espacio-3 espacios en blanco-pre-wrap palabras de ruptura [.text-message+&amp;]:mt-5 overflow-x- autom\u00e1tico\" data-message-author-role=\"asistente\" data-message-id=\"0e1b1fa0-c747-48c4-a67f-6b39f3992416\">\n<div class=\"prosa rebajada con palabras de ruptura completas oscuras: prosa-invertida oscura\">\n<p>\u00bfEst\u00e1 buscando una forma eficaz de agregar una pasarela de pago a su sitio web de Ninja Forms? Stripe es el servicio de procesamiento de pagos en l\u00ednea m\u00e1s popular y ofrece una excelente soluci\u00f3n para aceptar pagos en su sitio sin necesidad de software adicional. Con la pasarela de pago Stripe para Ninja Forms, puede aceptar pagos de clientes de forma f\u00e1cil y segura utilizando diversos medios, como tarjetas de cr\u00e9dito, tarjetas de d\u00e9bito y Apple Pay.<\/p>\n<p>&lt;h3&gt;\u00bfQu\u00e9 es Stripe?&lt;\/h3&gt; Stripe es un servicio de procesamiento de pagos en l\u00ednea que permite a las empresas aceptar pagos a trav\u00e9s de Internet. Es ampliamente utilizado por minoristas en l\u00ednea, servicios de suscripci\u00f3n e incluso peque\u00f1as empresas, cualquiera que necesite una forma segura y confiable de procesar los pagos de sus clientes. Stripe proporciona herramientas para que los comerciantes configuren r\u00e1pidamente sus tiendas y comiencen a aceptar pagos de los clientes, as\u00ed como herramientas para ayudarlos a administrar sus finanzas. Eleve sus capacidades de procesamiento de formularios con Stripe Payment Gateway para Ninja Forms. Esta extensi\u00f3n esencial integra perfectamente Stripe, una pasarela de pago confiable y vers\u00e1til, en sus formularios, lo que facilita a sus usuarios realizar pagos seguros mientras env\u00edan informaci\u00f3n, solicitudes o consultas.<\/p>\n<p><strong>Por qu\u00e9 elegir la pasarela de pago Stripe para Ninja Forms:<\/strong><\/p>\n<ul>\n<li><strong>Transacciones fluidas:<\/strong> simplifique el proceso de pago en sus formularios, garantizando una experiencia sin complicaciones para sus usuarios.<\/li>\n<li><strong>Seguridad avanzada:<\/strong> Conf\u00ede en las funciones de seguridad l\u00edderes en la industria de Stripe para proteger todas las transacciones de pago, manteniendo la privacidad de los datos confidenciales del usuario.<\/li>\n<li><strong>Versatilidad de pago:<\/strong> acepte una variedad de m\u00e9todos de pago, desde tarjetas de cr\u00e9dito\/d\u00e9bito hasta billeteras m\u00f3viles, para atender a una base de usuarios diversa.<\/li>\n<li><strong>Pagos internacionales:<\/strong> ampl\u00ede su alcance internacional aceptando pagos en varias monedas, lo que facilita la tarea a los usuarios de todo el mundo.<\/li>\n<li><strong>An\u00e1lisis completos:<\/strong> mant\u00e9ngase organizado y tome decisiones informadas con funciones de informes detallados que le ayudar\u00e1n a realizar un seguimiento de sus ingresos.<\/li>\n<\/ul>\n<p><strong>Conozca a Stripe:<\/strong> Stripe es un respetado proveedor de pasarelas de pago, conocido por su confiabilidad y adaptabilidad. Su plataforma est\u00e1 dise\u00f1ada para brindar una experiencia de pago segura y fluida tanto para empresas como para usuarios.<\/p>\n<p><strong>Primeros pasos:<\/strong> Para comenzar a utilizar la pasarela de pago Stripe para Ninja Forms, siga estos pasos:<\/p>\n<ol>\n<li><strong><a href=\"https:\/\/stripe.com\/\" target=\"_new\" rel=\"noopener\">Reg\u00edstrese para obtener una cuenta de Stripe<\/a><\/strong>: comience creando una Cuenta de Stripe para acceder a sus potentes servicios de pasarela de pago.<\/li>\n<li><strong>Configuraci\u00f3n:<\/strong> configure el complemento para integrar perfectamente Stripe en su sistema Ninja Forms.<\/li>\n<\/ol>\n<p>No pierdas la oportunidad de mejorar tus formularios. Lleve su proceso de pago al siguiente nivel con la pasarela de pago Stripe para Ninja Forms. Simplifique los pagos, inspire la confianza de los usuarios y aumente el \u00e9xito de sus formularios. Comience ahora y disfrute de los beneficios de una gesti\u00f3n de pagos en l\u00ednea sin complicaciones.<\/p>\n<p>\u00bfListo para mejorar tus formularios? Descargue Stripe Payment Gateway para Ninja Forms y comience a aceptar pagos con confianza.<\/p>\n<p>Todas las transacciones se procesan de forma segura en la plataforma Stripe, lo que garantiza los m\u00e1s altos niveles de seguridad y cumplimiento.<\/p>\n<\/div>\n<\/div>\n<\/div>\n","protected":false},"excerpt":{"rendered":"<p>Integrate\u00a0 Stripe Gateway for Ninja Forms<\/p>\n","protected":false},"featured_media":2161,"comment_status":"open","ping_status":"closed","template":"","meta":{"_acf_changed":false},"product_cat":[52],"product_tag":[139],"class_list":{"0":"post-2160","1":"product","2":"type-product","3":"status-publish","4":"has-post-thumbnail","6":"product_cat-ninja-forms","7":"product_tag-stripe","9":"first","10":"instock","11":"shipping-taxable","12":"purchasable","13":"product-type-simple"},"acf":[],"_links":{"self":[{"href":"https:\/\/wpayo.com\/es\/wp-json\/wp\/v2\/product\/2160","targetHints":{"allow":["GET"]}}],"collection":[{"href":"https:\/\/wpayo.com\/es\/wp-json\/wp\/v2\/product"}],"about":[{"href":"https:\/\/wpayo.com\/es\/wp-json\/wp\/v2\/types\/product"}],"replies":[{"embeddable":true,"href":"https:\/\/wpayo.com\/es\/wp-json\/wp\/v2\/comments?post=2160"}],"wp:featuredmedia":[{"embeddable":true,"href":"https:\/\/wpayo.com\/es\/wp-json\/wp\/v2\/media\/2161"}],"wp:attachment":[{"href":"https:\/\/wpayo.com\/es\/wp-json\/wp\/v2\/media?parent=2160"}],"wp:term":[{"taxonomy":"product_cat","embeddable":true,"href":"https:\/\/wpayo.com\/es\/wp-json\/wp\/v2\/product_cat?post=2160"},{"taxonomy":"product_tag","embeddable":true,"href":"https:\/\/wpayo.com\/es\/wp-json\/wp\/v2\/product_tag?post=2160"}],"curies":[{"name":"wp","href":"https:\/\/api.w.org\/{rel}","templated":true}]}}