{"id":2164,"date":"2024-01-17T13:18:39","date_gmt":"2024-01-17T13:18:39","guid":{"rendered":"https:\/\/wpayo.com\/es\/?post_type=product&#038;p=2164"},"modified":"2024-01-17T13:18:40","modified_gmt":"2024-01-17T13:18:40","slug":"stripe-payment-gateway-easy-digital-downloads","status":"publish","type":"product","link":"https:\/\/wpayo.com\/es\/paga-gateway\/stripe-payment-gateway-easy-digital-downloads\/","title":{"rendered":"Stripe payment gateway &#8211; Easy Digital Downloads"},"content":{"rendered":"<p>Aumente las ventas de sus productos digitales con la pasarela de pago Stripe para descargas digitales sencillas. Esta extensi\u00f3n esencial integra perfectamente Stripe, una pasarela de pago confiable y flexible, en su sistema de venta de productos digitales, garantizando una experiencia segura y f\u00e1cil de usar para sus clientes.<\/p>\n<p>Stripe Payment Gateway para Easy Digital Downloads es un complemento que le permite aceptar pagos de clientes a trav\u00e9s del popular procesador de pagos en l\u00ednea Stripe. Con este complemento, puede aceptar pagos mediante tarjeta de cr\u00e9dito, Apple Pay, Android Pay y mucho m\u00e1s. Es r\u00e1pido de configurar y f\u00e1cil de usar, lo que le deja m\u00e1s tiempo para concentrarse en su negocio.<\/p>\n<p>&lt;h3&gt;\u00bfQu\u00e9 es Stripe?&lt;\/h3&gt; Stripe es un servicio de pago en l\u00ednea que permite a los clientes pagar de forma segura bienes y servicios con su tarjeta de cr\u00e9dito. Stripe es utilizado por empresas de todo el mundo y cuenta con la confianza de algunas de las empresas m\u00e1s importantes como Amazon, Google y Microsoft. Con Stripe, los pagos se procesan de forma r\u00e1pida y segura, lo que te permite concentrarte en administrar tu negocio.<\/p>\n<p><strong>Por qu\u00e9 elegir la pasarela de pago Stripe para descargas digitales sencillas:<\/strong><\/p>\n<ul>\n<li><strong>Transacciones digitales sin esfuerzo:<\/strong> Simplifique el proceso de pago, garantizando una experiencia sin complicaciones para sus clientes al comprar sus productos digitales.<\/li>\n<li><strong>La mejor seguridad de su clase:<\/strong>Conf\u00ede en las funciones de seguridad l\u00edderes del sector de Stripe para proteger cada transacci\u00f3n y mantener la privacidad de los datos de los clientes.<\/li>\n<li><strong>Versatilidad de pago:<\/strong> acepte una variedad de m\u00e9todos de pago, desde tarjetas de cr\u00e9dito\/d\u00e9bito hasta billeteras electr\u00f3nicas, para atender a una base de clientes diversa.<\/li>\n<li><strong>Ventas digitales globales:<\/strong> ampl\u00ede su alcance globalmente aceptando pagos en m\u00faltiples monedas, lo que facilita las transacciones internacionales.<\/li>\n<li><strong>An\u00e1lisis integral:<\/strong> Mant\u00e9ngase organizado y tome decisiones informadas con herramientas de informes detalladas, que le permitir\u00e1n monitorear y optimizar sus ventas digitales.<\/li>\n<\/ul>\n<p><strong>Conozca a Stripe:<\/strong> Stripe es un respetado proveedor de pasarelas de pago, conocido por su confiabilidad y adaptabilidad. Su plataforma est\u00e1 dise\u00f1ada para brindar una experiencia de pago segura y fluida para empresas y clientes.<\/p>\n<p><strong>Primeros pasos:<\/strong> Para comenzar a utilizar la pasarela de pago Stripe para Easy Digital Downloads, siga estos pasos:<\/p>\n<ol>\n<li><strong><a href=\"https:\/\/stripe.com\/\" target=\"_new\" rel=\"noopener\">Crear una cuenta de Stripe<\/a><\/strong>: comience creando una cuenta de Stripe para acceder a sus potentes servicios de pasarela de pago.<\/li>\n<li><strong>Configuraci\u00f3n:<\/strong> configure el complemento para integrar perfectamente Stripe en su sistema Easy Digital Downloads.<\/li>\n<\/ol>\n<p>No pierdas la oportunidad de mejorar las ventas de tus productos digitales. Impulse la distribuci\u00f3n de sus productos en l\u00ednea con la pasarela de pago Stripe para descargas digitales sencillas. Simplifique el proceso de pago, inspire la confianza del cliente e impulse el \u00e9xito de sus ventas digitales. Empiece ahora y descubra los beneficios de la venta online sin complicaciones.<\/p>\n<p>\u00bfListo para elevar las ventas de sus productos digitales? Descargue la pasarela de pago Stripe para descargas digitales sencillas y comience a aceptar pagos con confianza.<\/p>\n","protected":false},"excerpt":{"rendered":"<p>Integrate\u00a0 Stripe Gateway for Easy Digital Downloads<\/p>\n","protected":false},"featured_media":2165,"comment_status":"open","ping_status":"closed","template":"","meta":{"_acf_changed":false},"product_cat":[48],"product_tag":[139],"class_list":{"0":"post-2164","1":"product","2":"type-product","3":"status-publish","4":"has-post-thumbnail","6":"product_cat-easy-digital-downloads","7":"product_tag-stripe","9":"first","10":"instock","11":"shipping-taxable","12":"purchasable","13":"product-type-simple"},"acf":[],"_links":{"self":[{"href":"https:\/\/wpayo.com\/es\/wp-json\/wp\/v2\/product\/2164","targetHints":{"allow":["GET"]}}],"collection":[{"href":"https:\/\/wpayo.com\/es\/wp-json\/wp\/v2\/product"}],"about":[{"href":"https:\/\/wpayo.com\/es\/wp-json\/wp\/v2\/types\/product"}],"replies":[{"embeddable":true,"href":"https:\/\/wpayo.com\/es\/wp-json\/wp\/v2\/comments?post=2164"}],"wp:featuredmedia":[{"embeddable":true,"href":"https:\/\/wpayo.com\/es\/wp-json\/wp\/v2\/media\/2165"}],"wp:attachment":[{"href":"https:\/\/wpayo.com\/es\/wp-json\/wp\/v2\/media?parent=2164"}],"wp:term":[{"taxonomy":"product_cat","embeddable":true,"href":"https:\/\/wpayo.com\/es\/wp-json\/wp\/v2\/product_cat?post=2164"},{"taxonomy":"product_tag","embeddable":true,"href":"https:\/\/wpayo.com\/es\/wp-json\/wp\/v2\/product_tag?post=2164"}],"curies":[{"name":"wp","href":"https:\/\/api.w.org\/{rel}","templated":true}]}}