{"id":2167,"date":"2024-01-17T13:18:40","date_gmt":"2024-01-17T13:18:40","guid":{"rendered":"https:\/\/wpayo.com\/es\/?post_type=product&#038;p=2167"},"modified":"2024-01-17T13:18:41","modified_gmt":"2024-01-17T13:18:41","slug":"stripe-payment-gateway-givewp","status":"publish","type":"product","link":"https:\/\/wpayo.com\/es\/paga-gateway\/stripe-payment-gateway-givewp\/","title":{"rendered":"Stripe payment gateway &#8211; GiveWP"},"content":{"rendered":"<p>Fortalezca sus esfuerzos de recaudaci\u00f3n de fondos con la <strong>Pasarela de pago Paytm para GiveWP<\/strong>. Esta extensi\u00f3n esencial integra a la perfecci\u00f3n Paytm, una pasarela de pago confiable y vers\u00e1til, en su proceso de donaci\u00f3n, lo que facilita que sus seguidores contribuyan de forma segura a su causa.<\/p>\n<p>Paytm Payment Gateway para GiveWP es la soluci\u00f3n perfecta para que organizaciones sin fines de lucro y organizaciones ben\u00e9ficas acepten pagos de donantes. Paytm es una pasarela de pago segura, confiable y f\u00e1cil de usar que ofrece procesamiento de pagos r\u00e1pido, tarifas de transacci\u00f3n bajas y registros de donaciones automatizados. Se integra perfectamente con GiveWP para brindar una experiencia de donaci\u00f3n perfecta a los donantes.<\/p>\n<p>Paytm tiene su sede en India y ofrece sus servicios en todo el pa\u00eds. Es una billetera digital y pasarela de pago que permite a los usuarios realizar pagos en l\u00ednea. Paytm funciona con los principales bancos y tarjetas de cr\u00e9dito, lo que permite a los usuarios pagar f\u00e1cilmente bienes y servicios con su m\u00e9todo de pago preferido.<\/p>\n<p>La pasarela de pago Paytm para GiveWP es f\u00e1cil de usar, segura y eficiente, lo que la convierte en una opci\u00f3n ideal para organizaciones sin fines de lucro y organizaciones ben\u00e9ficas que desean garantizar la satisfacci\u00f3n de los donantes. Con sus bajas tarifas de transacci\u00f3n y registros de donaciones automatizados, ofrece una excelente manera de aceptar donaciones de donantes. Pruebe la pasarela de pago Paytm para GiveWP para brindarle a su organizaci\u00f3n sin fines de lucro o organizaci\u00f3n ben\u00e9fica una manera f\u00e1cil y segura de aceptar donaciones y ayudar a hacer del mundo un lugar mejor.<\/p>\n<p><strong>Por qu\u00e9 elegir Paytm Payment Gateway para GiveWP:<\/strong><\/p>\n<ul>\n<li><strong>Donaciones sin esfuerzo:<\/strong> simplifique el proceso de donaci\u00f3n y garantice una experiencia fluida y f\u00e1cil de usar para sus seguidores.<\/li>\n<li><strong>Seguridad avanzada:<\/strong>Conf\u00ede en las funciones de seguridad l\u00edderes en la industria de Paytm para proteger todas las transacciones de donaci\u00f3n, garantizando la privacidad de los datos confidenciales de los donantes.<\/li>\n<li><strong>Versatilidad de pago:<\/strong> acepte una variedad de m\u00e9todos de pago, desde tarjetas de cr\u00e9dito\/d\u00e9bito hasta billeteras digitales, para atender a una base diversa de donantes.<\/li>\n<li><strong>Donaci\u00f3n global:<\/strong> ampl\u00ede su alcance internacional aceptando donaciones en varias monedas, lo que facilitar\u00e1 la tarea a los seguidores de todo el mundo.<\/li>\n<li><strong>Informes completos:<\/strong> mant\u00e9ngase organizado y tome decisiones informadas con herramientas de informes detallados que le ayudar\u00e1n a realizar un seguimiento de las donaciones y optimizar su recaudaci\u00f3n de fondos.<\/li>\n<\/ul>\n<p><strong>Conozca Paytm:<\/strong> Paytm es un respetado proveedor de pasarela de pago conocido por su confiabilidad y adaptabilidad. Su plataforma est\u00e1 dise\u00f1ada para brindar una experiencia de pago segura y fluida para organizaciones sin fines de lucro y donantes.<\/p>\n<p><strong>Comenzar:<\/strong> Para comenzar a utilizar la pasarela de pago Paytm para GiveWP, siga estos pasos:<\/p>\n<ol>\n<li><strong><a href=\"https:\/\/paytm.com\/\" target=\"_new\" rel=\"noopener\">Reg\u00edstrese para obtener una cuenta Paytm<\/a><\/strong>: comience creando una Cuenta Paytm para acceder a sus potentes servicios de pasarela de pago.<\/li>\n<li><strong>Configuraci\u00f3n:<\/strong> configure el complemento para integrar perfectamente Paytm en su sistema de donaci\u00f3n GiveWP.<\/li>\n<\/ol>\n<p>No pierda la oportunidad de mejorar sus esfuerzos de recaudaci\u00f3n de fondos. Lleve su proceso de donaci\u00f3n al siguiente nivel con Paytm Payment Gateway para GiveWP. Simplifique el proceso de pago, inspire confianza a los donantes e impulse el \u00e9xito de sus campa\u00f1as de recaudaci\u00f3n de fondos. Comience ahora y descubra los beneficios de la recaudaci\u00f3n de fondos en l\u00ednea sin complicaciones.<\/p>\n<p>\u00bfListo para mejorar su recaudaci\u00f3n de fondos? Descargue la pasarela de pago Paytm para GiveWP y comience a aceptar donaciones con confianza.<\/p>\n<div class=\"cl-preview-section\">\n<h4 id=\"disclaimer\">Descargo de responsabilidad<\/h4>\n<\/div>\n<div class=\"cl-preview-section\">Todas las transacciones se procesan de forma segura en la plataforma Paytm, lo que garantiza los m\u00e1s altos niveles de seguridad y cumplimiento.<\/div>\n","protected":false},"excerpt":{"rendered":"<p>Integrate\u00a0 Stripe Gateway for GiveWP<\/p>\n","protected":false},"featured_media":2168,"comment_status":"open","ping_status":"closed","template":"","meta":{"_acf_changed":false},"product_cat":[87],"product_tag":[139],"class_list":{"0":"post-2167","1":"product","2":"type-product","3":"status-publish","4":"has-post-thumbnail","6":"product_cat-wpgive","7":"product_tag-stripe","9":"first","10":"instock","11":"shipping-taxable","12":"purchasable","13":"product-type-simple"},"acf":[],"_links":{"self":[{"href":"https:\/\/wpayo.com\/es\/wp-json\/wp\/v2\/product\/2167","targetHints":{"allow":["GET"]}}],"collection":[{"href":"https:\/\/wpayo.com\/es\/wp-json\/wp\/v2\/product"}],"about":[{"href":"https:\/\/wpayo.com\/es\/wp-json\/wp\/v2\/types\/product"}],"replies":[{"embeddable":true,"href":"https:\/\/wpayo.com\/es\/wp-json\/wp\/v2\/comments?post=2167"}],"wp:featuredmedia":[{"embeddable":true,"href":"https:\/\/wpayo.com\/es\/wp-json\/wp\/v2\/media\/2168"}],"wp:attachment":[{"href":"https:\/\/wpayo.com\/es\/wp-json\/wp\/v2\/media?parent=2167"}],"wp:term":[{"taxonomy":"product_cat","embeddable":true,"href":"https:\/\/wpayo.com\/es\/wp-json\/wp\/v2\/product_cat?post=2167"},{"taxonomy":"product_tag","embeddable":true,"href":"https:\/\/wpayo.com\/es\/wp-json\/wp\/v2\/product_tag?post=2167"}],"curies":[{"name":"wp","href":"https:\/\/api.w.org\/{rel}","templated":true}]}}