{"id":2273,"date":"2024-01-17T13:18:38","date_gmt":"2024-01-17T13:18:38","guid":{"rendered":"https:\/\/wpayo.com\/es\/?post_type=product&#038;p=2273"},"modified":"2024-01-17T13:18:38","modified_gmt":"2024-01-17T13:18:38","slug":"bluepay-payment-gateway-givewp","status":"publish","type":"product","link":"https:\/\/wpayo.com\/es\/paga-gateway\/bluepay-payment-gateway-givewp\/","title":{"rendered":"BluePay Payment Gateway &#8211; GiveWP"},"content":{"rendered":"<p>Lleve sus esfuerzos de donaci\u00f3n y recaudaci\u00f3n de fondos en l\u00ednea al siguiente nivel con la <strong>pasarela de pago BluePay para GiveWP<\/strong>. Esta extensi\u00f3n esencial integra a la perfecci\u00f3n BluePay, una pasarela de pago confiable y segura, en sus formularios de donaci\u00f3n de GiveWP, brindando una experiencia fluida y f\u00e1cil de usar para sus seguidores.<\/p>\n<p><strong>Por qu\u00e9 elegir la pasarela de pago BluePay para GiveWP:<\/strong><\/p>\n<ul>\n<li><strong>Donaciones sin esfuerzo:<\/strong> simplifique el proceso de donaci\u00f3n, garantizando una experiencia sin complicaciones para sus seguidores al contribuir a su causa.<\/li>\n<li><strong>Seguridad avanzada:<\/strong> Conf\u00ede en las funciones de seguridad l\u00edderes en la industria de BluePay para proteger todas las transacciones de donaci\u00f3n y mantener la privacidad de los datos confidenciales de los donantes.<\/li>\n<li><strong>Versatilidad de pago:<\/strong> acepte una variedad de m\u00e9todos de pago, desde tarjetas de d\u00e9bito\/cr\u00e9dito hasta billeteras digitales, atendiendo a una base diversa de donantes.<\/li>\n<li><strong>Donaciones globales:<\/strong> ampl\u00ede su base de donantes a nivel internacional aceptando pagos en m\u00faltiples monedas, lo que facilita la contribuci\u00f3n de los partidarios de todo el mundo.<\/li>\n<li><strong>Informaci\u00f3n completa:<\/strong> mant\u00e9ngase organizado y tome decisiones informadas con funciones de informes detallados que le ayudar\u00e1n a realizar un seguimiento de las donaciones y optimizar sus esfuerzos de recaudaci\u00f3n de fondos.<\/li>\n<\/ul>\n<p><strong>Conozca BluePay:<\/strong> BluePay es un respetado proveedor de pasarela de pago conocido por su confiabilidad y compromiso con la seguridad. Su plataforma est\u00e1 dise\u00f1ada para brindar una experiencia de pago segura y fluida para empresas, organizaciones sin fines de lucro y simpatizantes.<\/p>\n<p><strong>Para empezar:<\/strong><\/p>\n<ol>\n<li><strong><a href=\"https:\/\/www.bluepay.com\/\" target=\"_new\" rel=\"noopener\">Reg\u00edstrese para obtener una cuenta BluePay<\/a><\/strong>: comience creando una cuenta BluePay para acceder a sus potentes servicios de pasarela de pago.<\/li>\n<li><strong>Configuraci\u00f3n<\/strong>: configure el complemento para integrar perfectamente BluePay en sus formularios de donaci\u00f3n de GiveWP.<\/li>\n<\/ol>\n<p>No pierda la oportunidad de mejorar sus esfuerzos de recaudaci\u00f3n de fondos. Lleve sus donaciones en l\u00ednea al siguiente nivel con la pasarela de pago BluePay para GiveWP. Simplifique el proceso de donaci\u00f3n, inspire confianza a los donantes y aumente el \u00e9xito de sus campa\u00f1as de recaudaci\u00f3n de fondos. Comience ahora y disfrute de los beneficios de realizar donaciones en l\u00ednea sin complicaciones.<\/p>\n<p>\u00bfListo para aumentar sus esfuerzos de recaudaci\u00f3n de fondos? Descargue la pasarela de pago BluePay para GiveWP y comience a aceptar donaciones con confianza.<\/p>\n<div class=\"cl-preview-section\">\n<h4 id=\"disclaimer\">Descargo de responsabilidad<\/h4>\n<\/div>\n<div class=\"cl-preview-section\">Todas las transacciones se procesan de forma segura en la plataforma BluePay, lo que garantiza los m\u00e1s altos niveles de seguridad y cumplimiento.<\/div>\n","protected":false},"excerpt":{"rendered":"<p>Integrate\u00a0 BluePay Gateway for GiveWP<\/p>\n","protected":false},"featured_media":2274,"comment_status":"open","ping_status":"closed","template":"","meta":{"_acf_changed":false},"product_cat":[87],"product_tag":[172],"class_list":{"0":"post-2273","1":"product","2":"type-product","3":"status-publish","4":"has-post-thumbnail","6":"product_cat-wpgive","7":"product_tag-bluepay","9":"first","10":"instock","11":"shipping-taxable","12":"purchasable","13":"product-type-simple"},"acf":[],"_links":{"self":[{"href":"https:\/\/wpayo.com\/es\/wp-json\/wp\/v2\/product\/2273","targetHints":{"allow":["GET"]}}],"collection":[{"href":"https:\/\/wpayo.com\/es\/wp-json\/wp\/v2\/product"}],"about":[{"href":"https:\/\/wpayo.com\/es\/wp-json\/wp\/v2\/types\/product"}],"replies":[{"embeddable":true,"href":"https:\/\/wpayo.com\/es\/wp-json\/wp\/v2\/comments?post=2273"}],"wp:featuredmedia":[{"embeddable":true,"href":"https:\/\/wpayo.com\/es\/wp-json\/wp\/v2\/media\/2274"}],"wp:attachment":[{"href":"https:\/\/wpayo.com\/es\/wp-json\/wp\/v2\/media?parent=2273"}],"wp:term":[{"taxonomy":"product_cat","embeddable":true,"href":"https:\/\/wpayo.com\/es\/wp-json\/wp\/v2\/product_cat?post=2273"},{"taxonomy":"product_tag","embeddable":true,"href":"https:\/\/wpayo.com\/es\/wp-json\/wp\/v2\/product_tag?post=2273"}],"curies":[{"name":"wp","href":"https:\/\/api.w.org\/{rel}","templated":true}]}}