{"id":2277,"date":"2024-01-17T13:18:35","date_gmt":"2024-01-17T13:18:35","guid":{"rendered":"https:\/\/wpayo.com\/es\/?post_type=product&#038;p=2277"},"modified":"2024-01-17T13:18:36","modified_gmt":"2024-01-17T13:18:36","slug":"bluepay-payment-gateway-contact-form-7","status":"publish","type":"product","link":"https:\/\/wpayo.com\/es\/paga-gateway\/bluepay-payment-gateway-contact-form-7\/","title":{"rendered":"BluePay Payment Gateway &#8211; Contact Form 7"},"content":{"rendered":"<p>BluePay Payment Gateway para Contact Form 7 es un complemento que permite a los usuarios integrar f\u00e1cilmente BluePay Payment Gateway en formularios de contacto en su sitio de WordPress. Este complemento proporciona un m\u00e9todo sencillo y seguro para que las empresas acepten pagos en l\u00ednea de sus clientes. Ofrece una variedad de funciones, que incluyen informes de transacciones en tiempo real, opciones de facturaci\u00f3n recurrente y soporte para m\u00faltiples monedas. La pasarela de pago BluePay para el formulario de contacto 7 es una herramienta valiosa para las empresas que buscan optimizar su proceso de pago y brindar una opci\u00f3n de pago conveniente y confiable a sus clientes.<\/p>\n<p>Mejore su complemento Contact Form 7 con la pasarela de pago BluePay. Esta extensi\u00f3n esencial integra a la perfecci\u00f3n BluePay, una pasarela de pago confiable y segura, en sus formularios de contacto, lo que permite a los usuarios realizar pagos seguros mientras env\u00edan solicitudes, consultas o informaci\u00f3n.<\/p>\n<p><strong>Por qu\u00e9 elegir la pasarela de pago BluePay para el Formulario de contacto 7:<\/strong><\/p>\n<ul>\n<li><strong>Transacciones fluidas:<\/strong> simplifique el proceso de pago en sus formularios de contacto, garantizando una experiencia sin complicaciones para sus usuarios.<\/li>\n<li><strong>Seguridad avanzada:<\/strong> Conf\u00ede en las funciones de seguridad l\u00edderes en la industria de BluePay para proteger todas las transacciones y garantizar la privacidad de los datos confidenciales del usuario.<\/li>\n<li><strong>Versatilidad de pago:<\/strong> acepte una variedad de m\u00e9todos de pago, desde tarjetas de d\u00e9bito\/cr\u00e9dito hasta billeteras digitales, para atender a una base de usuarios diversa.<\/li>\n<li><strong>Pagos globales:<\/strong> ampl\u00ede su alcance internacional aceptando pagos en varias monedas, lo que facilita la vida de los usuarios de todo el mundo.<\/li>\n<li><strong>Informaci\u00f3n completa:<\/strong> mant\u00e9ngase organizado y tome decisiones informadas con funciones de informes detallados que le ayudar\u00e1n a realizar un seguimiento de los pagos.<\/li>\n<\/ul>\n<p><strong>Conozca BluePay:<\/strong> BluePay es un respetado proveedor de pasarela de pago conocido por su confiabilidad y compromiso con la seguridad. Su plataforma est\u00e1 dise\u00f1ada para brindar una experiencia de pago segura y fluida para empresas y usuarios.<\/p>\n<p><strong>C\u00f3mo empezar:<\/strong> Para empezar a utilizar la pasarela de pago BluePay para el Formulario de contacto 7, siga estos pasos:<\/p>\n<ol>\n<li><strong><a href=\"https:\/\/www.bluepay.com\/\" target=\"_new\" rel=\"noopener\">Reg\u00edstrese para obtener una cuenta BluePay<\/a><\/strong>: comience creando una cuenta BluePay para acceder a sus potentes servicios de pasarela de pago.<\/li>\n<li><strong>Configuraci\u00f3n<\/strong>: configure e implemente la extensi\u00f3n para integrar BluePay en su complemento Contact Form 7 sin problemas.<\/li>\n<\/ol>\n<p>No pierdas la oportunidad de mejorar tus formularios de contacto. Mejore el proceso de pago, inspire la confianza de los usuarios y aumente el \u00e9xito de sus formularios de contacto. Comience ahora y descubra los beneficios de una gesti\u00f3n de pagos en l\u00ednea sin complicaciones.<\/p>\n<p>\u00bfListo para mejorar sus formularios de contacto? Descargue la pasarela de pago BluePay para el Formulario de contacto 7 y comience a aceptar pagos con confianza.<\/p>\n<div class=\"cl-preview-section\">\n<h4 id=\"disclaimer\">Descargo de responsabilidad<\/h4>\n<\/div>\n<div class=\"cl-preview-section\">\n<p>Todas las transacciones se procesan de forma segura en la plataforma BluePay, lo que garantiza los m\u00e1s altos niveles de seguridad y cumplimiento.<\/p>\n<\/div>\n","protected":false},"excerpt":{"rendered":"<p>Integrate\u00a0 BluePay Gateway for Contact Form 7<\/p>\n","protected":false},"featured_media":2278,"comment_status":"open","ping_status":"closed","template":"","meta":{"_acf_changed":false},"product_cat":[53],"product_tag":[172],"class_list":{"0":"post-2277","1":"product","2":"type-product","3":"status-publish","4":"has-post-thumbnail","6":"product_cat-contact-form-7","7":"product_tag-bluepay","9":"first","10":"instock","11":"shipping-taxable","12":"purchasable","13":"product-type-simple"},"acf":[],"_links":{"self":[{"href":"https:\/\/wpayo.com\/es\/wp-json\/wp\/v2\/product\/2277","targetHints":{"allow":["GET"]}}],"collection":[{"href":"https:\/\/wpayo.com\/es\/wp-json\/wp\/v2\/product"}],"about":[{"href":"https:\/\/wpayo.com\/es\/wp-json\/wp\/v2\/types\/product"}],"replies":[{"embeddable":true,"href":"https:\/\/wpayo.com\/es\/wp-json\/wp\/v2\/comments?post=2277"}],"wp:featuredmedia":[{"embeddable":true,"href":"https:\/\/wpayo.com\/es\/wp-json\/wp\/v2\/media\/2278"}],"wp:attachment":[{"href":"https:\/\/wpayo.com\/es\/wp-json\/wp\/v2\/media?parent=2277"}],"wp:term":[{"taxonomy":"product_cat","embeddable":true,"href":"https:\/\/wpayo.com\/es\/wp-json\/wp\/v2\/product_cat?post=2277"},{"taxonomy":"product_tag","embeddable":true,"href":"https:\/\/wpayo.com\/es\/wp-json\/wp\/v2\/product_tag?post=2277"}],"curies":[{"name":"wp","href":"https:\/\/api.w.org\/{rel}","templated":true}]}}