{"id":2285,"date":"2024-01-17T13:18:37","date_gmt":"2024-01-17T13:18:37","guid":{"rendered":"https:\/\/wpayo.com\/es\/?post_type=product&#038;p=2285"},"modified":"2024-01-17T13:18:38","modified_gmt":"2024-01-17T13:18:38","slug":"bluepay-payment-gateway-easy-digital-downloads","status":"publish","type":"product","link":"https:\/\/wpayo.com\/es\/paga-gateway\/bluepay-payment-gateway-easy-digital-downloads\/","title":{"rendered":"BluePay Payment Gateway &#8211; Easy Digital Downloads"},"content":{"rendered":"<p>Optimice su tienda Easy Digital Downloads (EDD) con la pasarela de pago BluePay. Esta extensi\u00f3n esencial integra a la perfecci\u00f3n BluePay, una pasarela de pago confiable y segura, en su sistema de venta de productos digitales, lo que permite a los clientes realizar compras de forma segura y sin esfuerzo.<\/p>\n<p><strong>Por qu\u00e9 elegir la pasarela de pago BluePay para descargas digitales sencillas:<\/strong><\/p>\n<ul>\n<li><strong>Transacciones digitales sin esfuerzo:<\/strong> simplifique el proceso de pago de sus productos digitales, garantizando una experiencia sin complicaciones para sus clientes.<\/li>\n<li><strong>Seguridad avanzada:<\/strong> Conf\u00ede en las funciones de seguridad l\u00edderes en la industria de BluePay para proteger todas las transacciones, garantizando la confidencialidad de los datos confidenciales de los clientes.<\/li>\n<li><strong>Versatilidad de pagos:<\/strong> acepte una variedad de m\u00e9todos de pago, desde tarjetas de d\u00e9bito\/cr\u00e9dito hasta billeteras digitales, para satisfacer una base de clientes diversa.<\/li>\n<li><strong>Ventas digitales globales:<\/strong> ampl\u00ede su alcance internacional aceptando pagos en m\u00faltiples monedas, lo que facilita las transacciones para los clientes de todo el mundo.<\/li>\n<li><strong>An\u00e1lisis integral:<\/strong> mant\u00e9ngase organizado y tome decisiones informadas con funciones de informes detallados que le ayudar\u00e1n a realizar un seguimiento de sus ventas digitales.<\/li>\n<\/ul>\n<p><strong>Conozca BluePay:<\/strong><\/p>\n<p>BluePay es un respetado proveedor de pasarelas de pago celebrado por su confiabilidad y compromiso con la seguridad. Su plataforma est\u00e1 dise\u00f1ada para brindar una experiencia de pago segura y fluida para empresas y clientes.<\/p>\n<p><strong>La conexi\u00f3n BluePay-EDD:<\/strong><\/p>\n<p>BluePay Payment Gateway se integra perfectamente con Easy Digital Downloads, creando una sinergia que mejora las capacidades de su tienda en l\u00ednea. Con esta integraci\u00f3n, puede vender f\u00e1cilmente productos digitales, desde software hasta libros electr\u00f3nicos, y al mismo tiempo brindar una experiencia de compra segura y f\u00e1cil de usar. Ya sea que sea un desarrollador independiente o un gran proveedor de software, la pasarela de pago BluePay para EDD le permite optimizar eficientemente sus ventas digitales.<\/p>\n<p><strong>Para empezar:<\/strong><\/p>\n<ol>\n<li><strong><a href=\"https:\/\/www.bluepay.com\/\" target=\"_new\" rel=\"noopener\">Reg\u00edstrese para obtener una cuenta BluePay<\/a><\/strong>: comience creando una cuenta BluePay para acceder a sus potentes servicios de pasarela de pago.<\/li>\n<li><strong>Configuraci\u00f3n<\/strong>: configure la extensi\u00f3n para integrar BluePay sin problemas en su tienda Easy Digital Downloads.<\/li>\n<\/ol>\n<p>No pierdas la oportunidad de mejorar tus ventas digitales. Mejore el proceso de pago, inspire la confianza del cliente y aumente el \u00e9xito de sus ventas digitales. Comience ahora y disfrute de los beneficios de la distribuci\u00f3n de productos digitales en l\u00ednea sin complicaciones.<\/p>\n<p>\u00bfListo para optimizar tus ventas digitales? Descargue la pasarela de pago BluePay para realizar descargas digitales sencillas y comience a aceptar pagos con confianza.<\/p>\n<div class=\"cl-preview-section\">\n<h4 id=\"disclaimer\">Descargo de responsabilidad<\/h4>\n<\/div>\n<div class=\"cl-preview-section\">Todas las transacciones se procesan de forma segura en la plataforma BluePay, lo que garantiza los m\u00e1s altos niveles de seguridad y cumplimiento.<\/div>\n","protected":false},"excerpt":{"rendered":"<p>Integrate\u00a0 BluePay Gateway for Easy Digital Downloads<\/p>\n","protected":false},"featured_media":2286,"comment_status":"open","ping_status":"closed","template":"","meta":{"_acf_changed":false},"product_cat":[48],"product_tag":[172],"class_list":{"0":"post-2285","1":"product","2":"type-product","3":"status-publish","4":"has-post-thumbnail","6":"product_cat-easy-digital-downloads","7":"product_tag-bluepay","9":"first","10":"instock","11":"shipping-taxable","12":"purchasable","13":"product-type-simple"},"acf":[],"_links":{"self":[{"href":"https:\/\/wpayo.com\/es\/wp-json\/wp\/v2\/product\/2285","targetHints":{"allow":["GET"]}}],"collection":[{"href":"https:\/\/wpayo.com\/es\/wp-json\/wp\/v2\/product"}],"about":[{"href":"https:\/\/wpayo.com\/es\/wp-json\/wp\/v2\/types\/product"}],"replies":[{"embeddable":true,"href":"https:\/\/wpayo.com\/es\/wp-json\/wp\/v2\/comments?post=2285"}],"wp:featuredmedia":[{"embeddable":true,"href":"https:\/\/wpayo.com\/es\/wp-json\/wp\/v2\/media\/2286"}],"wp:attachment":[{"href":"https:\/\/wpayo.com\/es\/wp-json\/wp\/v2\/media?parent=2285"}],"wp:term":[{"taxonomy":"product_cat","embeddable":true,"href":"https:\/\/wpayo.com\/es\/wp-json\/wp\/v2\/product_cat?post=2285"},{"taxonomy":"product_tag","embeddable":true,"href":"https:\/\/wpayo.com\/es\/wp-json\/wp\/v2\/product_tag?post=2285"}],"curies":[{"name":"wp","href":"https:\/\/api.w.org\/{rel}","templated":true}]}}