{"id":2287,"date":"2024-01-17T13:18:33","date_gmt":"2024-01-17T13:18:33","guid":{"rendered":"https:\/\/wpayo.com\/es\/?post_type=product&#038;p=2287"},"modified":"2024-01-17T13:18:34","modified_gmt":"2024-01-17T13:18:34","slug":"bluepay-payment-gateway-woocommerce","status":"publish","type":"product","link":"https:\/\/wpayo.com\/es\/paga-gateway\/bluepay-payment-gateway-woocommerce\/","title":{"rendered":"BluePay Payment Gateway &#8211; WooCommerce"},"content":{"rendered":"<p>\u00bfEst\u00e1 buscando un m\u00e9todo confiable y seguro para mejorar las capacidades de procesamiento de pagos de su tienda en l\u00ednea WooCommerce? No busque m\u00e1s, la pasarela de pago BluePay para WooCommerce. Este complemento esencial integra a la perfecci\u00f3n BluePay, una pasarela de pago confiable y vers\u00e1til, en su sistema de comercio electr\u00f3nico, brindando una experiencia de compra fluida y segura para sus clientes.<\/p>\n<p><strong>Por qu\u00e9 elegir la pasarela de pago BluePay para WooCommerce:<\/strong><\/p>\n<ul>\n<li><strong>Compras sin esfuerzo:<\/strong> simplifique el proceso de pago y garantice una experiencia de compra sin complicaciones para sus clientes.<\/li>\n<li><strong>La mejor seguridad de su clase:<\/strong> Conf\u00ede en las medidas de seguridad l\u00edderes en la industria de BluePay para proteger cada transacci\u00f3n y mantener la privacidad de los datos del cliente.<\/li>\n<li><strong>Flexibilidad de pago:<\/strong> acepte una amplia gama de m\u00e9todos de pago, desde tarjetas de d\u00e9bito\/cr\u00e9dito hasta billeteras digitales, para atender a una base de clientes diversa.<\/li>\n<li><strong>Comercio electr\u00f3nico global:<\/strong> ampl\u00ede su alcance global aceptando pagos en m\u00faltiples monedas, lo que facilita las transacciones internacionales.<\/li>\n<li><strong>Informaci\u00f3n completa sobre ventas:<\/strong> mant\u00e9ngase organizado y tome decisiones informadas con herramientas de informes detalladas que le ayudar\u00e1n a realizar un seguimiento y optimizar sus ventas online.<\/li>\n<\/ul>\n<p><strong>La sinergia BluePay-WooCommerce:<\/strong><\/p>\n<p>La pasarela de pago BluePay se integra perfectamente con WooCommerce, revolucionando las capacidades de procesamiento de pagos de su tienda en l\u00ednea. Esta integraci\u00f3n le permite optimizar la experiencia de compra de los clientes, garantizando transacciones seguras y f\u00e1ciles de usar. Ya sea que tenga una tienda peque\u00f1a o una gran plataforma de comercio electr\u00f3nico, la pasarela de pago BluePay para WooCommerce mejora su capacidad para procesar pagos de manera eficiente.<\/p>\n<p><strong>C\u00f3mo empezar:<\/strong><\/p>\n<ol>\n<li><strong><a href=\"https:\/\/www.bluepay.com\/\" target=\"_new\" rel=\"noopener\">Reg\u00edstrese para obtener una cuenta BluePay<\/a><\/strong>: comience creando una cuenta BluePay para acceder a sus potentes servicios de pasarela de pago.<\/li>\n<li><strong>Configuraci\u00f3n<\/strong>: configure el complemento para integrar BluePay sin problemas en su sistema WooCommerce.<\/li>\n<\/ol>\n<p>No pierdas la oportunidad de optimizar el procesamiento de pagos de tu tienda online. Lleve sus ventas en l\u00ednea a nuevas alturas con la pasarela de pago BluePay para WooCommerce. Simplifique el proceso de pago, inspire la confianza del cliente y aumente el \u00e9xito de sus ventas en l\u00ednea. Comience ahora y descubra los beneficios de comprar en l\u00ednea sin problemas.<\/p>\n<p>\u00bfListo para elevar tus ventas online? Descargue la pasarela de pago BluePay para WooCommerce y comience a aceptar pagos con confianza.<\/p>\n<div class=\"cl-preview-section\">\n<h4 id=\"disclaimer\">Descargo de responsabilidad<\/h4>\n<\/div>\n<div class=\"cl-preview-section\">Todas las transacciones se procesan de forma segura en la plataforma BluePay, lo que garantiza los m\u00e1s altos niveles de seguridad y cumplimiento.<\/div>\n","protected":false},"excerpt":{"rendered":"<p>Integrate\u00a0 BluePay Gateway for WooCommerce<\/p>\n","protected":false},"featured_media":2288,"comment_status":"open","ping_status":"closed","template":"","meta":{"_acf_changed":false},"product_cat":[47],"product_tag":[172],"class_list":{"0":"post-2287","1":"product","2":"type-product","3":"status-publish","4":"has-post-thumbnail","6":"product_cat-woocommerce","7":"product_tag-bluepay","9":"first","10":"instock","11":"shipping-taxable","12":"purchasable","13":"product-type-simple"},"acf":[],"_links":{"self":[{"href":"https:\/\/wpayo.com\/es\/wp-json\/wp\/v2\/product\/2287","targetHints":{"allow":["GET"]}}],"collection":[{"href":"https:\/\/wpayo.com\/es\/wp-json\/wp\/v2\/product"}],"about":[{"href":"https:\/\/wpayo.com\/es\/wp-json\/wp\/v2\/types\/product"}],"replies":[{"embeddable":true,"href":"https:\/\/wpayo.com\/es\/wp-json\/wp\/v2\/comments?post=2287"}],"wp:featuredmedia":[{"embeddable":true,"href":"https:\/\/wpayo.com\/es\/wp-json\/wp\/v2\/media\/2288"}],"wp:attachment":[{"href":"https:\/\/wpayo.com\/es\/wp-json\/wp\/v2\/media?parent=2287"}],"wp:term":[{"taxonomy":"product_cat","embeddable":true,"href":"https:\/\/wpayo.com\/es\/wp-json\/wp\/v2\/product_cat?post=2287"},{"taxonomy":"product_tag","embeddable":true,"href":"https:\/\/wpayo.com\/es\/wp-json\/wp\/v2\/product_tag?post=2287"}],"curies":[{"name":"wp","href":"https:\/\/api.w.org\/{rel}","templated":true}]}}