{"id":2290,"date":"2024-01-17T13:18:43","date_gmt":"2024-01-17T13:18:43","guid":{"rendered":"https:\/\/wpayo.com\/es\/?post_type=product&#038;p=2290"},"modified":"2024-01-17T13:18:44","modified_gmt":"2024-01-17T13:18:44","slug":"bluepay-payment-gateway-events-manager-pro","status":"publish","type":"product","link":"https:\/\/wpayo.com\/es\/paga-gateway\/bluepay-payment-gateway-events-manager-pro\/","title":{"rendered":"BluePay Payment Gateway &#8211; Events Manager Pro"},"content":{"rendered":"<p>Mejore la gesti\u00f3n de su evento con la pasarela de pago BluePay para Events Manager Pro. Este complemento esencial integra a la perfecci\u00f3n BluePay, una pasarela de pago confiable y segura, en su sistema de registro de eventos y venta de entradas. Proporciona una experiencia de pago fluida y segura para los asistentes y organizadores de eventos.<\/p>\n<p><strong>Por qu\u00e9 elegir la pasarela de pago BluePay para Events Manager Pro:<\/strong><\/p>\n<ul>\n<li><strong>Pagos de eventos sin esfuerzo:<\/strong> simplifique el proceso de registro y emisi\u00f3n de entradas, garantizando una experiencia sin complicaciones para los asistentes.<\/li>\n<li><strong>Seguridad avanzada:<\/strong> Conf\u00ede en las funciones de seguridad l\u00edderes en la industria de BluePay para proteger cada transacci\u00f3n y mantener la privacidad de los datos confidenciales de los clientes.<\/li>\n<li><strong>Flexibilidad de pago:<\/strong> acepte varios m\u00e9todos de pago, desde tarjetas de d\u00e9bito\/cr\u00e9dito hasta billeteras digitales, para atender a una audiencia diversa.<\/li>\n<li><strong>Gesti\u00f3n global de eventos:<\/strong> ampl\u00ede el alcance de su evento a nivel internacional aceptando pagos en m\u00faltiples monedas, lo que facilita la participaci\u00f3n de personas de todo el mundo.<\/li>\n<li><strong>Informes completos:<\/strong> mant\u00e9ngase organizado y tome decisiones informadas con herramientas de informes detalladas, que le permitir\u00e1n realizar un seguimiento y optimizar las finanzas de su evento.<\/li>\n<\/ul>\n<p><strong>Integraci\u00f3n BluePay-Events Manager Pro:<\/strong> La pasarela de pago BluePay se integra perfectamente con Events Manager Pro, mejorando las capacidades de su sistema de gesti\u00f3n de eventos. Esta integraci\u00f3n permite a los organizadores de eventos procesar de manera eficiente los pagos de inscripciones y venta de entradas, creando una experiencia segura y f\u00e1cil de usar tanto para los asistentes como para los planificadores. Ya sea que est\u00e9 organizando reuniones peque\u00f1as o conferencias grandes, BluePay Payment Gateway para Events Manager Pro ayuda a agilizar el procesamiento de pagos.<\/p>\n<p><strong>C\u00f3mo empezar:<\/strong><\/p>\n<ol>\n<li><strong><a href=\"https:\/\/www.bluepay.com\/\" target=\"_new\" rel=\"noopener\">Reg\u00edstrese para obtener una cuenta BluePay<\/a><\/strong>: comience creando una cuenta BluePay para acceder a sus potentes servicios de pasarela de pago.<\/li>\n<li><strong>Configuraci\u00f3n<\/strong>: configure el complemento para integrar BluePay sin problemas en su sistema Events Manager Pro.<\/li>\n<\/ol>\n<p>No pierdas la oportunidad de optimizar tu proceso de gesti\u00f3n de eventos y venta de entradas. Mejore la planificaci\u00f3n de su evento con la pasarela de pago BluePay para Events Manager Pro. Simplifique los pagos de eventos, inspire confianza entre los asistentes y aumente el \u00e9xito de sus eventos. Comience ahora y descubra los beneficios de una gesti\u00f3n de eventos sin complicaciones.<\/p>\n<p>\u00bfListo para mejorar la gesti\u00f3n de su evento? Descargue BluePay Payment Gateway para Events Manager Pro y comience a aceptar pagos con confianza.<\/p>\n<div class=\"cl-preview-section\">\n<h4 id=\"disclaimer\">Descargo de responsabilidad<\/h4>\n<\/div>\n<div class=\"cl-preview-section\">Todas las transacciones se procesan de forma segura en la plataforma BluePay, lo que garantiza los m\u00e1s altos niveles de seguridad y cumplimiento.<\/div>\n","protected":false},"excerpt":{"rendered":"<p>Integrate\u00a0 BluePay Gateway for Events Manager Pro<\/p>\n","protected":false},"featured_media":2291,"comment_status":"open","ping_status":"closed","template":"","meta":{"_acf_changed":false},"product_cat":[116],"product_tag":[172],"class_list":{"0":"post-2290","1":"product","2":"type-product","3":"status-publish","4":"has-post-thumbnail","6":"product_cat-events-manager-pro","7":"product_tag-bluepay","9":"first","10":"instock","11":"shipping-taxable","12":"purchasable","13":"product-type-simple"},"acf":[],"_links":{"self":[{"href":"https:\/\/wpayo.com\/es\/wp-json\/wp\/v2\/product\/2290","targetHints":{"allow":["GET"]}}],"collection":[{"href":"https:\/\/wpayo.com\/es\/wp-json\/wp\/v2\/product"}],"about":[{"href":"https:\/\/wpayo.com\/es\/wp-json\/wp\/v2\/types\/product"}],"replies":[{"embeddable":true,"href":"https:\/\/wpayo.com\/es\/wp-json\/wp\/v2\/comments?post=2290"}],"wp:featuredmedia":[{"embeddable":true,"href":"https:\/\/wpayo.com\/es\/wp-json\/wp\/v2\/media\/2291"}],"wp:attachment":[{"href":"https:\/\/wpayo.com\/es\/wp-json\/wp\/v2\/media?parent=2290"}],"wp:term":[{"taxonomy":"product_cat","embeddable":true,"href":"https:\/\/wpayo.com\/es\/wp-json\/wp\/v2\/product_cat?post=2290"},{"taxonomy":"product_tag","embeddable":true,"href":"https:\/\/wpayo.com\/es\/wp-json\/wp\/v2\/product_tag?post=2290"}],"curies":[{"name":"wp","href":"https:\/\/api.w.org\/{rel}","templated":true}]}}