{"id":2292,"date":"2024-01-17T13:18:44","date_gmt":"2024-01-17T13:18:44","guid":{"rendered":"https:\/\/wpayo.com\/es\/?post_type=product&#038;p=2292"},"modified":"2024-01-17T13:18:45","modified_gmt":"2024-01-17T13:18:45","slug":"bluepay-payment-gateway-learndash","status":"publish","type":"product","link":"https:\/\/wpayo.com\/es\/paga-gateway\/bluepay-payment-gateway-learndash\/","title":{"rendered":"BluePay Payment Gateway &#8211; LearnDash"},"content":{"rendered":"<p>Transforme su plataforma de aprendizaje LearnDash con la pasarela de pago BluePay. Este complemento esencial integra a la perfecci\u00f3n BluePay, una pasarela de pago confiable y segura, en sus cursos en l\u00ednea, garantizando una experiencia de pago segura y fluida para sus estudiantes.<\/p>\n<p><strong>Por qu\u00e9 elegir la pasarela de pago BluePay para LearnDash:<\/strong><\/p>\n<ul>\n<li><strong>Registro de cursos sin esfuerzo:<\/strong> Simplifique el proceso de pago para sus estudiantes, garantizando una experiencia sin complicaciones al registrarse en cursos.<\/li>\n<li><strong>Seguridad avanzada:<\/strong> Conf\u00ede en las funciones de seguridad l\u00edderes en la industria de BluePay para proteger cada transacci\u00f3n y mantener la privacidad de los datos confidenciales de los estudiantes.<\/li>\n<li><strong>Versatilidad de pagos:<\/strong> acepte una variedad de m\u00e9todos de pago, desde tarjetas de d\u00e9bito\/cr\u00e9dito hasta billeteras digitales, para atender a una base de estudiantes diversa.<\/li>\n<li><strong>Educaci\u00f3n global:<\/strong> ampl\u00ede su alcance internacional aceptando pagos en m\u00faltiples monedas, lo que facilita la vida de los estudiantes de todo el mundo.<\/li>\n<li><strong>Informaci\u00f3n integral:<\/strong> mant\u00e9ngase organizado y tome decisiones informadas con herramientas de informes detalladas, que le permitir\u00e1n monitorear y optimizar las ventas de sus cursos.<\/li>\n<\/ul>\n<p><strong>Integraci\u00f3n BluePay-LearnDash:<\/strong> La pasarela de pago BluePay se integra perfectamente con LearnDash, mejorando las capacidades de su plataforma de aprendizaje en l\u00ednea. Esta integraci\u00f3n permite a los educadores e instituciones procesar de manera eficiente los pagos de las inscripciones a cursos, al tiempo que garantiza una experiencia segura y f\u00e1cil de usar para los estudiantes. Ya sea que ofrezca cursos individuales o programas integrales de capacitaci\u00f3n en l\u00ednea, la pasarela de pago BluePay para LearnDash ayuda a agilizar el procesamiento de pagos.<\/p>\n<p><strong>C\u00f3mo empezar:<\/strong> Para empezar a utilizar la pasarela de pago BluePay para LearnDash, siga estos pasos:<\/p>\n<ol>\n<li><strong><a href=\"https:\/\/www.bluepay.com\/\" target=\"_new\" rel=\"noopener\">Reg\u00edstrese para obtener una cuenta BluePay<\/a><\/strong>: comience creando una cuenta BluePay para acceder a sus s\u00f3lidos servicios de pasarela de pago.<\/li>\n<li><strong>Configuraci\u00f3n<\/strong>: configure y configure el complemento para integrar BluePay sin problemas en su sistema LearnDash.<\/li>\n<\/ol>\n<p>No pierdas la oportunidad de mejorar tu plataforma de aprendizaje en l\u00ednea. Lleve las inscripciones a sus cursos al siguiente nivel con la pasarela de pago BluePay para LearnDash. Optimice los pagos, inspire confianza a los estudiantes y aumente el \u00e9xito de sus iniciativas de aprendizaje en l\u00ednea. Comience ahora y descubra los beneficios de una educaci\u00f3n en l\u00ednea sin complicaciones.<\/p>\n<p>\u00bfListo para mejorar su experiencia de aprendizaje en l\u00ednea? Descargue la pasarela de pago BluePay para LearnDash y comience a aceptar pagos con confianza.<\/p>\n<div class=\"cl-preview-section\">\n<h4 id=\"disclaimer\">Descargo de responsabilidad<\/h4>\n<\/div>\n<div class=\"cl-preview-section\">\n<p>Todas las transacciones se procesan de forma segura en la plataforma BluePay, lo que garantiza los m\u00e1s altos niveles de seguridad y cumplimiento.<\/p>\n<\/div>\n","protected":false},"excerpt":{"rendered":"<p>Integrate\u00a0 BluePay Gateway for LearnDash<\/p>\n","protected":false},"featured_media":2293,"comment_status":"open","ping_status":"closed","template":"","meta":{"_acf_changed":false},"product_cat":[55],"product_tag":[172],"class_list":{"0":"post-2292","1":"product","2":"type-product","3":"status-publish","4":"has-post-thumbnail","6":"product_cat-learndash","7":"product_tag-bluepay","9":"first","10":"instock","11":"shipping-taxable","12":"purchasable","13":"product-type-simple"},"acf":[],"_links":{"self":[{"href":"https:\/\/wpayo.com\/es\/wp-json\/wp\/v2\/product\/2292","targetHints":{"allow":["GET"]}}],"collection":[{"href":"https:\/\/wpayo.com\/es\/wp-json\/wp\/v2\/product"}],"about":[{"href":"https:\/\/wpayo.com\/es\/wp-json\/wp\/v2\/types\/product"}],"replies":[{"embeddable":true,"href":"https:\/\/wpayo.com\/es\/wp-json\/wp\/v2\/comments?post=2292"}],"wp:featuredmedia":[{"embeddable":true,"href":"https:\/\/wpayo.com\/es\/wp-json\/wp\/v2\/media\/2293"}],"wp:attachment":[{"href":"https:\/\/wpayo.com\/es\/wp-json\/wp\/v2\/media?parent=2292"}],"wp:term":[{"taxonomy":"product_cat","embeddable":true,"href":"https:\/\/wpayo.com\/es\/wp-json\/wp\/v2\/product_cat?post=2292"},{"taxonomy":"product_tag","embeddable":true,"href":"https:\/\/wpayo.com\/es\/wp-json\/wp\/v2\/product_tag?post=2292"}],"curies":[{"name":"wp","href":"https:\/\/api.w.org\/{rel}","templated":true}]}}