{"id":2308,"date":"2024-01-17T13:18:42","date_gmt":"2024-01-17T13:18:42","guid":{"rendered":"https:\/\/wpayo.com\/es\/?post_type=product&#038;p=2308"},"modified":"2024-01-17T13:18:43","modified_gmt":"2024-01-17T13:18:43","slug":"2checkout-payment-gateway-easy-digital-downloads","status":"publish","type":"product","link":"https:\/\/wpayo.com\/es\/paga-gateway\/2checkout-payment-gateway-easy-digital-downloads\/","title":{"rendered":"2Checkout Payment Gateway &#8211; Easy Digital Downloads"},"content":{"rendered":"<p><strong>Pasarela de pago 2Checkout para descargas digitales sencillas<\/strong>: \u00bfest\u00e1 buscando una pasarela de pago confiable para mejorar su plataforma de descargas digitales f\u00e1ciles (EDD)? No busque m\u00e1s all\u00e1 de la pasarela de pago 2Checkout para realizar descargas digitales sencillas. Este complemento integra perfectamente 2Checkout, una pasarela de pago confiable y segura, en su tienda EDD, brindando a sus clientes una experiencia de pago segura y fluida.<\/p>\n<p><strong>Por qu\u00e9 elegir la pasarela de pago 2Checkout para descargas digitales sencillas:<\/strong><\/p>\n<ul>\n<li><strong>Ventas digitales sin esfuerzo:<\/strong> simplifique el proceso de pago para sus clientes, garantizando una experiencia sin complicaciones al comprar productos digitales.<\/li>\n<li><strong>Seguridad avanzada:<\/strong> Conf\u00ede en las funciones de seguridad l\u00edderes en la industria de 2Checkout para proteger cada transacci\u00f3n y mantener la privacidad de los datos del cliente.<\/li>\n<li><strong>Versatilidad de pago:<\/strong> acepte una amplia gama de m\u00e9todos de pago, atendiendo a una base de clientes diversa.<\/li>\n<li><strong>Comercio digital global:<\/strong> ampl\u00ede su alcance globalmente aceptando pagos en m\u00faltiples monedas, lo que facilita las transacciones internacionales.<\/li>\n<li><strong>An\u00e1lisis integral:<\/strong> Mant\u00e9ngase organizado y tome decisiones informadas con herramientas de informes detalladas, que le permitir\u00e1n monitorear y optimizar sus ventas digitales.<\/li>\n<\/ul>\n<p><strong>Qu\u00e9 es 2Checkout:<\/strong> 2Checkout es una pasarela de pago vers\u00e1til que prioriza transacciones seguras y favorables para las empresas. Admite varios m\u00e9todos de pago y est\u00e1 comprometido con la seguridad de los datos.<\/p>\n<p><strong>Integraci\u00f3n de 2Checkout-Easy Digital Downloads:<\/strong> La pasarela de pago 2Checkout se integra perfectamente con Easy Digital Downloads, mejorando las capacidades de su tienda de productos digitales. Esta integraci\u00f3n permite a los vendedores de productos digitales y creadores de contenido procesar pagos de manera eficiente, garantizando una experiencia segura y f\u00e1cil de usar para los clientes. Ya sea que venda libros electr\u00f3nicos, software u otros productos digitales, la pasarela de pago 2Checkout para Easy Digital Downloads agiliza el procesamiento de pagos.<\/p>\n<p><strong>C\u00f3mo empezar:<\/strong> Para empezar a utilizar la pasarela de pago 2Checkout para Easy Digital Downloads, siga estos pasos:<\/p>\n<ol>\n<li><strong><a href=\"https:\/\/www.2checkout.com\/\" target=\"_new\" rel=\"noopener\">Reg\u00edstrese para obtener una cuenta 2Checkout<\/a><\/strong>: comience creando una cuenta 2Checkout para acceder a sus potentes servicios de pasarela de pago.<\/li>\n<li><strong>Configuraci\u00f3n<\/strong>: configure y agregue sin problemas 2Checkout a su tienda Easy Digital Downloads.<\/li>\n<\/ol>\n<p>No pierdas la oportunidad de optimizar tus ventas digitales. Lleve la distribuci\u00f3n de sus productos digitales al siguiente nivel con la pasarela de pago 2Checkout para descargas digitales sencillas. Agilice los pagos, inspire la confianza de los clientes y aumente el \u00e9xito de sus ventas digitales. Empiece ahora y descubra los beneficios de la venta online sin complicaciones.<\/p>\n","protected":false},"excerpt":{"rendered":"<p>Integrate 2Checkout Gateway for Easy Digital Downloads<\/p>\n","protected":false},"featured_media":2310,"comment_status":"open","ping_status":"closed","template":"","meta":{"_acf_changed":false},"product_cat":[48],"product_tag":[143],"class_list":{"0":"post-2308","1":"product","2":"type-product","3":"status-publish","4":"has-post-thumbnail","6":"product_cat-easy-digital-downloads","7":"product_tag-2checkout","9":"first","10":"instock","11":"shipping-taxable","12":"purchasable","13":"product-type-simple"},"acf":[],"_links":{"self":[{"href":"https:\/\/wpayo.com\/es\/wp-json\/wp\/v2\/product\/2308","targetHints":{"allow":["GET"]}}],"collection":[{"href":"https:\/\/wpayo.com\/es\/wp-json\/wp\/v2\/product"}],"about":[{"href":"https:\/\/wpayo.com\/es\/wp-json\/wp\/v2\/types\/product"}],"replies":[{"embeddable":true,"href":"https:\/\/wpayo.com\/es\/wp-json\/wp\/v2\/comments?post=2308"}],"wp:featuredmedia":[{"embeddable":true,"href":"https:\/\/wpayo.com\/es\/wp-json\/wp\/v2\/media\/2310"}],"wp:attachment":[{"href":"https:\/\/wpayo.com\/es\/wp-json\/wp\/v2\/media?parent=2308"}],"wp:term":[{"taxonomy":"product_cat","embeddable":true,"href":"https:\/\/wpayo.com\/es\/wp-json\/wp\/v2\/product_cat?post=2308"},{"taxonomy":"product_tag","embeddable":true,"href":"https:\/\/wpayo.com\/es\/wp-json\/wp\/v2\/product_tag?post=2308"}],"curies":[{"name":"wp","href":"https:\/\/api.w.org\/{rel}","templated":true}]}}