{"id":2320,"date":"2024-01-17T13:18:45","date_gmt":"2024-01-17T13:18:45","guid":{"rendered":"https:\/\/wpayo.com\/es\/?post_type=product&#038;p=2320"},"modified":"2024-01-17T13:18:45","modified_gmt":"2024-01-17T13:18:45","slug":"2checkout-payment-gateway-givewp","status":"publish","type":"product","link":"https:\/\/wpayo.com\/es\/paga-gateway\/2checkout-payment-gateway-givewp\/","title":{"rendered":"2Checkout Payment Gateway &#8211; GiveWP"},"content":{"rendered":"<p>\u00bfEst\u00e1 buscando una pasarela de pago confiable para mejorar su plataforma de donaci\u00f3n GiveWP? No busque m\u00e1s, la pasarela de pago 2Checkout para GiveWP. Este complemento integra perfectamente 2Checkout, una pasarela de pago confiable y segura, en sus formularios de donaci\u00f3n, brindando una experiencia de donaci\u00f3n segura y fluida para sus usuarios.<\/p>\n<p><strong>Por qu\u00e9 elegir la pasarela de pago 2Checkout para GiveWP:<\/strong><\/p>\n<ul>\n<li><strong>Donaciones sin esfuerzo:<\/strong> Simplifique el proceso de donaci\u00f3n y garantice una experiencia sin complicaciones para sus donantes.<\/li>\n<li><strong>Seguridad avanzada:<\/strong>Conf\u00ede en las funciones de seguridad l\u00edderes en la industria de 2Checkout para proteger cada donaci\u00f3n y mantener la privacidad de los datos de los donantes.<\/li>\n<li><strong>Versatilidad de las donaciones:<\/strong> acepte una amplia gama de m\u00e9todos de donaci\u00f3n, atendiendo a una base diversa de donantes.<\/li>\n<li><strong>Donaciones globales:<\/strong> ampl\u00ede su alcance internacional aceptando donaciones en m\u00faltiples monedas, lo que facilita la contribuci\u00f3n desde todo el mundo.<\/li>\n<li><strong>Informes completos:<\/strong> Mant\u00e9ngase organizado y tome decisiones informadas con funciones de informes detallados para monitorear y optimizar sus donaciones.<\/li>\n<\/ul>\n<p><strong>Qu\u00e9 es 2Checkout:<\/strong> 2Checkout es una pasarela de pago vers\u00e1til que prioriza transacciones seguras y favorables para las empresas. Admite varios m\u00e9todos de pago y est\u00e1 comprometido con la seguridad de los datos.<\/p>\n<p><strong>Integraci\u00f3n 2Checkout-GiveWP:<\/strong> La pasarela de pago 2Checkout se integra perfectamente con GiveWP, mejorando sus capacidades de donaci\u00f3n. Esta integraci\u00f3n permite a las organizaciones sin fines de lucro procesar donaciones de manera eficiente, garantizando una experiencia de donaci\u00f3n segura y f\u00e1cil de usar. Ya sea que est\u00e9 recolectando donaciones \u00fanicas o recurrentes, la pasarela de pago 2Checkout para GiveWP agiliza el proceso de donaci\u00f3n.<\/p>\n<p><strong>C\u00f3mo empezar:<\/strong> Para empezar a utilizar la pasarela de pago 2Checkout para GiveWP, siga estos pasos:<\/p>\n<ol>\n<li><strong><a href=\"https:\/\/www.2checkout.com\/\" target=\"_new\" rel=\"noopener\">Reg\u00edstrese para obtener una cuenta 2Checkout<\/a><\/strong>: comience creando una cuenta 2Checkout para acceder a sus potentes servicios de pasarela de pago.<\/li>\n<li><strong>Configuraci\u00f3n<\/strong>: configure el complemento para integrar perfectamente 2Checkout en sus formularios de donaci\u00f3n de GiveWP.<\/li>\n<\/ol>\n<p>No pierdas la oportunidad de optimizar tu plataforma de donaci\u00f3n. Lleve su recaudaci\u00f3n de fondos al siguiente nivel con la pasarela de pago 2Checkout para GiveWP. Optimice las donaciones, inspire la confianza de los donantes y aumente el \u00e9xito de sus iniciativas ben\u00e9ficas. Comience ahora y disfrute de los beneficios de una recaudaci\u00f3n de fondos en l\u00ednea sin complicaciones.<\/p>\n<p>\u00bfListo para mejorar su experiencia de donaci\u00f3n? Descargue la pasarela de pago 2Checkout para GiveWP y comience a aceptar donaciones con confianza.<\/p>\n","protected":false},"excerpt":{"rendered":"<p>Integrate 2Checkout Gateway for GiveWP<\/p>\n","protected":false},"featured_media":2321,"comment_status":"open","ping_status":"closed","template":"","meta":{"_acf_changed":false},"product_cat":[87],"product_tag":[143],"class_list":{"0":"post-2320","1":"product","2":"type-product","3":"status-publish","4":"has-post-thumbnail","6":"product_cat-wpgive","7":"product_tag-2checkout","9":"first","10":"instock","11":"shipping-taxable","12":"purchasable","13":"product-type-simple"},"acf":[],"_links":{"self":[{"href":"https:\/\/wpayo.com\/es\/wp-json\/wp\/v2\/product\/2320","targetHints":{"allow":["GET"]}}],"collection":[{"href":"https:\/\/wpayo.com\/es\/wp-json\/wp\/v2\/product"}],"about":[{"href":"https:\/\/wpayo.com\/es\/wp-json\/wp\/v2\/types\/product"}],"replies":[{"embeddable":true,"href":"https:\/\/wpayo.com\/es\/wp-json\/wp\/v2\/comments?post=2320"}],"wp:featuredmedia":[{"embeddable":true,"href":"https:\/\/wpayo.com\/es\/wp-json\/wp\/v2\/media\/2321"}],"wp:attachment":[{"href":"https:\/\/wpayo.com\/es\/wp-json\/wp\/v2\/media?parent=2320"}],"wp:term":[{"taxonomy":"product_cat","embeddable":true,"href":"https:\/\/wpayo.com\/es\/wp-json\/wp\/v2\/product_cat?post=2320"},{"taxonomy":"product_tag","embeddable":true,"href":"https:\/\/wpayo.com\/es\/wp-json\/wp\/v2\/product_tag?post=2320"}],"curies":[{"name":"wp","href":"https:\/\/api.w.org\/{rel}","templated":true}]}}