{"id":2322,"date":"2024-01-17T13:18:45","date_gmt":"2024-01-17T13:18:45","guid":{"rendered":"https:\/\/wpayo.com\/es\/?post_type=product&#038;p=2322"},"modified":"2024-01-17T13:18:46","modified_gmt":"2024-01-17T13:18:46","slug":"square-payment-gateway-givewp","status":"publish","type":"product","link":"https:\/\/wpayo.com\/es\/paga-gateway\/square-payment-gateway-givewp\/","title":{"rendered":"Square Payment Gateway &#8211; GiveWP"},"content":{"rendered":"<p><strong>Pasarela de pago Square para GiveWP<\/strong>: \u00bfest\u00e1 buscando una pasarela de pago confiable para mejorar su plataforma de donaci\u00f3n GiveWP? No busque m\u00e1s all\u00e1 de Square Payment Gateway para GiveWP. Este complemento integra a la perfecci\u00f3n Square, una pasarela de pago confiable y f\u00e1cil de usar, en sus formularios de donaci\u00f3n, brindando una experiencia de donaci\u00f3n fluida y segura para sus seguidores.<\/p>\n<p><strong>Por qu\u00e9 elegir la pasarela de pago Square para GiveWP:<\/strong><\/p>\n<ul>\n<li><strong>Donaciones sin esfuerzo:<\/strong> simplifique el proceso de donaci\u00f3n y garantice una experiencia sin complicaciones para sus seguidores.<\/li>\n<li><strong>Seguridad avanzada:<\/strong> Conf\u00ede en las funciones de seguridad l\u00edderes en la industria de Square para proteger cada donaci\u00f3n y mantener la privacidad de los datos de los donantes.<\/li>\n<li><strong>Versatilidad de donaciones:<\/strong> acepte una amplia gama de m\u00e9todos de donaci\u00f3n, atendiendo a una base diversa de donantes.<\/li>\n<li><strong>Informes completos:<\/strong> mant\u00e9ngase organizado y tome decisiones informadas con herramientas de informes detalladas para monitorear y optimizar sus donaciones.<\/li>\n<\/ul>\n<p><strong>Qu\u00e9 es Square:<\/strong> Square es una empresa de tecnolog\u00eda financiera que ofrece soluciones de procesamiento de pagos, hardware y software de punto de venta y diversos servicios financieros. Es conocido por su interfaz f\u00e1cil de usar y su estructura de precios transparente.<\/p>\n<p><strong>Integraci\u00f3n Square-GiveWP:<\/strong> La pasarela de pago Square se integra perfectamente con GiveWP, mejorando sus capacidades de recaudaci\u00f3n de donaciones. Esta integraci\u00f3n permite a las organizaciones sin fines de lucro y ben\u00e9ficas procesar las donaciones de manera eficiente, garantizando una experiencia de donaci\u00f3n segura y f\u00e1cil de usar. Ya sea que est\u00e9 recolectando donaciones \u00fanicas o recurrentes, la pasarela de pago de Square para GiveWP agiliza el proceso de donaci\u00f3n.<\/p>\n<p><strong>C\u00f3mo comenzar:<\/strong> Para comenzar a usar la pasarela de pago Square para GiveWP, siga estos pasos:<\/p>\n<ol>\n<li><strong><a href=\"https:\/\/squareup.com\/\" target=\"_new\" rel=\"noopener\">Reg\u00edstrese para obtener una cuenta de Square<\/a><\/strong>: comience creando una Cuenta de Square para acceder a sus potentes servicios de pasarela de pago.<\/li>\n<li><strong>Configuraci\u00f3n<\/strong>: configure y agregue Square sin problemas a sus formularios de donaci\u00f3n de GiveWP.<\/li>\n<\/ol>\n<p>No pierdas la oportunidad de optimizar tu plataforma de donaci\u00f3n. Lleve sus esfuerzos de recaudaci\u00f3n de fondos al siguiente nivel con la pasarela de pago de Square para GiveWP. Optimice las donaciones, inspire la confianza de los donantes y aumente el \u00e9xito de sus iniciativas ben\u00e9ficas. Comience ahora y descubra los beneficios de la recaudaci\u00f3n de fondos en l\u00ednea sin complicaciones.<\/p>\n<p>\u00bfListo para mejorar su experiencia de donaci\u00f3n? Descargue Square Payment Gateway para GiveWP y comience a aceptar donaciones con confianza.<\/p>\n","protected":false},"excerpt":{"rendered":"<p>Integrate Square Gateway for GiveWP<\/p>\n","protected":false},"featured_media":2323,"comment_status":"open","ping_status":"closed","template":"","meta":{"_acf_changed":false},"product_cat":[87],"product_tag":[141],"class_list":{"0":"post-2322","1":"product","2":"type-product","3":"status-publish","4":"has-post-thumbnail","6":"product_cat-wpgive","7":"product_tag-square","9":"first","10":"instock","11":"shipping-taxable","12":"purchasable","13":"product-type-simple"},"acf":[],"_links":{"self":[{"href":"https:\/\/wpayo.com\/es\/wp-json\/wp\/v2\/product\/2322","targetHints":{"allow":["GET"]}}],"collection":[{"href":"https:\/\/wpayo.com\/es\/wp-json\/wp\/v2\/product"}],"about":[{"href":"https:\/\/wpayo.com\/es\/wp-json\/wp\/v2\/types\/product"}],"replies":[{"embeddable":true,"href":"https:\/\/wpayo.com\/es\/wp-json\/wp\/v2\/comments?post=2322"}],"wp:featuredmedia":[{"embeddable":true,"href":"https:\/\/wpayo.com\/es\/wp-json\/wp\/v2\/media\/2323"}],"wp:attachment":[{"href":"https:\/\/wpayo.com\/es\/wp-json\/wp\/v2\/media?parent=2322"}],"wp:term":[{"taxonomy":"product_cat","embeddable":true,"href":"https:\/\/wpayo.com\/es\/wp-json\/wp\/v2\/product_cat?post=2322"},{"taxonomy":"product_tag","embeddable":true,"href":"https:\/\/wpayo.com\/es\/wp-json\/wp\/v2\/product_tag?post=2322"}],"curies":[{"name":"wp","href":"https:\/\/api.w.org\/{rel}","templated":true}]}}