{"id":2438,"date":"2024-01-17T13:18:54","date_gmt":"2024-01-17T13:18:54","guid":{"rendered":"https:\/\/wpayo.com\/es\/?post_type=product&#038;p=2438"},"modified":"2024-01-17T13:18:55","modified_gmt":"2024-01-17T13:18:55","slug":"acceptblue-payment-gateway-easy-digital-downloads","status":"publish","type":"product","link":"https:\/\/wpayo.com\/es\/paga-gateway\/acceptblue-payment-gateway-easy-digital-downloads\/","title":{"rendered":"AcceptBlue Payment Gateway &#8211; Easy Digital Downloads"},"content":{"rendered":"<div class=\"flex flex-grow flex-col gap-3 max-w-full\">\n<div class=\"min-h-[20px] flex flex-col items-start gap-3 espacios en blanco-pre-wrap break-words overflow-x-auto\">\n<div class=\"prosa rebajada con palabras de ruptura completas oscuras: prosa-invertida oscura\">\n<p><strong>Pasarela de pago AcceptBlue para descargas digitales sencillas: maximice sus ventas digitales con Pasarela de pago AcceptBlue para descargas digitales sencillas: simplifique las transacciones, mejore la experiencia del usuario y garantice pagos seguros y fluidos para sus productos digitales.<strong> \/strong><\/p>\n<p>Optimice las ventas de sus productos digitales con la <strong>pasarela de pago AcceptBlue para descargas digitales sencillas (EDD)<\/strong>. Integre perfectamente esta soluci\u00f3n de pago segura y eficiente para agilizar el proceso de ventas de sus productos digitales, mejorar la confianza del usuario y aumentar sus ingresos en l\u00ednea.<\/p>\n<p><strong>Caracter\u00edsticas y beneficios clave:<\/strong><\/p>\n<ul>\n<li><strong>Transacciones seguras:<\/strong> Con AcceptBlue, puede confiar en que todas las ventas de productos digitales se procesan con el m\u00e1s alto nivel de seguridad. Seguimos protocolos de seguridad est\u00e1ndar de la industria para proteger datos confidenciales y prevenir fraudes.<\/li>\n<li><strong>Procesamiento de pagos sin esfuerzo:<\/strong> La pasarela de pago AcceptBlue simplifica el proceso de cobro de pagos para sus clientes. Ya sea que venda software, libros electr\u00f3nicos o cualquier otro producto digital, nuestra soluci\u00f3n lo tiene cubierto.<\/li>\n<li><strong>Principales tarjetas de cr\u00e9dito:<\/strong> Ofrezca a sus clientes la posibilidad de realizar pagos con las principales tarjetas de cr\u00e9dito, generando confianza y mejorando la credibilidad de su tienda en l\u00ednea.<\/li>\n<li><strong>Personalizaci\u00f3n:<\/strong> personalice la experiencia de pago para que coincida con su marca y garantice una apariencia uniforme y profesional.<\/li>\n<\/ul>\n<p><strong>C\u00f3mo empezar:<\/strong><\/p>\n<ol>\n<li><strong>Explore AcceptBlue:<\/strong> Visite el sitio web oficial de AcceptBlue en <a href=\"https:\/\/accept.blue\" target=\"_new\" rel=\"noopener\">https: \/\/accept.blue <\/a> para obtener m\u00e1s informaci\u00f3n sobre nuestros servicios y funciones.<\/li>\n<li><strong>Compruebe la integraci\u00f3n con Easy Digital Downloads:<\/strong> Encuentre documentaci\u00f3n, complementos o integraciones relacionadas con AcceptBlue y Easy Digital Downloads en nuestro sitio web.<\/li>\n<li><strong>Instale el complemento:<\/strong> si est\u00e1 disponible, instale el complemento AcceptBlue para descargas digitales sencillas a trav\u00e9s del panel de administraci\u00f3n de WordPress.<\/li>\n<li><strong>Configurar ajustes:<\/strong> Configure el complemento ingresando los detalles de su cuenta de AcceptBlue, incluida la informaci\u00f3n de su cuenta de comerciante y las claves API.<\/li>\n<li><strong>Personalice su tienda EDD:<\/strong> cree o edite hojas de productos digitales en Easy Digital Downloads y habilite AcceptBlue como opci\u00f3n de pago en la configuraci\u00f3n de su proceso de pago.<\/li>\n<li><strong>Prueba y lanzamiento:<\/strong> realice transacciones de prueba para garantizar que la integraci\u00f3n funcione seg\u00fan lo esperado. Una vez satisfecho, contin\u00fae con las ventas en vivo.<\/li>\n<li><strong>Supervisar y mantener:<\/strong> Supervisar el procesamiento de pagos peri\u00f3dicamente para garantizar una experiencia de usuario perfecta. Mant\u00e9ngase informado sobre cualquier cambio o actualizaci\u00f3n de la pasarela de pagos de AcceptBlue.<\/li>\n<\/ol>\n<p>Integre la pasarela de pago AcceptBlue para descargas digitales sencillas y brinde a sus clientes una experiencia de compra de productos digitales segura y eficiente. Ya sea que venda software, libros electr\u00f3nicos o cualquier otro producto digital, nuestra soluci\u00f3n simplifica el proceso y mejora la satisfacci\u00f3n del usuario. Visite <a href=\"https:\/\/accept.blue\" target=\"_new\" rel=\"noopener\">https:\/\/accept.blue<\/a> para comenzar.<\/p>\n<\/div>\n<\/div>\n<\/div>\n","protected":false},"excerpt":{"rendered":"<p>Integrate AcceptBlue Gateway for Easy Digital Downloads<\/p>\n","protected":false},"featured_media":2439,"comment_status":"open","ping_status":"closed","template":"","meta":{"_acf_changed":false},"product_cat":[48],"product_tag":[242],"class_list":{"0":"post-2438","1":"product","2":"type-product","3":"status-publish","4":"has-post-thumbnail","6":"product_cat-easy-digital-downloads","7":"product_tag-acceptblue","9":"first","10":"instock","11":"shipping-taxable","12":"purchasable","13":"product-type-simple"},"acf":[],"_links":{"self":[{"href":"https:\/\/wpayo.com\/es\/wp-json\/wp\/v2\/product\/2438","targetHints":{"allow":["GET"]}}],"collection":[{"href":"https:\/\/wpayo.com\/es\/wp-json\/wp\/v2\/product"}],"about":[{"href":"https:\/\/wpayo.com\/es\/wp-json\/wp\/v2\/types\/product"}],"replies":[{"embeddable":true,"href":"https:\/\/wpayo.com\/es\/wp-json\/wp\/v2\/comments?post=2438"}],"wp:featuredmedia":[{"embeddable":true,"href":"https:\/\/wpayo.com\/es\/wp-json\/wp\/v2\/media\/2439"}],"wp:attachment":[{"href":"https:\/\/wpayo.com\/es\/wp-json\/wp\/v2\/media?parent=2438"}],"wp:term":[{"taxonomy":"product_cat","embeddable":true,"href":"https:\/\/wpayo.com\/es\/wp-json\/wp\/v2\/product_cat?post=2438"},{"taxonomy":"product_tag","embeddable":true,"href":"https:\/\/wpayo.com\/es\/wp-json\/wp\/v2\/product_tag?post=2438"}],"curies":[{"name":"wp","href":"https:\/\/api.w.org\/{rel}","templated":true}]}}