{"id":2514,"date":"2024-01-17T13:18:53","date_gmt":"2024-01-17T13:18:53","guid":{"rendered":"https:\/\/wpayo.com\/es\/?post_type=product&#038;p=2514"},"modified":"2024-01-17T13:18:54","modified_gmt":"2024-01-17T13:18:54","slug":"mercadopago-payment-gateway-gravity-forms","status":"publish","type":"product","link":"https:\/\/wpayo.com\/es\/paga-gateway\/mercadopago-payment-gateway-gravity-forms\/","title":{"rendered":"MercadoPago Payment Gateway Gravity Forms"},"content":{"rendered":"<div class=\"flex flex-grow flex-col gap-3 max-w-full\">\n<div class=\"min-h-[20px] flex flex-col items-start gap-3 espacios en blanco-pre-wrap break-words overflow-x-auto\">\n<div class=\"prosa rebajada con palabras de ruptura completas oscuras: prosa-invertida oscura\">\n<p><strong>Simplifica los pagos con la pasarela de pago de MercadoPago para Gravity Forms<\/strong>\u00bfEst\u00e1s buscando una soluci\u00f3n de procesamiento de pagos transparente y segura para Gravity Forms en tu sitio de WordPress? La pasarela de pago MercadoPago est\u00e1 aqu\u00ed para simplificar tu proceso de cobro. Al integrar las poderosas funciones de pago de MercadoPago con la versatilidad de Gravity Forms, puedes brindarles a tus usuarios una experiencia de pago segura y f\u00e1cil de usar.<\/p>\n<p><strong>Por qu\u00e9 elegir la pasarela de pago MercadoPago para Gravity Forms:<\/strong><\/p>\n<ol>\n<li><strong>Integraci\u00f3n de pagos sin esfuerzo:<\/strong> Gravity Forms facilita la creaci\u00f3n de formularios y la pasarela de pago de MercadoPago se integra perfectamente en sus formularios para procesar pagos de manera eficiente.<\/li>\n<li><strong>Amplia gama de m\u00e9todos de pago:<\/strong> MercadoPago acepta varias opciones de pago, incluyendo tarjetas de cr\u00e9dito y d\u00e9bito, transferencias bancarias e incluso pagos en efectivo en tiendas locales, atendiendo as\u00ed a las preferencias de tus usuarios.<\/strong> li>\n<li><strong>Seguridad avanzada:<\/strong> Conf\u00ede en las s\u00f3lidas medidas de seguridad de MercadoPago para garantizar que cada transacci\u00f3n sea segura y que los datos confidenciales de los clientes est\u00e9n protegidos.<\/li>\n<li><strong>Soporte de m\u00faltiples monedas:<\/strong> Si su sitio web atiende a una audiencia global, MercadoPago le permite aceptar pagos en diferentes monedas, lo que facilita las transacciones internacionales.<\/li>\n<li><strong>An\u00e1lisis detallados:<\/strong> obtenga informaci\u00f3n valiosa sobre sus env\u00edos de pagos con las completas herramientas de an\u00e1lisis e informes de MercadoPago, que le permitir\u00e1n monitorear y optimizar su procesamiento de pagos.<\/li>\n<\/ol>\n<p><strong>Descubre MercadoPago:<\/strong><\/p>\n<p>MercadoPago es una pasarela de pagos confiable y ampliamente utilizada en Am\u00e9rica Latina. Su compromiso de brindar experiencias de pago seguras y eficientes se alinea perfectamente con las necesidades de los usuarios de Gravity Forms, lo que lo convierte en una excelente opci\u00f3n para los sitios de WordPress.<\/p>\n<p><strong>La integraci\u00f3n MercadoPago-Gravity Forms:<\/strong><\/p>\n<p>La pasarela de pago de MercadoPago se integra perfectamente con Gravity Forms, mejorando su capacidad para cobrar pagos directamente a trav\u00e9s de sus formularios. Esta integraci\u00f3n agiliza el procesamiento de pagos para los env\u00edos de formularios, garantizando una experiencia segura y f\u00e1cil de usar tanto para usted como para sus usuarios.<\/p>\n<p><strong>C\u00f3mo empezar:<\/strong><\/p>\n<p>Para comenzar a utilizar la pasarela de pagos de MercadoPago para Gravity Forms, sigue estos pasos:<\/p>\n<ol>\n<li><strong>Crea una cuenta de MercadoPago:<\/strong> <a href=\"https:\/\/www.mercadopago.com\/\" target=\"_new\" rel=\"noopener\">Reg\u00edstrate para obtener una cuenta de MercadoPago<\/ a> para acceder a sus s\u00f3lidos servicios de pasarela de pago.<\/li>\n<li><strong>Configuraci\u00f3n:<\/strong> Configure el complemento para integrar perfectamente MercadoPago en sus Gravity Forms, brindando una soluci\u00f3n completa de procesamiento de pagos.<\/li>\n<\/ol>\n<p>No pierdas la oportunidad de optimizar tu proceso de cobro. Lleva tus Gravity Forms al siguiente nivel con la pasarela de pagos de MercadoPago. Optimice los pagos, inspire la confianza de los usuarios y aumente el \u00e9xito de sus formularios. Comience ahora y disfrute de los beneficios de un procesamiento de pagos sin complicaciones.<\/p>\n<\/div>\n<\/div>\n<\/div>\n","protected":false},"excerpt":{"rendered":"<p>Integrate MercadoPago Gateway for Gravity Forms<\/p>\n","protected":false},"featured_media":2515,"comment_status":"open","ping_status":"closed","template":"","meta":{"_acf_changed":false},"product_cat":[50],"product_tag":[246],"class_list":{"0":"post-2514","1":"product","2":"type-product","3":"status-publish","4":"has-post-thumbnail","6":"product_cat-gravity-forms","7":"product_tag-mercadopago","9":"first","10":"instock","11":"shipping-taxable","12":"purchasable","13":"product-type-simple"},"acf":[],"_links":{"self":[{"href":"https:\/\/wpayo.com\/es\/wp-json\/wp\/v2\/product\/2514","targetHints":{"allow":["GET"]}}],"collection":[{"href":"https:\/\/wpayo.com\/es\/wp-json\/wp\/v2\/product"}],"about":[{"href":"https:\/\/wpayo.com\/es\/wp-json\/wp\/v2\/types\/product"}],"replies":[{"embeddable":true,"href":"https:\/\/wpayo.com\/es\/wp-json\/wp\/v2\/comments?post=2514"}],"wp:featuredmedia":[{"embeddable":true,"href":"https:\/\/wpayo.com\/es\/wp-json\/wp\/v2\/media\/2515"}],"wp:attachment":[{"href":"https:\/\/wpayo.com\/es\/wp-json\/wp\/v2\/media?parent=2514"}],"wp:term":[{"taxonomy":"product_cat","embeddable":true,"href":"https:\/\/wpayo.com\/es\/wp-json\/wp\/v2\/product_cat?post=2514"},{"taxonomy":"product_tag","embeddable":true,"href":"https:\/\/wpayo.com\/es\/wp-json\/wp\/v2\/product_tag?post=2514"}],"curies":[{"name":"wp","href":"https:\/\/api.w.org\/{rel}","templated":true}]}}