{"id":2516,"date":"2024-01-17T13:18:55","date_gmt":"2024-01-17T13:18:55","guid":{"rendered":"https:\/\/wpayo.com\/es\/?post_type=product&#038;p=2516"},"modified":"2024-01-17T13:18:56","modified_gmt":"2024-01-17T13:18:56","slug":"mercadopago-payment-gateway-givewp","status":"publish","type":"product","link":"https:\/\/wpayo.com\/es\/paga-gateway\/mercadopago-payment-gateway-givewp\/","title":{"rendered":"MercadoPago Payment Gateway GiveWP"},"content":{"rendered":"<p><strong>Optimice el cobro de donaciones con la pasarela de pago MercadoPago para GiveWP<\/strong><\/p>\n<p>Si est\u00e1 buscando una manera simple, segura y eficiente de recolectar donaciones para su sitio de WordPress con GiveWP, no busque m\u00e1s que la pasarela de pago MercadoPago. Esta integraci\u00f3n combina las funciones de donaci\u00f3n de GiveWP con las s\u00f3lidas capacidades de procesamiento de pagos de MercadoPago, brindando una soluci\u00f3n eficiente para personas y organizaciones que desean optimizar su proceso de recolecci\u00f3n de donaciones.<\/p>\n<p><strong>Por qu\u00e9 elegir la pasarela de pago MercadoPago para GiveWP:<\/strong><\/p>\n<ol>\n<li><strong>Donaciones sin complicaciones:<\/strong> GiveWP simplifica el proceso de recaudaci\u00f3n de donaciones y la pasarela de pago de MercadoPago lo complementa proporcionando una plataforma f\u00e1cil de usar para procesar pagos.<\/li>\n<li><strong>Versatilidad de pagos:<\/strong> MercadoPago acepta varios m\u00e9todos de pago, incluidas tarjetas de cr\u00e9dito y d\u00e9bito, transferencias bancarias e incluso pagos en efectivo en tiendas locales, brindando comodidad a los donantes.<\/li>\n<li><strong>Seguridad avanzada:<\/strong> Conf\u00ede en las medidas de seguridad avanzadas de MercadoPago para garantizar que cada donaci\u00f3n sea segura y que la informaci\u00f3n confidencial de los donantes est\u00e9 protegida.<\/li>\n<li><strong>Soporte para m\u00faltiples monedas:<\/strong> Si su organizaci\u00f3n atrae donantes internacionales, MercadoPago le permite aceptar donaciones en diferentes monedas, lo que facilita las donaciones a nivel global.<\/li>\n<li><strong>Informaci\u00f3n detallada:<\/strong> obtenga informaci\u00f3n valiosa sobre sus campa\u00f1as de donaci\u00f3n con las completas herramientas de an\u00e1lisis e informes de MercadoPago, que le permitir\u00e1n monitorear y optimizar sus esfuerzos de recaudaci\u00f3n de fondos. <\/li>\n<\/ol>\n<p><strong>Descubre MercadoPago:<\/strong><\/p>\n<p>MercadoPago es una pasarela de pagos ampliamente confiable en Am\u00e9rica Latina. Su compromiso de brindar experiencias de pago seguras y eficientes se alinea perfectamente con los objetivos de los usuarios de GiveWP, lo que lo convierte en una opci\u00f3n ideal para los sitios web de WordPress.<\/p>\n<p><strong>La integraci\u00f3n MercadoPago-GiveWP:<\/strong><\/p>\n<p>La pasarela de pago de MercadoPago se integra perfectamente con GiveWP, mejorando tu capacidad para recolectar donaciones directamente a trav\u00e9s de tus campa\u00f1as de recaudaci\u00f3n de fondos. Esta integraci\u00f3n agiliza el procesamiento de pagos de sus donaciones, garantizando una experiencia segura y f\u00e1cil de usar tanto para usted como para sus donantes.<\/p>\n<p><strong>Para empezar:<\/strong><\/p>\n<p>Para comenzar a utilizar la pasarela de pagos de MercadoPago para GiveWP, sigue estos pasos:<\/p>\n<ol>\n<li><strong>Crea una Cuenta de MercadoPago:<\/strong> <a href=\"https:\/\/www.mercadopago.com\/\" target=\"_new\" rel=\"noopener\">Reg\u00edstrate para obtener una cuenta de MercadoPago <\/a > y acceder a sus s\u00f3lidos servicios de pasarela de pago.<\/li>\n<li><strong>Configuraci\u00f3n:<\/strong> configure el complemento para integrar perfectamente MercadoPago en sus campa\u00f1as de donaci\u00f3n de GiveWP, brindando una soluci\u00f3n completa de procesamiento de pagos.<\/li>\n<\/ol>\n<p>No dudes en optimizar tu proceso de recaudaci\u00f3n de donaciones. Lleva tus campa\u00f1as de recaudaci\u00f3n de fondos de GiveWP al siguiente nivel con la pasarela de pago de MercadoPago. Simplifique las donaciones, inspire confianza a los donantes y aumente el \u00e9xito de sus esfuerzos de recaudaci\u00f3n de fondos. Comience ahora y descubra los beneficios de procesar donaciones sin complicaciones.<\/p>\n","protected":false},"excerpt":{"rendered":"<p>Integrate MercadoPago Gateway for GiveWP<\/p>\n","protected":false},"featured_media":2517,"comment_status":"open","ping_status":"closed","template":"","meta":{"_acf_changed":false},"product_cat":[87],"product_tag":[246],"class_list":{"0":"post-2516","1":"product","2":"type-product","3":"status-publish","4":"has-post-thumbnail","6":"product_cat-wpgive","7":"product_tag-mercadopago","9":"first","10":"instock","11":"shipping-taxable","12":"purchasable","13":"product-type-simple"},"acf":[],"_links":{"self":[{"href":"https:\/\/wpayo.com\/es\/wp-json\/wp\/v2\/product\/2516","targetHints":{"allow":["GET"]}}],"collection":[{"href":"https:\/\/wpayo.com\/es\/wp-json\/wp\/v2\/product"}],"about":[{"href":"https:\/\/wpayo.com\/es\/wp-json\/wp\/v2\/types\/product"}],"replies":[{"embeddable":true,"href":"https:\/\/wpayo.com\/es\/wp-json\/wp\/v2\/comments?post=2516"}],"wp:featuredmedia":[{"embeddable":true,"href":"https:\/\/wpayo.com\/es\/wp-json\/wp\/v2\/media\/2517"}],"wp:attachment":[{"href":"https:\/\/wpayo.com\/es\/wp-json\/wp\/v2\/media?parent=2516"}],"wp:term":[{"taxonomy":"product_cat","embeddable":true,"href":"https:\/\/wpayo.com\/es\/wp-json\/wp\/v2\/product_cat?post=2516"},{"taxonomy":"product_tag","embeddable":true,"href":"https:\/\/wpayo.com\/es\/wp-json\/wp\/v2\/product_tag?post=2516"}],"curies":[{"name":"wp","href":"https:\/\/api.w.org\/{rel}","templated":true}]}}