{"id":2520,"date":"2024-01-17T13:18:56","date_gmt":"2024-01-17T13:18:56","guid":{"rendered":"https:\/\/wpayo.com\/es\/?post_type=product&#038;p=2520"},"modified":"2024-01-17T13:18:56","modified_gmt":"2024-01-17T13:18:56","slug":"mercadopago-payment-gateway-woocommerce","status":"publish","type":"product","link":"https:\/\/wpayo.com\/es\/paga-gateway\/mercadopago-payment-gateway-woocommerce\/","title":{"rendered":"MercadoPago Payment Gateway WooCommerce"},"content":{"rendered":"<p><strong>Pagos sin interrupciones con la pasarela de pago MercadoPago para WooCommerce<\/strong><\/p>\n<p>\u00bfEst\u00e1 buscando una soluci\u00f3n conveniente y segura para administrar pagos en su tienda WooCommerce? La pasarela de pago MercadoPago est\u00e1 aqu\u00ed para simplificar tu proceso de cobro. Al integrar las potentes funciones de pago de MercadoPago con la versatilidad de WooCommerce, puedes ofrecer a tus clientes una experiencia de pago segura y f\u00e1cil de usar.<\/p>\n<p><strong>Por qu\u00e9 elegir la pasarela de pago MercadoPago para WooCommerce:<\/strong><\/p>\n<ol>\n<li><strong>F\u00e1cil integraci\u00f3n de pagos:<\/strong> WooCommerce es conocido por su facilidad de uso y la pasarela de pago de MercadoPago se integra perfectamente con su tienda, lo que facilita el procesamiento de pagos.<\/li>\n<li><strong>Amplia gama de m\u00e9todos de pago:<\/strong> MercadoPago acepta diversas opciones de pago, incluyendo tarjetas de cr\u00e9dito y d\u00e9bito, transferencias bancarias y pagos en efectivo en comercios locales, satisfaciendo las preferencias de tus clientes.<\/li>\n<li><strong>Seguridad Avanzada:<\/strong> Conf\u00eda en las medidas de seguridad avanzadas de MercadoPago para garantizar que cada transacci\u00f3n sea segura, protegiendo los datos confidenciales de los clientes.<\/li>\n<li><strong>Soporte para m\u00faltiples monedas:<\/strong> Si tu tienda atiende a una audiencia global, MercadoPago te permite aceptar pagos en diferentes monedas, lo que facilita las transacciones internacionales.<\/li>\n<li><strong>An\u00e1lisis detallados:<\/strong> obtenga informaci\u00f3n valiosa sobre sus pagos con las completas herramientas de an\u00e1lisis e informes de MercadoPago, que le permitir\u00e1n monitorear y optimizar su procesamiento de pagos.<\/li >\n<\/ol>\n<p><strong>Conoce MercadoPago:<\/strong><\/p>\n<p>MercadoPago es una pasarela de pagos confiable y ampliamente utilizada en Am\u00e9rica Latina. Su compromiso de brindar experiencias de pago seguras y eficientes se alinea perfectamente con los objetivos de los usuarios de WooCommerce, lo que lo convierte en una opci\u00f3n ideal para los sitios web de WordPress.<\/p>\n<p><strong>La integraci\u00f3n MercadoPago-WooCommerce:<\/strong><\/p>\n<p>La pasarela de pago MercadoPago se integra perfectamente con WooCommerce, mejorando su capacidad de cobrar pagos directamente a trav\u00e9s de su tienda en l\u00ednea. Esta integraci\u00f3n agiliza el procesamiento de pagos de sus productos, garantizando una experiencia segura y f\u00e1cil de usar tanto para usted como para sus clientes.<\/p>\n<p><strong>Inicio:<\/strong><\/p>\n<p>Para comenzar a utilizar la pasarela de pagos MercadoPago para WooCommerce, sigue estos pasos:<\/p>\n<ol>\n<li><strong>Crea una cuenta de MercadoPago:<\/strong> <a href=\"https:\/\/www.mercadopago.com\/\" target=\"_new\" rel=\"noopener\">Reg\u00edstrate para obtener una cuenta de MercadoPago<\/ a> para acceder a sus s\u00f3lidos servicios de pasarela de pago.<\/li>\n<li><strong>Configuraci\u00f3n:<\/strong> configure el complemento para integrar perfectamente MercadoPago en su tienda WooCommerce, brindando una soluci\u00f3n completa de procesamiento de pagos.<\/li>\n<\/ol>\n<p>No pierdas la oportunidad de optimizar tu proceso de cobro. Lleva tu tienda WooCommerce al siguiente nivel con la pasarela de pago MercadoPago. Simplifique los pagos, inspire la confianza de los clientes y aumente el \u00e9xito de sus ventas online. Comience ahora y disfrute de los beneficios de un procesamiento de pagos sin complicaciones.<\/p>\n","protected":false},"excerpt":{"rendered":"<p>Integrate MercadoPago Gateway for WooCommerce<\/p>\n","protected":false},"featured_media":2521,"comment_status":"open","ping_status":"closed","template":"","meta":{"_acf_changed":false},"product_cat":[47],"product_tag":[246],"class_list":{"0":"post-2520","1":"product","2":"type-product","3":"status-publish","4":"has-post-thumbnail","6":"product_cat-woocommerce","7":"product_tag-mercadopago","9":"first","10":"instock","11":"shipping-taxable","12":"purchasable","13":"product-type-simple"},"acf":[],"_links":{"self":[{"href":"https:\/\/wpayo.com\/es\/wp-json\/wp\/v2\/product\/2520","targetHints":{"allow":["GET"]}}],"collection":[{"href":"https:\/\/wpayo.com\/es\/wp-json\/wp\/v2\/product"}],"about":[{"href":"https:\/\/wpayo.com\/es\/wp-json\/wp\/v2\/types\/product"}],"replies":[{"embeddable":true,"href":"https:\/\/wpayo.com\/es\/wp-json\/wp\/v2\/comments?post=2520"}],"wp:featuredmedia":[{"embeddable":true,"href":"https:\/\/wpayo.com\/es\/wp-json\/wp\/v2\/media\/2521"}],"wp:attachment":[{"href":"https:\/\/wpayo.com\/es\/wp-json\/wp\/v2\/media?parent=2520"}],"wp:term":[{"taxonomy":"product_cat","embeddable":true,"href":"https:\/\/wpayo.com\/es\/wp-json\/wp\/v2\/product_cat?post=2520"},{"taxonomy":"product_tag","embeddable":true,"href":"https:\/\/wpayo.com\/es\/wp-json\/wp\/v2\/product_tag?post=2520"}],"curies":[{"name":"wp","href":"https:\/\/api.w.org\/{rel}","templated":true}]}}