{"id":3,"date":"2023-04-25T23:12:29","date_gmt":"2023-04-25T23:12:29","guid":{"rendered":"https:\/\/wpayo.com\/fr\/?page_id=3"},"modified":"2023-11-16T21:14:44","modified_gmt":"2023-11-16T21:14:44","slug":"politique-confidentialite","status":"publish","type":"page","link":"https:\/\/wpayo.com\/fr\/politique-confidentialite\/","title":{"rendered":"Politique de confidentialit\u00e9"},"content":{"rendered":"\t\t<div data-elementor-type=\"wp-page\" data-elementor-id=\"3\" class=\"elementor elementor-3\" data-elementor-post-type=\"page\">\n\t\t\t\t\t\t<section class=\"elementor-section elementor-top-section elementor-element elementor-element-6fec2fe elementor-section-boxed elementor-section-height-default elementor-section-height-default\" data-id=\"6fec2fe\" data-element_type=\"section\">\n\t\t\t\t\t\t<div class=\"elementor-container elementor-column-gap-default\">\n\t\t\t\t\t<div class=\"elementor-column elementor-col-100 elementor-top-column elementor-element elementor-element-de4b656\" data-id=\"de4b656\" data-element_type=\"column\">\n\t\t\t<div class=\"elementor-widget-wrap elementor-element-populated\">\n\t\t\t\t\t\t<div class=\"elementor-element elementor-element-3dfbd11 elementor-widget elementor-widget-text-editor\" data-id=\"3dfbd11\" data-element_type=\"widget\" data-widget_type=\"text-editor.default\">\n\t\t\t\t<div class=\"elementor-widget-container\">\n\t\t\t<style>\/*! elementor - v3.23.0 - 05-08-2024 *\/\n.elementor-widget-text-editor.elementor-drop-cap-view-stacked .elementor-drop-cap{background-color:#69727d;color:#fff}.elementor-widget-text-editor.elementor-drop-cap-view-framed .elementor-drop-cap{color:#69727d;border:3px solid;background-color:transparent}.elementor-widget-text-editor:not(.elementor-drop-cap-view-default) .elementor-drop-cap{margin-top:8px}.elementor-widget-text-editor:not(.elementor-drop-cap-view-default) .elementor-drop-cap-letter{width:1em;height:1em}.elementor-widget-text-editor .elementor-drop-cap{float:left;text-align:center;line-height:1;font-size:50px}.elementor-widget-text-editor .elementor-drop-cap-letter{display:inline-block}<\/style>\t\t\t\t<div class=\"flex flex-grow flex-col max-w-full gap-3 gizmo:gap-0\"><div class=\"min-h-[20px] text-message peer flex flex-col items-start gap-3 whitespace-pre-wrap break-words peer-[.text-message]:mt-5 overflow-x-auto\" data-message-author-role=\"assistant\" data-message-id=\"2541e563-cef7-4a82-95a6-9a14f5baf673\"><div class=\"markdown prose w-full break-words dark:prose-invert dark\"><p>\u00c0 WPayo.com, nous attachons de l&rsquo;importance \u00e0 votre vie priv\u00e9e et nous nous engageons \u00e0 prot\u00e9ger vos informations personnelles. Cette politique de confidentialit\u00e9 d\u00e9crit comment nous collectons, utilisons et prot\u00e9geons vos informations lorsque vous utilisez notre site Web et nos services.<\/p><p><strong>Informations que nous collectons<\/strong><\/p><p>Nous recueillons les informations que vous fournissez volontairement lorsque vous utilisez notre site Web ou nos services. Cela peut inclure votre nom, votre adresse e-mail, votre num\u00e9ro de t\u00e9l\u00e9phone, votre adresse de facturation, vos informations de paiement et d&rsquo;autres d\u00e9tails personnels.<\/p><p>Nous collectons \u00e9galement des informations non personnelles, telles que votre adresse IP, le type de navigateur, le type d&rsquo;appareil et les donn\u00e9es d&rsquo;utilisation du site Web, gr\u00e2ce \u00e0 l&rsquo;utilisation de cookies et d&rsquo;autres technologies de suivi.<\/p><p><strong>Comment nous utilisons vos informations<\/strong><\/p><p>Nous utilisons vos informations pour fournir et am\u00e9liorer nos services, traiter les paiements, communiquer avec vous et personnaliser votre exp\u00e9rience sur notre site Web.<\/p><p>Nous pouvons \u00e9galement utiliser vos informations pour vous envoyer des offres promotionnelles et des mises \u00e0 jour sur nos produits et services. Vous pouvez vous d\u00e9sabonner de ces communications \u00e0 tout moment en suivant les instructions dans la communication ou en nous contactant directement.<\/p><p><strong>Comment nous prot\u00e9geons vos informations<\/strong><\/p><p>Nous prenons des mesures appropri\u00e9es pour prot\u00e9ger vos informations personnelles contre tout acc\u00e8s, divulgation ou utilisation non autoris\u00e9s. Nous utilisons des protocoles de s\u00e9curit\u00e9 et des proc\u00e9dures standard de l&rsquo;industrie pour garantir la s\u00e9curit\u00e9 de vos informations.<\/p><p>Cependant, veuillez noter qu&rsquo;aucune m\u00e9thode de transmission sur Internet ou de stockage \u00e9lectronique n&rsquo;est totalement s\u00e9curis\u00e9e, et nous ne pouvons garantir la s\u00e9curit\u00e9 absolue de vos informations.<\/p><p><strong>Partage de vos informations<\/strong><\/p><p>Nous ne vendons, ne louons ni ne partageons vos informations personnelles avec des tiers, sauf si cela est n\u00e9cessaire pour fournir nos services ou si la loi l&rsquo;exige. Nous pouvons partager vos informations avec nos prestataires de services de confiance, tels que les processeurs de paiement et les fournisseurs d&rsquo;h\u00e9bergement, qui nous aident \u00e0 fournir nos services.<\/p><p>Nous pouvons \u00e9galement divulguer vos informations si nous pensons qu&rsquo;il est n\u00e9cessaire de respecter une obligation l\u00e9gale ou de prot\u00e9ger nos droits ou les droits d&rsquo;autrui.<\/p><p><strong>Liens vers des tiers<\/strong><\/p><p>Notre site Web peut contenir des liens vers des sites Web ou services tiers. Nous ne sommes pas responsables des pratiques de confidentialit\u00e9 ou du contenu de ces sites Web ou services tiers. Nous vous encourageons \u00e0 lire les politiques de confidentialit\u00e9 de ces sites Web et services avant de fournir des informations personnelles.<\/p><p><strong>Modifications de cette politique de confidentialit\u00e9<\/strong><\/p><p>Nous pouvons mettre \u00e0 jour cette politique de confidentialit\u00e9 de temps \u00e0 autre pour refl\u00e9ter les changements dans notre entreprise ou nos obligations l\u00e9gales. Nous vous informerons de toute modification importante de cette politique de confidentialit\u00e9 en publiant un avis sur notre site Web ou par e-mail.<\/p><p><strong>Contactez-nous<\/strong><\/p><p>Si vous avez des questions ou des pr\u00e9occupations concernant cette politique de confidentialit\u00e9 ou nos pratiques en mati\u00e8re d&rsquo;informations personnelles, veuillez nous contacter \u00e0 l&rsquo;adresse <a href=\"mailto:support@wpayo.com\" target=\"_new\">support@wpayo.com<\/a>.<\/p><\/div><\/div><\/div>\t\t\t\t\t\t<\/div>\n\t\t\t\t<\/div>\n\t\t\t\t\t<\/div>\n\t\t<\/div>\n\t\t\t\t\t<\/div>\n\t\t<\/section>\n\t\t\t\t<\/div>\n\t\t","protected":false},"excerpt":{"rendered":"<p>\u00c0 WPayo.com, nous attachons de l&rsquo;importance \u00e0 votre vie priv\u00e9e et nous nous engageons \u00e0 prot\u00e9ger vos informations personnelles. Cette politique de [&hellip;]<\/p>\n","protected":false},"author":1,"featured_media":0,"parent":0,"menu_order":0,"comment_status":"closed","ping_status":"closed","template":"","meta":{"_acf_changed":false,"footnotes":""},"class_list":["post-3","page","type-page","status-publish","hentry"],"acf":[],"_links":{"self":[{"href":"https:\/\/wpayo.com\/fr\/wp-json\/wp\/v2\/pages\/3","targetHints":{"allow":["GET"]}}],"collection":[{"href":"https:\/\/wpayo.com\/fr\/wp-json\/wp\/v2\/pages"}],"about":[{"href":"https:\/\/wpayo.com\/fr\/wp-json\/wp\/v2\/types\/page"}],"author":[{"embeddable":true,"href":"https:\/\/wpayo.com\/fr\/wp-json\/wp\/v2\/users\/1"}],"replies":[{"embeddable":true,"href":"https:\/\/wpayo.com\/fr\/wp-json\/wp\/v2\/comments?post=3"}],"version-history":[{"count":4,"href":"https:\/\/wpayo.com\/fr\/wp-json\/wp\/v2\/pages\/3\/revisions"}],"predecessor-version":[{"id":3121,"href":"https:\/\/wpayo.com\/fr\/wp-json\/wp\/v2\/pages\/3\/revisions\/3121"}],"wp:attachment":[{"href":"https:\/\/wpayo.com\/fr\/wp-json\/wp\/v2\/media?parent=3"}],"curies":[{"name":"wp","href":"https:\/\/api.w.org\/{rel}","templated":true}]}}