{"id":563,"date":"2023-05-11T12:35:32","date_gmt":"2023-05-11T12:35:32","guid":{"rendered":"https:\/\/wpayo.com\/fr\/?page_id=563"},"modified":"2023-11-16T21:12:10","modified_gmt":"2023-11-16T21:12:10","slug":"conditions-remboursement","status":"publish","type":"page","link":"https:\/\/wpayo.com\/fr\/conditions-remboursement\/","title":{"rendered":"Conditions de remboursement"},"content":{"rendered":"\t\t<div data-elementor-type=\"wp-page\" data-elementor-id=\"563\" class=\"elementor elementor-563\" data-elementor-post-type=\"page\">\n\t\t\t\t\t\t<section class=\"elementor-section elementor-top-section elementor-element elementor-element-780f4d44 elementor-section-boxed elementor-section-height-default elementor-section-height-default\" data-id=\"780f4d44\" data-element_type=\"section\">\n\t\t\t\t\t\t<div class=\"elementor-container elementor-column-gap-default\">\n\t\t\t\t\t<div class=\"elementor-column elementor-col-100 elementor-top-column elementor-element elementor-element-14f8af37\" data-id=\"14f8af37\" data-element_type=\"column\" data-settings=\"{&quot;background_background&quot;:&quot;classic&quot;}\">\n\t\t\t<div class=\"elementor-widget-wrap elementor-element-populated\">\n\t\t\t\t\t\t<div class=\"elementor-element elementor-element-6f853823 elementor-widget elementor-widget-text-editor\" data-id=\"6f853823\" data-element_type=\"widget\" data-widget_type=\"text-editor.default\">\n\t\t\t\t<div class=\"elementor-widget-container\">\n\t\t\t<style>\/*! elementor - v3.23.0 - 05-08-2024 *\/\n.elementor-widget-text-editor.elementor-drop-cap-view-stacked .elementor-drop-cap{background-color:#69727d;color:#fff}.elementor-widget-text-editor.elementor-drop-cap-view-framed .elementor-drop-cap{color:#69727d;border:3px solid;background-color:transparent}.elementor-widget-text-editor:not(.elementor-drop-cap-view-default) .elementor-drop-cap{margin-top:8px}.elementor-widget-text-editor:not(.elementor-drop-cap-view-default) .elementor-drop-cap-letter{width:1em;height:1em}.elementor-widget-text-editor .elementor-drop-cap{float:left;text-align:center;line-height:1;font-size:50px}.elementor-widget-text-editor .elementor-drop-cap-letter{display:inline-block}<\/style>\t\t\t\t<p>Nous soutenons la qualit\u00e9 de nos plugins, et votre satisfaction est importante pour nous. Si vous rencontrez des probl\u00e8mes avec les th\u00e8mes, nous serons heureux de vous rembourser int\u00e9gralement dans les 14 jours suivant la date initiale de mise \u00e0 niveau. <strong>AUCUNE QUESTION POS\u00c9E<\/strong> ! Bien que nous appr\u00e9cierions vos commentaires sur nos plugins. <strong>[Lire les d\u00e9tails ci-dessous]<\/strong><\/p>\t\t\t\t\t\t<\/div>\n\t\t\t\t<\/div>\n\t\t\t\t\t<\/div>\n\t\t<\/div>\n\t\t\t\t\t<\/div>\n\t\t<\/section>\n\t\t\t\t<section class=\"elementor-section elementor-top-section elementor-element elementor-element-bf4d3af elementor-section-boxed elementor-section-height-default elementor-section-height-default\" data-id=\"bf4d3af\" data-element_type=\"section\">\n\t\t\t\t\t\t<div class=\"elementor-container elementor-column-gap-default\">\n\t\t\t\t\t<div class=\"elementor-column elementor-col-100 elementor-top-column elementor-element elementor-element-bf692c5\" data-id=\"bf692c5\" data-element_type=\"column\">\n\t\t\t<div class=\"elementor-widget-wrap elementor-element-populated\">\n\t\t\t\t\t\t<div class=\"elementor-element elementor-element-e9f3925 elementor-widget elementor-widget-text-editor\" data-id=\"e9f3925\" data-element_type=\"widget\" data-widget_type=\"text-editor.default\">\n\t\t\t\t<div class=\"elementor-widget-container\">\n\t\t\t\t\t\t\t<div class=\"flex flex-grow flex-col max-w-full gap-3 gizmo:gap-0\"><div class=\"min-h-[20px] text-message peer flex flex-col items-start gap-3 whitespace-pre-wrap break-words peer-[.text-message]:mt-5 overflow-x-auto\" data-message-author-role=\"assistant\" data-message-id=\"05e85074-aae4-40c5-813c-f1b4d0147d48\"><div class=\"markdown prose w-full break-words dark:prose-invert dark\"><h3>Politique de remboursement :<\/h3><p>Nous croyons fermement en nos produits \u00e0 100 %, mais nous comprenons qu&rsquo;ils ne peuvent pas fonctionner parfaitement pour tout le monde tout le temps. Si vous n&rsquo;\u00eates pas satisfait de votre achat, ou si vous avez un probl\u00e8me que nous ne pouvons pas r\u00e9soudre et qui rend le syst\u00e8me inutilisable, nous serons heureux d&rsquo;envisager un remboursement.<\/p><p>Les remboursements seront offerts \u00e0 notre enti\u00e8re discr\u00e9tion et doivent remplir toutes les conditions suivantes int\u00e9gralement :<\/p><ol><li>Vous \u00eates dans les 14 premiers jours de l&rsquo;achat des plugins.<\/li><li>Votre probl\u00e8me(s) provient du fait de ne pas pouvoir installer correctement le produit ou de ne pas parvenir \u00e0 lui faire effectuer ses fonctions de base.<\/li><li>Vous avez tent\u00e9 de r\u00e9soudre votre probl\u00e8me(s) avec notre \u00e9quipe de support. Aucun remboursement ne sera accord\u00e9 apr\u00e8s les 14 premiers jours de l&rsquo;achat initial.<\/li><\/ol><p>Les probl\u00e8mes caus\u00e9s par des plugins tiers, des th\u00e8mes ou d&rsquo;autres logiciels ne donneront pas droit \u00e0 un remboursement.<\/p><p>En achetant des produits sur notre site, vous acceptez cette politique de remboursement et renoncez \u00e0 tout droit de la soumettre \u00e0 des questions, des jugements ou des actions en justice.<\/p><h3>Essais gratuits :<\/h3><p>Si vous vous abonnez \u00e0 un essai avec un moyen de paiement et que vous annulez l&rsquo;essai avant le traitement du 1er paiement, les fonctionnalit\u00e9s payantes du produit seront d\u00e9sactiv\u00e9es.<\/p><p>Si vous vous abonnez \u00e0 un essai sans moyen de paiement et que l&rsquo;essai expire, les fonctionnalit\u00e9s payantes du produit seront d\u00e9sactiv\u00e9es. Si vous vous abonnez \u00e0 un essai avec un moyen de paiement, WPayo tentera de vous envoyer un rappel par e-mail 2 jours avant l&rsquo;expiration de l&rsquo;essai, vous laissant suffisamment de temps pour annuler l&rsquo;essai.<\/p><p>Un tel rappel serait uniquement une courtoisie et d\u00e9pend de votre client e-mail, il peut \u00e9ventuellement se retrouver dans votre bo\u00eete de spam, donc ne comptez pas uniquement sur cet e-mail. Vous \u00eates seul responsable de toute action avant l&rsquo;expiration de l&rsquo;essai. Ajoutez-vous simplement un rappel dans votre calendrier.<\/p><p>Si vous vous abonnez \u00e0 un essai sans moyen de paiement, WPayo tentera de vous envoyer un rappel par e-mail 2 jours avant l&rsquo;expiration de l&rsquo;essai, vous donnant la possibilit\u00e9 d&rsquo;acheter un plan. Tout comme avec l&rsquo;essai avec un moyen de paiement, un tel rappel serait uniquement une courtoisie et d\u00e9pend de votre client e-mail, il peut \u00e9ventuellement se retrouver dans votre bo\u00eete de spam.<\/p><\/div><\/div><\/div>\t\t\t\t\t\t<\/div>\n\t\t\t\t<\/div>\n\t\t\t\t\t<\/div>\n\t\t<\/div>\n\t\t\t\t\t<\/div>\n\t\t<\/section>\n\t\t\t\t<\/div>\n\t\t","protected":false},"excerpt":{"rendered":"<p>Nous soutenons la qualit\u00e9 de nos plugins, et votre satisfaction est importante pour nous. Si vous rencontrez des probl\u00e8mes avec les th\u00e8mes, [&hellip;]<\/p>\n","protected":false},"author":1,"featured_media":0,"parent":0,"menu_order":0,"comment_status":"closed","ping_status":"closed","template":"","meta":{"_acf_changed":false,"footnotes":""},"class_list":["post-563","page","type-page","status-publish","hentry"],"acf":[],"_links":{"self":[{"href":"https:\/\/wpayo.com\/fr\/wp-json\/wp\/v2\/pages\/563","targetHints":{"allow":["GET"]}}],"collection":[{"href":"https:\/\/wpayo.com\/fr\/wp-json\/wp\/v2\/pages"}],"about":[{"href":"https:\/\/wpayo.com\/fr\/wp-json\/wp\/v2\/types\/page"}],"author":[{"embeddable":true,"href":"https:\/\/wpayo.com\/fr\/wp-json\/wp\/v2\/users\/1"}],"replies":[{"embeddable":true,"href":"https:\/\/wpayo.com\/fr\/wp-json\/wp\/v2\/comments?post=563"}],"version-history":[{"count":5,"href":"https:\/\/wpayo.com\/fr\/wp-json\/wp\/v2\/pages\/563\/revisions"}],"predecessor-version":[{"id":3118,"href":"https:\/\/wpayo.com\/fr\/wp-json\/wp\/v2\/pages\/563\/revisions\/3118"}],"wp:attachment":[{"href":"https:\/\/wpayo.com\/fr\/wp-json\/wp\/v2\/media?parent=563"}],"curies":[{"name":"wp","href":"https:\/\/api.w.org\/{rel}","templated":true}]}}