{"id":828,"date":"2023-05-11T12:48:09","date_gmt":"2023-05-11T12:48:09","guid":{"rendered":"https:\/\/wpayo.com\/fr\/?page_id=828"},"modified":"2023-11-16T20:49:36","modified_gmt":"2023-11-16T20:49:36","slug":"conditions-generales","status":"publish","type":"page","link":"https:\/\/wpayo.com\/fr\/conditions-generales\/","title":{"rendered":"Conditions g\u00e9n\u00e9rales"},"content":{"rendered":"\t\t<div data-elementor-type=\"wp-page\" data-elementor-id=\"828\" class=\"elementor elementor-828\" data-elementor-post-type=\"page\">\n\t\t\t\t\t\t<section class=\"elementor-section elementor-top-section elementor-element elementor-element-9ddae43 elementor-section-boxed elementor-section-height-default elementor-section-height-default\" data-id=\"9ddae43\" data-element_type=\"section\">\n\t\t\t\t\t\t<div class=\"elementor-container elementor-column-gap-default\">\n\t\t\t\t\t<div class=\"elementor-column elementor-col-100 elementor-top-column elementor-element elementor-element-23e92e0\" data-id=\"23e92e0\" data-element_type=\"column\">\n\t\t\t<div class=\"elementor-widget-wrap elementor-element-populated\">\n\t\t\t\t\t\t<div class=\"elementor-element elementor-element-0880986 elementor-widget elementor-widget-text-editor\" data-id=\"0880986\" data-element_type=\"widget\" data-widget_type=\"text-editor.default\">\n\t\t\t\t<div class=\"elementor-widget-container\">\n\t\t\t<style>\/*! elementor - v3.23.0 - 05-08-2024 *\/\n.elementor-widget-text-editor.elementor-drop-cap-view-stacked .elementor-drop-cap{background-color:#69727d;color:#fff}.elementor-widget-text-editor.elementor-drop-cap-view-framed .elementor-drop-cap{color:#69727d;border:3px solid;background-color:transparent}.elementor-widget-text-editor:not(.elementor-drop-cap-view-default) .elementor-drop-cap{margin-top:8px}.elementor-widget-text-editor:not(.elementor-drop-cap-view-default) .elementor-drop-cap-letter{width:1em;height:1em}.elementor-widget-text-editor .elementor-drop-cap{float:left;text-align:center;line-height:1;font-size:50px}.elementor-widget-text-editor .elementor-drop-cap-letter{display:inline-block}<\/style>\t\t\t\t<ol><li>WPayo fournit des logiciels et des services web soumis aux pr\u00e9sentes Conditions de service (\u00ab\u00a0CdS\u00a0\u00bb). Si vous n&rsquo;acceptez pas les CdS, vous ne devez pas utiliser le site web WPayo.com.<br \/><br \/><\/li><li><strong>Licence de produit<\/strong><\/li><\/ol><p>Les plugins WordPress cr\u00e9\u00e9s par WPayo (\u00ab\u00a0WPayo\u00a0\u00bb) sont sous licence GPL (<a href=\"http:\/\/www.gnu.org\/licenses\/gpl.html\" target=\"_blank\" rel=\"noopener\">GNU General Public License<\/a>). Cela ne signifie pas que nos produits sont gratuits. Les clients doivent d&rsquo;abord acheter nos produits avant de pouvoir les utiliser sur autant de sites web qu&rsquo;ils le souhaitent. Le support et les comptes clients ne sont disponibles que pour ceux qui ach\u00e8tent nos produits.<\/p><ol start=\"3\"><li><strong>Compatibilit\u00e9 des produits<\/strong><\/li><\/ol><p>WPayo s&rsquo;engage \u00e0 maintenir tous les plugins \u00e0 jour et compatibles avec la derni\u00e8re version de WordPress. Nos plugins sont d\u00e9velopp\u00e9s pour WordPress 4.5 ou une version ult\u00e9rieure, et toute version ant\u00e9rieure \u00e0 cela peut poser des probl\u00e8mes avec certaines fonctionnalit\u00e9s du th\u00e8me. Nous ne garantissons pas que nos produits fonctionneront avec d&rsquo;autres plugins ou d\u00e9veloppements personnalis\u00e9s effectu\u00e9s par un tiers.<\/p><ol start=\"4\"><li><strong>Politique de remboursement<\/strong><\/li><\/ol><p>Nous soutenons la qualit\u00e9 de nos plugins, et votre satisfaction est importante pour nous. Si vous rencontrez des probl\u00e8mes avec les th\u00e8mes, nous serons heureux de fournir un remboursement complet dans les 14 jours suivant la date d&rsquo;achat initiale. AUCUNE QUESTION POS\u00c9E ! Bien que nous appr\u00e9cierions vos commentaires sur nos plugins. [<a href=\"https:\/\/wpayo.com\/fr\/conditions-remboursement\/\">Lire les d\u00e9tails ici<\/a>]<\/p><ol start=\"5\"><li><strong>Support produit<\/strong><\/li><\/ol><p>Les produits et conceptions de WPayo sont fournis \u00ab\u00a0tels quels\u00a0\u00bb, sans garantie implicite qu&rsquo;ils fonctionneront exactement comme vous le souhaitez ou avec tous les composants et plugins tiers. Cependant, nous offrons un support par e-mail mod\u00e9r\u00e9 par notre \u00e9quipe de repr\u00e9sentants du support. Le support ne couvre pas l&rsquo;installation, la personnalisation et\/ou l&rsquo;administration de WordPress lui-m\u00eame.<\/p><ol start=\"6\"><li><strong>Mises \u00e0 jour de produit<\/strong><\/li><\/ol><p>Chaque produit individuel achet\u00e9 aupr\u00e8s de WPayo comprend des mises \u00e0 jour gratuites pendant 12 mois \u00e0 compter de la date d&rsquo;achat. Si les clients continuent leur abonnement annuel apr\u00e8s l&rsquo;expiration de la p\u00e9riode de 12 mois, ils continueront de recevoir des mises \u00e0 jour jusqu&rsquo;\u00e0 l&rsquo;expiration de l&rsquo;abonnement. Nous ne garantissons pas que les mises \u00e0 jour du produit seront effectu\u00e9es ind\u00e9finiment, mais WPayo fait de son mieux pour am\u00e9liorer chaque produit avec le temps et s&rsquo;assurer qu&rsquo;ils fonctionneront avec la derni\u00e8re version de WordPress. Nous ne pouvons pas garantir que nos plugins fonctionneront avec les anciennes versions de WordPress (3.2 ou ant\u00e9rieures).<\/p><ol start=\"7\"><li><strong>Modifications du logiciel<\/strong><\/li><\/ol><p>Les clients sont libres d&rsquo;apporter des modifications \u00e0 nos produits pour les adapter \u00e0 leurs besoins. Cela inclut tous les fichiers PHP, JavaScript, HTML et CSS distribu\u00e9s avec nos produits. Cependant, une fois des modifications apport\u00e9es \u00e0 nos produits, aucun support ne sera fourni en raison de difficult\u00e9s \u00e0 d\u00e9panner et \u00e0 d\u00e9boguer des modifications personnalis\u00e9es. Les clients sont toujours libres de poser leurs questions dans notre support, car d&rsquo;autres clients peuvent encore \u00eatre dispos\u00e9s \u00e0 les aider.<\/p><ol start=\"8\"><li><strong>Comptes clients<\/strong><\/li><\/ol><p>Les clients devront cr\u00e9er un compte WPayo lors de l&rsquo;achat de l&rsquo;un de nos produits et\/ou services. Ils sont responsables de maintenir la confidentialit\u00e9 de leur mot de passe et ne sont pas autoris\u00e9s \u00e0 partager et\/ou distribuer les d\u00e9tails de connexion de leur compte. Les clients sont enti\u00e8rement responsables de toutes les activit\u00e9s sur leur compte et acceptent de notifier imm\u00e9diatement WPayo de toute utilisation non autoris\u00e9e de leur compte ou de toute autre violation de la s\u00e9curit\u00e9. WPayo ne sera pas responsable de toute perte ou dommage r\u00e9sultant du non-respect par le client de ces termes. Veuillez noter que WPayo exige que tous les utilisateurs aient plus de 13 ans pour avoir un compte client.<\/p><ol start=\"9\"><li><strong>R\u00e9siliation et suspension de compte<\/strong><\/li><\/ol><p>WPayo se r\u00e9serve le droit de suspendre et\/ou de r\u00e9silier tout compte utilisateur sans pr\u00e9avis, \u00e0 sa seule discr\u00e9tion. Aucun remboursement ne sera fourni aux clients dont les comptes ont \u00e9t\u00e9 r\u00e9sili\u00e9s. Les exemples de motifs de r\u00e9siliation incluent : 1) Comportement abusif et\/ou n\u00e9gativit\u00e9 excessive envers le personnel de WPayo et\/ou les autres clients de WPayo ; 2) D\u00e9clarations diffamatoires, malveillantes et\/ou fausses r\u00e9p\u00e9t\u00e9es, y compris diffamation contre WPayo, et\/ou tentatives de dissuader les clients potentiels d&rsquo;acheter les produits de WPayo ; 3) Promotion de produits concurrents, contribution \u00e0 la piraterie de logiciels, piratage, envoi de spams ou autres actes ill\u00e9gaux ; 4) WPayo estime raisonnablement que votre compte a \u00e9t\u00e9 compromis, partag\u00e9 avec d&rsquo;autres, ou pour d&rsquo;autres raisons de s\u00e9curit\u00e9.<\/p><ol start=\"10\"><li><strong>Propri\u00e9t\u00e9 du logiciel<\/strong><\/li><\/ol><p>Les clients ne peuvent pas revendiquer la propri\u00e9t\u00e9 intellectuelle ou exclusive de l&rsquo;un de nos produits, modifi\u00e9s ou non. Tous les produits sont la propri\u00e9t\u00e9 de WPayo.<\/p><ol start=\"11\"><li><strong>Livraison du produit<\/strong><\/li><\/ol><p>Apr\u00e8s avoir re\u00e7u avec succ\u00e8s le paiement du client, les informations de connexion au compte client WPayo seront envoy\u00e9es par e-mail \u00e0 l&rsquo;adresse fournie lors de l&rsquo;inscription. Cela peut prendre jusqu&rsquo;\u00e0 30 minutes apr\u00e8s l&rsquo;achat, mais se produit g\u00e9n\u00e9ralement dans les 5 \u00e0 10 minutes. Les achats par e-ch\u00e8que mettent de 3 \u00e0 7 jours ouvrables pour \u00eatre compens\u00e9s avant que les clients puissent acc\u00e9der au t\u00e9l\u00e9chargement de leur achat. Si un client ne souhaite pas attendre aussi longtemps, il peut effectuer son achat par carte de cr\u00e9dit ou PayPal.<\/p><ol start=\"12\"><li><strong>Changements de prix\/produit<\/strong><\/li><\/ol><p>WPayo se r\u00e9serve le droit de modifier et\/ou d&rsquo;interrompre un produit avec ou sans pr\u00e9avis. De plus, nous pouvons ajouter de nouveaux produits et\/ou services avec ou sans pr\u00e9avis. Les prix de tous les produits sont sujets \u00e0 changement \u00e0 tout moment en publiant les modifications sur le site web de WPayo.<\/p><ol start=\"13\"><li><strong>R\u00e9clamations de copyright<\/strong><\/li><\/ol><p>WPayo respecte les droits de propri\u00e9t\u00e9 intellectuelle. Pour envoyer une notification d&rsquo;infraction au droit d&rsquo;auteur \u00e0 WPayo.com, veuillez envoyer les informations suivantes (R\u00e9clamation de copyright) \u00e0 contact @ WPayo.com<\/p><ol start=\"14\"><li><strong>Utilisation commerciale de nos biens et services<\/strong><\/li><\/ol><p>Si vous utilisez nos services au nom d&rsquo;une entreprise, cette entreprise accepte ces conditions. Elle tiendra indemne et d\u00e9gagera de toute responsabilit\u00e9 WPayo et ses filiales, dirigeants, agents et employ\u00e9s contre toute r\u00e9clamation, action en justice ou action d\u00e9coulant de l&rsquo;utilisation des biens ou services ou de la violation de ces termes, y compris toute responsabilit\u00e9 ou d\u00e9pense d\u00e9coulant de r\u00e9clamations, pertes, dommages, actions en justice, co\u00fbts de litiges et honoraires d&rsquo;avocats.<\/p><ol start=\"15\"><li><strong>Garantie du produit<\/strong><\/li><\/ol><p>WPayo garantit que nos produits fourniront une fonctionnalit\u00e9 commercialement raisonnable avec WordPress 3.2+, sans aucun plugin WordPress install\u00e9. Hormis cela, WPayo ne fournit aucune garantie.<\/p><p>Sauf disposition expresse dans ces termes ou termes suppl\u00e9mentaires, ni WPayo ni ses fournisseurs ou distributeurs ne font de promesses sp\u00e9cifiques concernant leurs biens ou services. Par exemple, WPayo ne prend aucun engagement concernant le contenu des biens ou services, la fonction sp\u00e9cifique des biens ou services, ou leur fiabilit\u00e9, disponibilit\u00e9 ou capacit\u00e9 \u00e0 r\u00e9pondre \u00e0 vos besoins. Nous fournissons les biens et services \u00ab\u00a0tels qu&rsquo;ils sont\u00a0\u00bb.<\/p><p>Certaines juridictions pr\u00e9voient certaines garanties, comme la garantie implicite de qualit\u00e9 marchande, d&rsquo;ad\u00e9quation \u00e0 un usage particulier et d&rsquo;absence de contrefa\u00e7on. Dans la mesure permise par la loi, nous excluons toutes les garanties.<\/p><ol start=\"16\"><li><strong>Responsabilit\u00e9 pour nos produits et services<\/strong><\/li><\/ol><p>Dans la mesure permise par la loi, WPayo, et les fournisseurs et distributeurs de WPayo, ne seront pas responsables des pertes de profits, de revenus ou de donn\u00e9es, des pertes financi\u00e8res ou de dommages indirects, sp\u00e9ciaux, cons\u00e9cutifs, exemplaires ou punitifs.<\/p><p>Dans la mesure permise par la loi, la responsabilit\u00e9 totale de WPayo, et de ses fournisseurs et distributeurs, pour toute r\u00e9clamation en vertu de ces termes, y compris pour toute garantie implicite, est limit\u00e9e au montant que vous avez pay\u00e9 \u00e0 WPayo pour utiliser les biens et\/ou services de WPayo.<\/p><p>Dans tous les cas, WPayo, et ses fournisseurs et distributeurs, ne seront pas responsables de toute perte ou dommage.<\/p>\t\t\t\t\t\t<\/div>\n\t\t\t\t<\/div>\n\t\t\t\t\t<\/div>\n\t\t<\/div>\n\t\t\t\t\t<\/div>\n\t\t<\/section>\n\t\t\t\t<\/div>\n\t\t","protected":false},"excerpt":{"rendered":"<p>WPayo fournit des logiciels et des services web soumis aux pr\u00e9sentes Conditions de service (\u00ab\u00a0CdS\u00a0\u00bb). Si vous n&rsquo;acceptez pas les CdS, vous [&hellip;]<\/p>\n","protected":false},"author":1,"featured_media":0,"parent":0,"menu_order":0,"comment_status":"closed","ping_status":"closed","template":"","meta":{"_acf_changed":false,"footnotes":""},"class_list":["post-828","page","type-page","status-publish","hentry"],"acf":[],"_links":{"self":[{"href":"https:\/\/wpayo.com\/fr\/wp-json\/wp\/v2\/pages\/828","targetHints":{"allow":["GET"]}}],"collection":[{"href":"https:\/\/wpayo.com\/fr\/wp-json\/wp\/v2\/pages"}],"about":[{"href":"https:\/\/wpayo.com\/fr\/wp-json\/wp\/v2\/types\/page"}],"author":[{"embeddable":true,"href":"https:\/\/wpayo.com\/fr\/wp-json\/wp\/v2\/users\/1"}],"replies":[{"embeddable":true,"href":"https:\/\/wpayo.com\/fr\/wp-json\/wp\/v2\/comments?post=828"}],"version-history":[{"count":7,"href":"https:\/\/wpayo.com\/fr\/wp-json\/wp\/v2\/pages\/828\/revisions"}],"predecessor-version":[{"id":3111,"href":"https:\/\/wpayo.com\/fr\/wp-json\/wp\/v2\/pages\/828\/revisions\/3111"}],"wp:attachment":[{"href":"https:\/\/wpayo.com\/fr\/wp-json\/wp\/v2\/media?parent=828"}],"curies":[{"name":"wp","href":"https:\/\/api.w.org\/{rel}","templated":true}]}}