{"id":1866,"date":"2023-10-07T08:22:50","date_gmt":"2023-10-07T08:22:50","guid":{"rendered":"https:\/\/wpayo.com\/fr\/?post_type=product&#038;p=1866"},"modified":"2024-01-17T11:40:09","modified_gmt":"2024-01-17T11:40:09","slug":"authorize-net-gateway-woocommerce","status":"publish","type":"product","link":"https:\/\/wpayo.com\/fr\/paiement-gateway\/authorize-net-gateway-woocommerce\/","title":{"rendered":"Authorize.Net Gateway &#8211; WooCommerce"},"content":{"rendered":"<div class=\"flex flex-grow flex-col max-w-full gap-3 gizmo:gap-0\">\n<div class=\"min-h-[20px] text-message peer flex flex-col items-start gap-3 whitespace-pre-wrap break-words peer-[.text-message]:mt-5 overflow-x-auto\" data-message-author-role=\"assistant\" data-message-id=\"0dc03099-e3ca-44ef-b470-246cf2b9ff2e\">\n<div class=\"markdown prose w-full break-words dark:prose-invert dark\">\n<p>Le plugin \u00ab\u00a0Authorize.net Payment Gateways for WooCommerce\u00a0\u00bb se distingue par ses fonctionnalit\u00e9s puissantes et fiables, qui int\u00e8grent de mani\u00e8re transparente le traitement des paiements Authorize.net dans les boutiques en ligne aliment\u00e9es par WooCommerce. Voici les principales caract\u00e9ristiques et informations suppl\u00e9mentaires\u00a0:<\/p>\n<h3>Fonctionnalit\u00e9s d&rsquo;Authorize.Net Pro Pour WooCommerce\u00a0:<\/h3>\n<ol>\n<li><strong>Installation Rapide et Facile\u00a0:<\/strong>\n<ul>\n<li>Le plugin peut \u00eatre install\u00e9 en un seul clic.<\/li>\n<li>Apr\u00e8s l&rsquo;installation, vous devrez remplir quelques champs pour commencer \u00e0 accepter les paiements par carte de cr\u00e9dit sur votre boutique en ligne.<\/li>\n<\/ul>\n<\/li>\n<li><strong>Traitement S\u00e9curis\u00e9 des Cartes de Cr\u00e9dit\u00a0:<\/strong>\n<ul>\n<li>Traitez les paiements par carte de cr\u00e9dit de mani\u00e8re s\u00e9curis\u00e9e sans rediriger les clients vers un site Web de passerelle externe.<\/li>\n<\/ul>\n<\/li>\n<li><strong>Remboursements depuis le Tableau de Bord\u00a0:<\/strong>\n<ul>\n<li>Traitez facilement des remboursements complets ou partiels directement depuis votre tableau de bord WordPress.<\/li>\n<li>Pas besoin de rechercher des commandes dans votre compte Authorize.Net.<\/li>\n<\/ul>\n<\/li>\n<li><strong>Autorisation et Capture Diff\u00e9r\u00e9e\u00a0:<\/strong>\n<ul>\n<li>Choisissez facultativement d&rsquo;autoriser les transactions d&rsquo;abord et de capturer les paiements ult\u00e9rieurement, offrant une flexibilit\u00e9 dans le traitement des paiements.<\/li>\n<\/ul>\n<\/li>\n<li><strong>Restrictions de Type de Carte\u00a0:<\/strong>\n<ul>\n<li>Restreignez facultativement des types de cartes sp\u00e9cifiques.<\/li>\n<li>Le plugin masquera les ic\u00f4nes non pertinentes et affichera des messages d&rsquo;erreur appropri\u00e9s lors du paiement.<\/li>\n<\/ul>\n<\/li>\n<li><strong>Re\u00e7us de Passerelle\u00a0:<\/strong>\n<ul>\n<li>Envoyez facultativement des re\u00e7us directement depuis votre compte marchand Authorize.Net pour am\u00e9liorer la communication avec le client.<\/li>\n<\/ul>\n<\/li>\n<li><strong>Journalisation\u00a0:<\/strong>\n<ul>\n<li>Activez la fonction de journalisation \u00e0 des fins de d\u00e9bogage.<\/li>\n<li>Aide \u00e0 identifier et \u00e0 r\u00e9soudre tout probl\u00e8me \u00e9ventuel.<\/li>\n<\/ul>\n<\/li>\n<\/ol>\n<h3>Exigences\u00a0:<\/h3>\n<ul>\n<li>Compte <a href=\"https:\/\/www.authorize.net\/\" target=\"_new\" rel=\"noopener\">Authorize.Net<\/a> actif\u00a0: Inscrivez-vous pour un compte sandbox <a href=\"https:\/\/developer.authorize.net\/hello_world\/sandbox.html\" target=\"_new\" rel=\"noopener\">ici<\/a> si vous avez besoin de tester.<\/li>\n<li><a href=\"https:\/\/woocommerce.com\/\" target=\"_new\" rel=\"noopener\">WooCommerce<\/a> version 3.3.0 ou ult\u00e9rieure. WooCommerce Subscriptions 2.3.0 ou ult\u00e9rieure si vous avez besoin de la prise en charge des paiements r\u00e9currents.<\/li>\n<li>Un certificat SSL valide est requis pour garantir la s\u00e9curit\u00e9 des d\u00e9tails de la carte de cr\u00e9dit du client et rendre votre site conforme \u00e0 la norme PCI DSS.<\/li>\n<li>Le plugin ne stocke pas les num\u00e9ros de carte de cr\u00e9dit ni les informations sensibles des clients sur votre site.<\/li>\n<\/ul>\n<h3>Avis de non-responsabilit\u00e9\u00a0:<\/h3>\n<p>Ce plugin n&rsquo;est pas affili\u00e9 \u00e0 ou pris en charge par <a href=\"http:\/\/authorize.net\/\" target=\"_new\" rel=\"noopener\">Authorize.Net<\/a>, <a href=\"http:\/\/woocommerce.com\/\" target=\"_new\" rel=\"noopener\">WooCommerce.com<\/a>, ou Automattic. Tous les logos et marques de commerce sont la propri\u00e9t\u00e9 de leurs propri\u00e9taires respectifs.<\/p>\n<\/div>\n<\/div>\n<\/div>\n","protected":false},"excerpt":{"rendered":"<p>Integrate Authorize.Net On WooCommerce Websites<\/p>\n","protected":false},"featured_media":1919,"comment_status":"open","ping_status":"closed","template":"","meta":{"_acf_changed":false},"product_cat":[47],"product_tag":[140],"class_list":{"0":"post-1866","1":"product","2":"type-product","3":"status-publish","4":"has-post-thumbnail","6":"product_cat-woocommerce","7":"product_tag-authorize-net","9":"first","10":"instock","11":"shipping-taxable","12":"purchasable","13":"product-type-simple"},"acf":[],"_links":{"self":[{"href":"https:\/\/wpayo.com\/fr\/wp-json\/wp\/v2\/product\/1866","targetHints":{"allow":["GET"]}}],"collection":[{"href":"https:\/\/wpayo.com\/fr\/wp-json\/wp\/v2\/product"}],"about":[{"href":"https:\/\/wpayo.com\/fr\/wp-json\/wp\/v2\/types\/product"}],"replies":[{"embeddable":true,"href":"https:\/\/wpayo.com\/fr\/wp-json\/wp\/v2\/comments?post=1866"}],"wp:featuredmedia":[{"embeddable":true,"href":"https:\/\/wpayo.com\/fr\/wp-json\/wp\/v2\/media\/1919"}],"wp:attachment":[{"href":"https:\/\/wpayo.com\/fr\/wp-json\/wp\/v2\/media?parent=1866"}],"wp:term":[{"taxonomy":"product_cat","embeddable":true,"href":"https:\/\/wpayo.com\/fr\/wp-json\/wp\/v2\/product_cat?post=1866"},{"taxonomy":"product_tag","embeddable":true,"href":"https:\/\/wpayo.com\/fr\/wp-json\/wp\/v2\/product_tag?post=1866"}],"curies":[{"name":"wp","href":"https:\/\/api.w.org\/{rel}","templated":true}]}}