{"id":1925,"date":"2023-10-08T09:50:44","date_gmt":"2023-10-08T09:50:44","guid":{"rendered":"https:\/\/wpayo.com\/fr\/?post_type=product&#038;p=1925"},"modified":"2024-01-17T11:40:08","modified_gmt":"2024-01-17T11:40:08","slug":"instamojo-gateway-woocommerce","status":"publish","type":"product","link":"https:\/\/wpayo.com\/fr\/paiement-gateway\/instamojo-gateway-woocommerce\/","title":{"rendered":"Instamojo Gateway pour WooCommerce"},"content":{"rendered":"<div class=\"flex flex-grow flex-col max-w-full gap-3 gizmo:gap-0\">\n<div class=\"min-h-[20px] text-message peer flex flex-col items-start gap-3 whitespace-pre-wrap break-words peer-[.text-message]:mt-5 overflow-x-auto\" data-message-author-role=\"assistant\" data-message-id=\"cf30d9e8-7b27-4ec6-978c-8bf28f6b17b4\">\n<div class=\"markdown prose w-full break-words dark:prose-invert dark\">\n<p>La <strong>Passerelle Instamojo pour WooCommerce<\/strong> est la solution ultime pour int\u00e9grer de mani\u00e8re transparente les paiements sur votre boutique en ligne aliment\u00e9e par WordPress. \u00c9levez votre entreprise avec la passerelle de paiement de confiance d&rsquo;Instamojo, offrant des transactions s\u00e9curis\u00e9es et des options de paiement polyvalentes.<\/p>\n<h3>Fonctionnalit\u00e9s Instamojo pour WooCommerce :<\/h3>\n<ol>\n<li><strong>Traitement des paiements rationalis\u00e9 :<\/strong>\n<ul>\n<li>Acceptez facilement les paiements via la passerelle robuste d&rsquo;Instamojo, prenant en charge une large gamme de m\u00e9thodes de paiement.<\/li>\n<\/ul>\n<\/li>\n<li><strong>Prise en charge de plusieurs devises :<\/strong>\n<ul>\n<li>Effectuez des transactions internationales en toute simplicit\u00e9 en proposant plusieurs options de devises.<\/li>\n<\/ul>\n<\/li>\n<li><strong>Interface conviviale :<\/strong>\n<ul>\n<li>Un tableau de bord convivial facilite la gestion des paiements et des transactions.<\/li>\n<\/ul>\n<\/li>\n<li><strong>Exp\u00e9rience de paiement sans couture :<\/strong>\n<ul>\n<li>Am\u00e9liorez la satisfaction client avec un processus de paiement sans friction.<\/li>\n<\/ul>\n<\/li>\n<li><strong>Suivi des transactions en temps r\u00e9el :<\/strong>\n<ul>\n<li>Restez inform\u00e9 avec des notifications instantan\u00e9es de transaction et des rapports d\u00e9taill\u00e9s.<\/li>\n<\/ul>\n<\/li>\n<li><strong>Remboursements faciles :<\/strong>\n<ul>\n<li>G\u00e9rez facilement les remboursements et assurez la satisfaction du client.<\/li>\n<\/ul>\n<\/li>\n<\/ol>\n<h3>Comment installer et utiliser :<\/h3>\n<ol>\n<li><strong>Installation :<\/strong>\n<ul>\n<li>T\u00e9l\u00e9chargez le plugin depuis votre tableau de bord WordPress ou depuis le <a href=\"https:\/\/www.instamojo.com\/\" target=\"_new\" rel=\"noopener\">site web Instamojo<\/a>.<\/li>\n<li>T\u00e9l\u00e9versez et activez le plugin.<\/li>\n<li>Configurez les d\u00e9tails de votre compte Instamojo dans les param\u00e8tres de WooCommerce.<\/li>\n<\/ul>\n<\/li>\n<li><strong>Configuration :<\/strong>\n<ul>\n<li>Acc\u00e9dez \u00e0 WooCommerce &gt; Param\u00e8tres &gt; Paiements.<\/li>\n<li>Activez la passerelle de paiement Instamojo.<\/li>\n<li>Saisissez votre cl\u00e9 API et d&rsquo;autres d\u00e9tails requis.<\/li>\n<\/ul>\n<\/li>\n<li><strong>Utilisation :<\/strong>\n<ul>\n<li>Les clients peuvent d\u00e9sormais s\u00e9lectionner Instamojo comme option de paiement lors du paiement.<\/li>\n<li>Effectuez les transactions en toute s\u00e9curit\u00e9 et facilit\u00e9.<\/li>\n<\/ul>\n<\/li>\n<\/ol>\n<h3>Exigences :<\/h3>\n<ul>\n<li>Compte <a href=\"https:\/\/www.instamojo.com\/\" target=\"_new\" rel=\"noopener\">Instamojo actif<\/a> \u2013 Inscrivez-vous pour un compte sandbox <a href=\"https:\/\/support.instamojo.com\/hc\/en-us\/articles\/208485675-Test-or-Sandbox-Account\" target=\"_new\" rel=\"noopener\">ici<\/a> si vous avez besoin de tester.<\/li>\n<li>Version de <a href=\"https:\/\/woocommerce.com\/\" target=\"_new\" rel=\"noopener\">WooCommerce<\/a> 3.3.0 ou ult\u00e9rieure. WooCommerce Subscriptions 2.3.0 ou ult\u00e9rieure si vous avez besoin de la prise en charge des paiements r\u00e9currents.<\/li>\n<li>Un certificat SSL valide est requis pour garantir la s\u00e9curit\u00e9 des d\u00e9tails de la carte de cr\u00e9dit de votre client et rendre votre site conforme \u00e0 la norme PCI DSS.<\/li>\n<li>Ce plugin ne stocke pas les num\u00e9ros de carte de cr\u00e9dit ou les informations sensibles du client sur votre site.<\/li>\n<\/ul>\n<h3>Avis de non-responsabilit\u00e9 :<\/h3>\n<p>Veuillez noter que ce site ne traite aucune transaction directement. Il sert de plateforme <a href=\"https:\/\/wpayo.com\/fr\/bitcoin-and-altcoin-wallets-pour-woocommerce\/\">pour connecter votre boutique WooCommerce<\/a> \u00e0 la passerelle de paiement d&rsquo;Instamojo. Toutes les transactions sont trait\u00e9es en toute s\u00e9curit\u00e9 sur la plateforme Instamojo, garantissant le plus haut niveau de s\u00e9curit\u00e9 et de conformit\u00e9.<\/p>\n<\/div>\n<\/div>\n<\/div>\n","protected":false},"excerpt":{"rendered":"<p>Integrate Instamojo Gateway for WooCommerce<\/p>\n","protected":false},"featured_media":1928,"comment_status":"open","ping_status":"closed","template":"","meta":{"_acf_changed":false},"product_cat":[47],"product_tag":[210],"class_list":{"0":"post-1925","1":"product","2":"type-product","3":"status-publish","4":"has-post-thumbnail","6":"product_cat-woocommerce","7":"product_tag-instamojo","9":"first","10":"instock","11":"shipping-taxable","12":"purchasable","13":"product-type-simple"},"acf":[],"_links":{"self":[{"href":"https:\/\/wpayo.com\/fr\/wp-json\/wp\/v2\/product\/1925","targetHints":{"allow":["GET"]}}],"collection":[{"href":"https:\/\/wpayo.com\/fr\/wp-json\/wp\/v2\/product"}],"about":[{"href":"https:\/\/wpayo.com\/fr\/wp-json\/wp\/v2\/types\/product"}],"replies":[{"embeddable":true,"href":"https:\/\/wpayo.com\/fr\/wp-json\/wp\/v2\/comments?post=1925"}],"wp:featuredmedia":[{"embeddable":true,"href":"https:\/\/wpayo.com\/fr\/wp-json\/wp\/v2\/media\/1928"}],"wp:attachment":[{"href":"https:\/\/wpayo.com\/fr\/wp-json\/wp\/v2\/media?parent=1925"}],"wp:term":[{"taxonomy":"product_cat","embeddable":true,"href":"https:\/\/wpayo.com\/fr\/wp-json\/wp\/v2\/product_cat?post=1925"},{"taxonomy":"product_tag","embeddable":true,"href":"https:\/\/wpayo.com\/fr\/wp-json\/wp\/v2\/product_tag?post=1925"}],"curies":[{"name":"wp","href":"https:\/\/api.w.org\/{rel}","templated":true}]}}