{"id":1929,"date":"2023-10-08T12:38:51","date_gmt":"2023-10-08T12:38:51","guid":{"rendered":"https:\/\/wpayo.com\/fr\/?post_type=product&#038;p=1929"},"modified":"2024-01-17T11:40:07","modified_gmt":"2024-01-17T11:40:07","slug":"instamojo-gateway-easy-digital-downloads","status":"publish","type":"product","link":"https:\/\/wpayo.com\/fr\/paiement-gateway\/instamojo-gateway-easy-digital-downloads\/","title":{"rendered":"Instamojo Gateway pour Easy Digital Downloads"},"content":{"rendered":"<p>\u00c9levez votre entreprise de produits num\u00e9riques avec la <strong>Passerelle de paiement Instamojo pour Easy Digital Downloads<\/strong>. Int\u00e9grez de mani\u00e8re transparente cette puissante solution de paiement dans votre site WordPress et acceptez facilement les paiements pour vos biens num\u00e9riques.<\/p>\n<h2><strong>Fonctionnalit\u00e9s d&rsquo;Instamojo pour Easy Digital Downloads<\/strong><\/h2>\n<ol>\n<li><strong>Traitement des paiements sans effort<\/strong> : Offrez \u00e0 vos clients une exp\u00e9rience de paiement fluide et s\u00e9curis\u00e9e avec la passerelle fiable d&rsquo;Instamojo.<\/li>\n<li><strong>Prise en charge multidevises<\/strong> : Effectuez des transactions internationales en proposant plusieurs options de devises.<\/li>\n<li><strong>Interface conviviale<\/strong> : G\u00e9rez les paiements et les transactions facilement avec un tableau de bord intuitif.<\/li>\n<li><strong>Processus de paiement sans friction<\/strong> : Am\u00e9liorez la satisfaction client avec un processus de paiement simplifi\u00e9.<\/li>\n<li><strong>Suivi des transactions en temps r\u00e9el<\/strong> : Restez inform\u00e9 gr\u00e2ce \u00e0 des notifications instantan\u00e9es de transaction et des rapports d\u00e9taill\u00e9s.<\/li>\n<li><strong>Gestion des remboursements<\/strong> : Traitez facilement les remboursements et assurez la satisfaction client.<\/li>\n<\/ol>\n<div class=\"cl-preview-section\">\n<h3><strong>Comment installer et utiliser :<\/strong><\/h3>\n<ol>\n<li><strong>Installation<\/strong> :\n<ul>\n<li>T\u00e9l\u00e9chargez le plugin premium depuis votre tableau de bord WordPress<\/li>\n<li>Chargez et activez le plugin.<\/li>\n<li>Configurez les d\u00e9tails de votre compte Instamojo dans les param\u00e8tres d&rsquo;Easy Digital Downloads.<\/li>\n<\/ul>\n<\/li>\n<li><strong>Configuration<\/strong> :\n<ul>\n<li>Acc\u00e9dez \u00e0 T\u00e9l\u00e9chargements &gt; Param\u00e8tres &gt; Passerelles de paiement.<\/li>\n<li>Activez la passerelle de paiement Instamojo.<\/li>\n<li>Entrez votre cl\u00e9 API et d&rsquo;autres d\u00e9tails n\u00e9cessaires.<\/li>\n<\/ul>\n<\/li>\n<li><strong>Utilisation<\/strong> :\n<ul>\n<li>Les clients peuvent maintenant s\u00e9lectionner Instamojo comme option de paiement lors du processus de paiement.<\/li>\n<li>Profitez d&rsquo;un traitement s\u00e9curis\u00e9 et efficace des transactions.<\/li>\n<\/ul>\n<\/li>\n<\/ol>\n<p><strong>Avertissement :<\/strong> Veuillez noter que ce site ne g\u00e8re pas le traitement direct des transactions. Il sert de lien pour connecter votre boutique Easy Digital Downloads \u00e0 la passerelle de paiement de confiance d&rsquo;Instamojo. Toutes les transactions sont trait\u00e9es de mani\u00e8re s\u00e9curis\u00e9e sur la plateforme Instamojo, garantissant les plus hauts niveaux de s\u00e9curit\u00e9 et de conformit\u00e9.<\/p>\n<h4 id=\"requirements\">Exigences<\/h4>\n<\/div>\n<div class=\"cl-preview-section\">\n<ul>\n<li>Compte actif sur <a href=\"https:\/\/www.instamojo.com\/\" target=\"_blank\" rel=\"noopener\">www.instamojo.com\/<\/a> &#8211; Inscrivez-vous pour un compte de sandbox <a href=\"https:\/\/support.instamojo.com\/hc\/en-us\/articles\/208485675-Test-or-Sandbox-Account\" target=\"_blank\" rel=\"noopener\">ici<\/a> si vous avez besoin de faire des tests.<\/li>\n<li><strong>Plugin Easy Digital Downloads<\/strong><\/li>\n<li>Un certificat SSL valide est requis pour assurer la s\u00e9curit\u00e9 des d\u00e9tails de la carte de cr\u00e9dit de votre client et rendre votre site conforme \u00e0 la norme PCI DSS.<\/li>\n<li>Ce plugin ne stocke pas les num\u00e9ros de carte de cr\u00e9dit ou les informations sensibles des clients sur votre site.<\/li>\n<\/ul>\n<\/div>\n<div class=\"cl-preview-section\">\n<h4 id=\"disclaimer\">Avis de non-responsabilit\u00e9<\/h4>\n<\/div>\n<div class=\"cl-preview-section\">\n<p>Veuillez noter que ce site ne g\u00e8re pas le traitement direct des transactions. Il sert de lien pour connecter votre boutique Easy Digital Downloads \u00e0 la passerelle de paiement de confiance d&rsquo;Instamojo. Toutes les transactions sont trait\u00e9es de mani\u00e8re s\u00e9curis\u00e9e sur la plateforme Instamojo, garantissant les plus hauts niveaux de s\u00e9curit\u00e9 et de conformit\u00e9.<\/p>\n<\/div>\n","protected":false},"excerpt":{"rendered":"<p>Integrate Instamojo Gateway for Easy Digital Downloads<\/p>\n","protected":false},"featured_media":1930,"comment_status":"open","ping_status":"closed","template":"","meta":{"_acf_changed":false},"product_cat":[48],"product_tag":[210],"class_list":{"0":"post-1929","1":"product","2":"type-product","3":"status-publish","4":"has-post-thumbnail","6":"product_cat-easy-digital-downloads","7":"product_tag-instamojo","9":"first","10":"instock","11":"shipping-taxable","12":"purchasable","13":"product-type-simple"},"acf":[],"_links":{"self":[{"href":"https:\/\/wpayo.com\/fr\/wp-json\/wp\/v2\/product\/1929","targetHints":{"allow":["GET"]}}],"collection":[{"href":"https:\/\/wpayo.com\/fr\/wp-json\/wp\/v2\/product"}],"about":[{"href":"https:\/\/wpayo.com\/fr\/wp-json\/wp\/v2\/types\/product"}],"replies":[{"embeddable":true,"href":"https:\/\/wpayo.com\/fr\/wp-json\/wp\/v2\/comments?post=1929"}],"wp:featuredmedia":[{"embeddable":true,"href":"https:\/\/wpayo.com\/fr\/wp-json\/wp\/v2\/media\/1930"}],"wp:attachment":[{"href":"https:\/\/wpayo.com\/fr\/wp-json\/wp\/v2\/media?parent=1929"}],"wp:term":[{"taxonomy":"product_cat","embeddable":true,"href":"https:\/\/wpayo.com\/fr\/wp-json\/wp\/v2\/product_cat?post=1929"},{"taxonomy":"product_tag","embeddable":true,"href":"https:\/\/wpayo.com\/fr\/wp-json\/wp\/v2\/product_tag?post=1929"}],"curies":[{"name":"wp","href":"https:\/\/api.w.org\/{rel}","templated":true}]}}