{"id":1942,"date":"2023-10-08T23:48:44","date_gmt":"2023-10-08T23:48:44","guid":{"rendered":"https:\/\/wpayo.com\/fr\/?post_type=product&#038;p=1942"},"modified":"2024-01-17T11:40:06","modified_gmt":"2024-01-17T11:40:06","slug":"authorize-net-gateway-easy-digital-downloads","status":"publish","type":"product","link":"https:\/\/wpayo.com\/fr\/paiement-gateway\/authorize-net-gateway-easy-digital-downloads\/","title":{"rendered":"Authorize.Net Gateway Pour Easy Digital Downloads"},"content":{"rendered":"<p>Renforcez votre entreprise de produits num\u00e9riques avec la <strong>Passerelle Authorize.Net pour Easy Digital Downloads<\/strong>. Int\u00e9grez de mani\u00e8re transparente les capacit\u00e9s de traitement des paiements de confiance d&rsquo;Authorize.Net dans votre site WordPress, vous permettant d&rsquo;accepter en toute s\u00e9curit\u00e9 les paiements pour vos biens num\u00e9riques.<\/p>\n<h2><strong>Fonctionnalit\u00e9s d&rsquo;Authorize.Net pour Easy Digital Downloads<\/strong><\/h2>\n<ul>\n<li><strong>Traitement s\u00e9curis\u00e9 des paiements<\/strong> : Offrez \u00e0 vos clients une exp\u00e9rience de paiement s\u00fbre et fiable gr\u00e2ce \u00e0 la passerelle robuste d&rsquo;Authorize.Net.<\/li>\n<li><strong>Options de paiement polyvalentes<\/strong> : Acceptez les paiements facilement, en prenant en charge diverses m\u00e9thodes de paiement pour r\u00e9pondre aux pr\u00e9f\u00e9rences de vos clients.<\/li>\n<li><strong>Prise en charge multidevises<\/strong> : Effectuez des transactions mondiales sans effort avec la prise en charge de plusieurs devises.<\/li>\n<li><strong>Suivi des transactions en temps r\u00e9el<\/strong> : Restez inform\u00e9 gr\u00e2ce \u00e0 des notifications instantan\u00e9es de transaction et des rapports d\u00e9taill\u00e9s.<\/li>\n<li><strong>Gestion des remboursements<\/strong> : G\u00e9rez facilement les remboursements, garantissant la satisfaction et la fid\u00e9lit\u00e9 client.<\/li>\n<\/ul>\n<div class=\"cl-preview-section\">\n<h3><strong>Comment installer et utiliser :<\/strong><\/h3>\n<ol>\n<li><strong>Installation<\/strong> :\n<ul>\n<li>T\u00e9l\u00e9chargez le plugin depuis votre tableau de bord WordPress ou le site Web Easy Digital Downloads.<\/li>\n<li>Chargez et activez le plugin.<\/li>\n<li>Configurez les d\u00e9tails de votre compte Authorize.Net dans les param\u00e8tres d&rsquo;Easy Digital Downloads.<\/li>\n<\/ul>\n<\/li>\n<li><strong>Configuration<\/strong> :\n<ul>\n<li>Acc\u00e9dez \u00e0 T\u00e9l\u00e9chargements &gt; Param\u00e8tres &gt; Passerelles de paiement.<\/li>\n<li>Activez la passerelle de paiement Authorize.Net.<\/li>\n<li>Entrez vos identifiants API et d&rsquo;autres d\u00e9tails n\u00e9cessaires.<\/li>\n<\/ul>\n<\/li>\n<li><strong>Utilisation<\/strong> :\n<ul>\n<li>Les clients peuvent d\u00e9sormais choisir Authorize.Net comme m\u00e9thode de paiement pr\u00e9f\u00e9r\u00e9e lors du processus de paiement.<\/li>\n<li>Profitez d&rsquo;un traitement s\u00e9curis\u00e9 et efficace des transactions pour vos produits num\u00e9riques.<\/li>\n<\/ul>\n<\/li>\n<\/ol>\n<h4 id=\"requirements\">Exigences:<\/h4>\n<\/div>\n<div class=\"cl-preview-section\">\n<ul>\n<li>Compte actif sur <a href=\"https:\/\/www.authorize.net\" target=\"_blank\" rel=\"noopener\">www.authorize.net\/<\/a> &#8211; Inscrivez-vous pour un compte de sandbox si vous avez besoin de faire des tests.<\/li>\n<li><strong>Plugin Easy Digital Downloads<\/strong><\/li>\n<li>Un certificat SSL valide est requis pour assurer la s\u00e9curit\u00e9 des d\u00e9tails de la carte de cr\u00e9dit de votre client et rendre votre site conforme \u00e0 la norme PCI DSS.<\/li>\n<li>Ce plugin ne stocke pas les num\u00e9ros de carte de cr\u00e9dit ou les informations sensibles des clients sur votre site.<\/li>\n<\/ul>\n<\/div>\n<div class=\"cl-preview-section\">\n<p><strong>Avis de non-responsabilit\u00e9 :<\/strong><\/p>\n<p>Veuillez noter que ce site ne traite pas directement les transactions. Il agit comme un pont pour connecter de mani\u00e8re transparente votre boutique Easy Digital Downloads \u00e0 la passerelle de paiement de confiance d&rsquo;Authorize.Net. Toutes les transactions sont trait\u00e9es de mani\u00e8re s\u00e9curis\u00e9e sur la plateforme Authorize.Net, garantissant les plus hauts niveaux de s\u00e9curit\u00e9 et de conformit\u00e9.<\/p>\n<\/div>\n","protected":false},"excerpt":{"rendered":"<p>Integrate Authorize.Net Gateway for Easy Digital Downloads<\/p>\n","protected":false},"featured_media":1943,"comment_status":"open","ping_status":"closed","template":"","meta":{"_acf_changed":false},"product_cat":[48],"product_tag":[140],"class_list":{"0":"post-1942","1":"product","2":"type-product","3":"status-publish","4":"has-post-thumbnail","6":"product_cat-easy-digital-downloads","7":"product_tag-authorize-net","9":"first","10":"instock","11":"shipping-taxable","12":"purchasable","13":"product-type-simple"},"acf":[],"_links":{"self":[{"href":"https:\/\/wpayo.com\/fr\/wp-json\/wp\/v2\/product\/1942","targetHints":{"allow":["GET"]}}],"collection":[{"href":"https:\/\/wpayo.com\/fr\/wp-json\/wp\/v2\/product"}],"about":[{"href":"https:\/\/wpayo.com\/fr\/wp-json\/wp\/v2\/types\/product"}],"replies":[{"embeddable":true,"href":"https:\/\/wpayo.com\/fr\/wp-json\/wp\/v2\/comments?post=1942"}],"wp:featuredmedia":[{"embeddable":true,"href":"https:\/\/wpayo.com\/fr\/wp-json\/wp\/v2\/media\/1943"}],"wp:attachment":[{"href":"https:\/\/wpayo.com\/fr\/wp-json\/wp\/v2\/media?parent=1942"}],"wp:term":[{"taxonomy":"product_cat","embeddable":true,"href":"https:\/\/wpayo.com\/fr\/wp-json\/wp\/v2\/product_cat?post=1942"},{"taxonomy":"product_tag","embeddable":true,"href":"https:\/\/wpayo.com\/fr\/wp-json\/wp\/v2\/product_tag?post=1942"}],"curies":[{"name":"wp","href":"https:\/\/api.w.org\/{rel}","templated":true}]}}