{"id":1954,"date":"2023-10-10T08:50:00","date_gmt":"2023-10-10T08:50:00","guid":{"rendered":"https:\/\/wpayo.com\/fr\/?post_type=product&#038;p=1954"},"modified":"2024-01-17T11:40:05","modified_gmt":"2024-01-17T11:40:05","slug":"authorize-net-gateway-ninja-forms","status":"publish","type":"product","link":"https:\/\/wpayo.com\/fr\/paiement-gateway\/authorize-net-gateway-ninja-forms\/","title":{"rendered":"Authorize.Net Gateway pour Ninja Forms"},"content":{"rendered":"<p>Transformez votre site WordPress en une centrale de transactions en ligne s\u00e9curis\u00e9es et efficaces avec la <strong>Passerelle de paiement Authorize.Net pour Ninja Forms<\/strong>. Ce plugin robuste int\u00e8gre de mani\u00e8re transparente les capacit\u00e9s de traitement des paiements renomm\u00e9es d&rsquo;Authorize.Net avec la flexibilit\u00e9 de Ninja Forms, vous permettant de cr\u00e9er des formulaires de paiement dynamiques et conviviaux. Que vous teniez une boutique de commerce \u00e9lectronique, acceptiez des dons ou proposiez des services en ligne, notre plugin facilite la collecte de paiements.<\/p>\n<h2><strong>Principales fonctionnalit\u00e9s :<\/strong><\/h2>\n<ol>\n<li><strong>Transactions s\u00e9curis\u00e9es :<\/strong> Dormez tranquille en sachant que les informations de paiement de vos clients sont prot\u00e9g\u00e9es par les fonctionnalit\u00e9s de s\u00e9curit\u00e9 de premier plan d&rsquo;Authorize.Net.<\/li>\n<li><strong>Int\u00e9gration simple :<\/strong> Int\u00e9grez Authorize.Net dans vos Ninja Forms sans comp\u00e9tences en programmation. Lancez-vous rapidement !<\/li>\n<li><strong>Formulaires personnalisables :<\/strong> Concevez des formulaires de paiement adapt\u00e9s \u00e0 vos besoins uniques. Choisissez parmi une vari\u00e9t\u00e9 de champs et d&rsquo;options pour cr\u00e9er une exp\u00e9rience de paiement personnalis\u00e9e.<\/li>\n<li><strong>Paiements r\u00e9currents :<\/strong> Configurez facilement des services bas\u00e9s sur l&rsquo;abonnement. Les paiements r\u00e9currents sont un jeu d&rsquo;enfant avec notre plugin.<\/li>\n<li><strong>Prise en charge multidevises :<\/strong> \u00c9largissez votre port\u00e9e \u00e0 l&rsquo;\u00e9chelle mondiale en acceptant des paiements dans plusieurs devises, facilitant ainsi les transactions avec les clients internationaux.<\/li>\n<li><strong>Rapports d\u00e9taill\u00e9s :<\/strong> Suivez vos transactions financi\u00e8res avec des fonctionnalit\u00e9s de reporting compl\u00e8tes qui vous aident \u00e0 rester organis\u00e9.<\/li>\n<\/ol>\n<div class=\"cl-preview-section\">\n<h3><strong>Comment installer et utiliser :<\/strong><\/h3>\n<ol>\n<li><strong>Installation<\/strong> :\n<ul>\n<li>T\u00e9l\u00e9chargez le plugin depuis votre tableau de bord WordPress<\/li>\n<li>Chargez et activez le plugin.<\/li>\n<li>Configurez les d\u00e9tails de votre compte Authorize.Net dans les param\u00e8tres de Ninja Forms.<\/li>\n<\/ul>\n<\/li>\n<li><strong>Configuration<\/strong> :\n<ul>\n<li>Acc\u00e9dez \u00e0 T\u00e9l\u00e9chargements &gt; Param\u00e8tres &gt; Passerelles de paiement.<\/li>\n<li>Activez la passerelle de paiement Authorize.Net.<\/li>\n<li>Entrez vos identifiants API et d&rsquo;autres d\u00e9tails n\u00e9cessaires.<\/li>\n<\/ul>\n<\/li>\n<li><strong>Utilisation<\/strong> :\n<ul>\n<li>Les clients peuvent d\u00e9sormais choisir Authorize.Net comme m\u00e9thode de paiement pr\u00e9f\u00e9r\u00e9e lors du processus de paiement.<\/li>\n<li>Profitez d&rsquo;un traitement s\u00e9curis\u00e9 et efficace des transactions pour vos produits num\u00e9riques.<\/li>\n<\/ul>\n<\/li>\n<\/ol>\n<h4 id=\"requirements\">Exigences;<\/h4>\n<\/div>\n<div class=\"cl-preview-section\">\n<ul>\n<li>Compte actif sur <a href=\"https:\/\/www.authorize.net\" target=\"_blank\" rel=\"noopener\">www.authorize.net\/<\/a> &#8211; Inscrivez-vous pour un compte de sandbox si vous avez besoin de faire des tests.<\/li>\n<li><strong>Plugin Ninja Forms<\/strong><\/li>\n<li>Un certificat SSL valide est requis pour assurer la s\u00e9curit\u00e9 des d\u00e9tails de la carte de cr\u00e9dit de votre client et rendre votre site conforme \u00e0 la norme PCI DSS.<\/li>\n<li>Ce plugin ne stocke pas les num\u00e9ros de carte de cr\u00e9dit ou les informations sensibles des clients sur votre site.<\/li>\n<\/ul>\n<\/div>\n<div class=\"cl-preview-section\">\n<p><strong>Avis de non-responsabilit\u00e9 :<\/strong><\/p>\n<p>Veuillez noter que ce site ne traite pas directement les transactions. Il agit comme un pont pour connecter de mani\u00e8re transparente vos formulaires Ninja Forms \u00e0 la passerelle de paiement de confiance d&rsquo;Authorize.Net. Toutes les transactions sont trait\u00e9es de mani\u00e8re s\u00e9curis\u00e9e sur la plateforme Authorize.Net, garantissant les plus hauts niveaux de s\u00e9curit\u00e9 et de conformit\u00e9.<\/p>\n<\/div>\n","protected":false},"excerpt":{"rendered":"<p>Integrate Authorize.Net On Ninja Forms.<\/p>\n","protected":false},"featured_media":1955,"comment_status":"open","ping_status":"closed","template":"","meta":{"_acf_changed":false},"product_cat":[52],"product_tag":[140],"class_list":{"0":"post-1954","1":"product","2":"type-product","3":"status-publish","4":"has-post-thumbnail","6":"product_cat-ninja-forms","7":"product_tag-authorize-net","9":"first","10":"instock","11":"shipping-taxable","12":"purchasable","13":"product-type-simple"},"acf":[],"_links":{"self":[{"href":"https:\/\/wpayo.com\/fr\/wp-json\/wp\/v2\/product\/1954","targetHints":{"allow":["GET"]}}],"collection":[{"href":"https:\/\/wpayo.com\/fr\/wp-json\/wp\/v2\/product"}],"about":[{"href":"https:\/\/wpayo.com\/fr\/wp-json\/wp\/v2\/types\/product"}],"replies":[{"embeddable":true,"href":"https:\/\/wpayo.com\/fr\/wp-json\/wp\/v2\/comments?post=1954"}],"wp:featuredmedia":[{"embeddable":true,"href":"https:\/\/wpayo.com\/fr\/wp-json\/wp\/v2\/media\/1955"}],"wp:attachment":[{"href":"https:\/\/wpayo.com\/fr\/wp-json\/wp\/v2\/media?parent=1954"}],"wp:term":[{"taxonomy":"product_cat","embeddable":true,"href":"https:\/\/wpayo.com\/fr\/wp-json\/wp\/v2\/product_cat?post=1954"},{"taxonomy":"product_tag","embeddable":true,"href":"https:\/\/wpayo.com\/fr\/wp-json\/wp\/v2\/product_tag?post=1954"}],"curies":[{"name":"wp","href":"https:\/\/api.w.org\/{rel}","templated":true}]}}