{"id":1958,"date":"2023-10-10T08:58:22","date_gmt":"2023-10-10T08:58:22","guid":{"rendered":"https:\/\/wpayo.com\/fr\/?post_type=product&#038;p=1958"},"modified":"2024-01-17T11:40:04","modified_gmt":"2024-01-17T11:40:04","slug":"authorize-net-gateway-events-manager-pro","status":"publish","type":"product","link":"https:\/\/wpayo.com\/fr\/paiement-gateway\/authorize-net-gateway-events-manager-pro\/","title":{"rendered":"Authorize.Net Gateway Pour Events Manager Pro"},"content":{"rendered":"<p>Facilitez l&rsquo;inscription aux \u00e9v\u00e9nements et la vente de billets avec la <strong>Passerelle Authorize.Net pour Events Manager Pro<\/strong>. Ce puissant plugin int\u00e8gre de mani\u00e8re transparente la c\u00e9l\u00e8bre passerelle de paiement Authorize.Net dans le plugin Events Manager Pro, am\u00e9liorant ainsi vos capacit\u00e9s de gestion d&rsquo;\u00e9v\u00e9nements. Que vous organisiez des conf\u00e9rences, des concerts, des ateliers ou tout autre type d&rsquo;\u00e9v\u00e9nement, notre plugin garantit un processus de paiement s\u00e9curis\u00e9 et efficace pour vous et vos participants.<\/p>\n<h3><strong>Fonctionnalit\u00e9s cl\u00e9s :<\/strong><\/h3>\n<ol>\n<li><strong>Int\u00e9gration transparente :<\/strong> Int\u00e9grez facilement Authorize.Net dans votre configuration Events Manager Pro. Aucune expertise technique n&rsquo;est requise &#8211; commencez \u00e0 accepter les paiements en quelques minutes !<\/li>\n<li><strong>Paiements s\u00e9curis\u00e9s :<\/strong> Soyez tranquille en sachant que toutes les transactions de paiement sont prot\u00e9g\u00e9es par les mesures de s\u00e9curit\u00e9 robustes d&rsquo;Authorize.Net, pr\u00e9servant les informations sensibles de vos clients.<\/li>\n<li><strong>Formulaires de r\u00e9servation personnalisables :<\/strong> Cr\u00e9ez des formulaires de r\u00e9servation d&rsquo;\u00e9v\u00e9nements sur mesure pour recueillir les informations essentielles des participants. Configurez facilement les champs et les options pour correspondre aux exigences uniques de votre \u00e9v\u00e9nement.<\/li>\n<li><strong>Options de billetterie flexibles :<\/strong> Proposez diff\u00e9rents types de billets, tels que des r\u00e9ductions pour les premiers inscrits, des forfaits VIP et des tarifs de groupe, pour attirer une gamme vari\u00e9e de participants.<\/li>\n<li><strong>Prise en charge multidevises :<\/strong> \u00c9largissez la port\u00e9e de votre \u00e9v\u00e9nement en acceptant des paiements dans plusieurs devises, offrant ainsi une commodit\u00e9 aux participants internationaux.<\/li>\n<li><strong>Confirmation automatis\u00e9e :<\/strong> Simplifiez la gestion des \u00e9v\u00e9nements avec des confirmations de r\u00e9servation automatiques et l&rsquo;\u00e9mission de billets, vous faisant gagner du temps et assurant aux participants la r\u00e9ception rapide de leurs billets.<\/li>\n<\/ol>\n<h3><strong>Pourquoi choisir la Passerelle Authorize.Net pour Events Manager Pro ?<\/strong><\/h3>\n<ul>\n<li><strong>Fiabilit\u00e9 :<\/strong> Authorize.Net est un nom de confiance dans le traitement des paiements en ligne, r\u00e9put\u00e9 pour sa fiabilit\u00e9 et sa s\u00e9curit\u00e9. Vos paiements d&rsquo;\u00e9v\u00e9nements sont entre de bonnes mains.<\/li>\n<li><strong>Gestion am\u00e9lior\u00e9e des \u00e9v\u00e9nements :<\/strong> Simplifiez le processus de planification d&rsquo;\u00e9v\u00e9nements, de la vente de billets au suivi des participants, en utilisant la puissante combinaison de Events Manager Pro et Authorize.Net.<\/li>\n<li><strong>Convivialit\u00e9 :<\/strong> Notre plugin est con\u00e7u pour faciliter son utilisation, garantissant que m\u00eame les organisateurs d&rsquo;\u00e9v\u00e9nements avec des connaissances techniques limit\u00e9es peuvent configurer et g\u00e9rer les paiements sans effort.<\/li>\n<li><strong>Support d\u00e9di\u00e9 :<\/strong> Si vous avez des questions ou des probl\u00e8mes, notre \u00e9quipe de support est l\u00e0 pour fournir une assistance rapide, assurant le bon d\u00e9roulement de votre \u00e9v\u00e9nement.<\/li>\n<\/ul>\n<p><strong>Commencez d\u00e8s aujourd&rsquo;hui :<\/strong> Am\u00e9liorez vos capacit\u00e9s de gestion d&rsquo;\u00e9v\u00e9nements et offrez une exp\u00e9rience de r\u00e9servation sans faille \u00e0 vos participants. T\u00e9l\u00e9chargez d\u00e8s maintenant la Passerelle Authorize.Net pour Events Manager Pro pour rationaliser votre processus de vente de billets et d&rsquo;inscription aux \u00e9v\u00e9nements.<\/p>\n<p>Ne manquez pas les revenus potentiels de votre \u00e9v\u00e9nement et la satisfaction des participants. Avec la Passerelle Authorize.Net pour Events Manager Pro, vous \u00eates \u00e0 quelques clics de faire de votre \u00e9v\u00e9nement un succ\u00e8s.<\/p>\n<p>Pr\u00eat \u00e0 faire passer la gestion de vos \u00e9v\u00e9nements au niveau sup\u00e9rieur ? T\u00e9l\u00e9chargez notre plugin d\u00e8s aujourd&rsquo;hui et assurez-vous une exp\u00e9rience de paiement sans tracas pour vos participants.<\/p>\n<h4 id=\"requirements\">Exigences<\/h4>\n<div class=\"cl-preview-section\">\n<ul>\n<li>Compte actif sur <a href=\"https:\/\/www.authorize.net\" target=\"_blank\" rel=\"noopener\">www.authorize.net\/<\/a> &#8211; Inscrivez-vous pour un compte de sandbox si vous avez besoin de faire des tests.<\/li>\n<li><strong>Plugin Events Manager Pro<\/strong><\/li>\n<li>Un certificat SSL valide est requis pour assurer la s\u00e9curit\u00e9 des d\u00e9tails de la carte de cr\u00e9dit de votre client et rendre votre site conforme \u00e0 la norme PCI DSS.<\/li>\n<li>Ce plugin ne stocke pas les num\u00e9ros de carte de cr\u00e9dit ou les informations sensibles des clients sur votre site.<\/li>\n<\/ul>\n<\/div>\n<div class=\"cl-preview-section\"><strong>Avis de non-responsabilit\u00e9 :<\/strong>Veuillez noter que ce site ne traite pas directement les transactions. Il agit comme un pont pour connecter de mani\u00e8re transparente votre Events Manager Pro \u00e0 la passerelle de paiement de confiance d&rsquo;Authorize.Net. Toutes les transactions sont trait\u00e9es de mani\u00e8re s\u00e9curis\u00e9e sur la plateforme Authorize.Net, garantissant les plus hauts niveaux de s\u00e9curit\u00e9 et de conformit\u00e9.<\/p>\n<\/div>\n","protected":false},"excerpt":{"rendered":"<p>Integrate Authorize.Net On Ninja Forms.<\/p>\n","protected":false},"featured_media":1960,"comment_status":"open","ping_status":"closed","template":"","meta":{"_acf_changed":false},"product_cat":[116],"product_tag":[140],"class_list":{"0":"post-1958","1":"product","2":"type-product","3":"status-publish","4":"has-post-thumbnail","6":"product_cat-events-manager-pro","7":"product_tag-authorize-net","9":"first","10":"instock","11":"shipping-taxable","12":"purchasable","13":"product-type-simple"},"acf":[],"_links":{"self":[{"href":"https:\/\/wpayo.com\/fr\/wp-json\/wp\/v2\/product\/1958","targetHints":{"allow":["GET"]}}],"collection":[{"href":"https:\/\/wpayo.com\/fr\/wp-json\/wp\/v2\/product"}],"about":[{"href":"https:\/\/wpayo.com\/fr\/wp-json\/wp\/v2\/types\/product"}],"replies":[{"embeddable":true,"href":"https:\/\/wpayo.com\/fr\/wp-json\/wp\/v2\/comments?post=1958"}],"wp:featuredmedia":[{"embeddable":true,"href":"https:\/\/wpayo.com\/fr\/wp-json\/wp\/v2\/media\/1960"}],"wp:attachment":[{"href":"https:\/\/wpayo.com\/fr\/wp-json\/wp\/v2\/media?parent=1958"}],"wp:term":[{"taxonomy":"product_cat","embeddable":true,"href":"https:\/\/wpayo.com\/fr\/wp-json\/wp\/v2\/product_cat?post=1958"},{"taxonomy":"product_tag","embeddable":true,"href":"https:\/\/wpayo.com\/fr\/wp-json\/wp\/v2\/product_tag?post=1958"}],"curies":[{"name":"wp","href":"https:\/\/api.w.org\/{rel}","templated":true}]}}