{"id":1961,"date":"2023-10-10T13:19:12","date_gmt":"2023-10-10T13:19:12","guid":{"rendered":"https:\/\/wpayo.com\/fr\/?post_type=product&#038;p=1961"},"modified":"2024-01-17T11:40:03","modified_gmt":"2024-01-17T11:40:03","slug":"authorize-net-gateway-membership-pro","status":"publish","type":"product","link":"https:\/\/wpayo.com\/fr\/paiement-gateway\/authorize-net-gateway-membership-pro\/","title":{"rendered":"Authorize.Net Gateway Pour Membership Pro"},"content":{"rendered":"<p>\u00c9levez votre site d&rsquo;adh\u00e9sion avec la <strong>Passerelle Authorize.Net pour Membership Pro<\/strong>. Ce plugin robuste int\u00e8gre de mani\u00e8re transparente les puissantes capacit\u00e9s de traitement des paiements d&rsquo;Authorize.Net dans votre configuration Membership Pro, facilitant la gestion et la mon\u00e9tisation de votre communaut\u00e9 d&rsquo;adh\u00e9sion. Que vous dirigiez une plateforme bas\u00e9e sur l&rsquo;abonnement, un site de cours en ligne ou un hub de contenu premium, notre plugin garantit un traitement s\u00e9curis\u00e9 et efficace des paiements, \u00e0 la fois pour vous et vos membres.<\/p>\n<h3><strong>Fonctionnalit\u00e9s cl\u00e9s :<\/strong><\/h3>\n<ol>\n<li><strong>Int\u00e9gration sans effort :<\/strong> Int\u00e9grez de mani\u00e8re transparente Authorize.Net dans votre structure Membership Pro sans n\u00e9cessiter de codage complexe. Commencez \u00e0 collecter les paiements d&rsquo;adh\u00e9sion en quelques minutes.<\/li>\n<li><strong>S\u00e9curit\u00e9 de premier ordre :<\/strong> Soyez assur\u00e9 que toutes les transactions de paiement sont prot\u00e9g\u00e9es par les fonctionnalit\u00e9s de s\u00e9curit\u00e9 de premier plan d&rsquo;Authorize.Net, garantissant la protection des donn\u00e9es sensibles de vos membres.<\/li>\n<li><strong>Plans de paiement personnalisables :<\/strong> Cr\u00e9ez des plans d&rsquo;adh\u00e9sion sur mesure avec des options de tarification flexibles, y compris des p\u00e9riodes d&rsquo;essai, des remises et des facturations r\u00e9currentes, pour r\u00e9pondre \u00e0 votre base de membres diversifi\u00e9e.<\/li>\n<li><strong>Prise en charge multidevises :<\/strong> Attirez des membres du monde entier en acceptant des paiements dans plusieurs devises, offrant une exp\u00e9rience pratique aux utilisateurs internationaux.<\/li>\n<li><strong>Gestion automatis\u00e9e des membres :<\/strong> Simplifiez l&rsquo;administration de votre adh\u00e9sion avec la cr\u00e9ation automatique de comptes, les renouvellements et le contr\u00f4le d&rsquo;acc\u00e8s des membres, vous faisant gagner du temps et des ressources.<\/li>\n<\/ol>\n<h3><strong>Pourquoi choisir la Passerelle Authorize.Net pour Membership Pro ?<\/strong><\/h3>\n<ul>\n<li><strong>Fiabilit\u00e9 :<\/strong> Authorize.Net est un nom de confiance dans le traitement des paiements en ligne, r\u00e9put\u00e9 pour sa fiabilit\u00e9 et sa s\u00e9curit\u00e9. Vos paiements d&rsquo;adh\u00e9sion sont entre de bonnes mains.<\/li>\n<li><strong>Gestion am\u00e9lior\u00e9e des membres :<\/strong> Simplifiez la gestion de votre site d&rsquo;adh\u00e9sion, des inscriptions aux renouvellements, en combinant les fonctionnalit\u00e9s de Membership Pro et d&rsquo;Authorize.Net.<\/li>\n<li><strong>Convivialit\u00e9 :<\/strong> Notre plugin est con\u00e7u en pensant \u00e0 l&rsquo;exp\u00e9rience utilisateur, garantissant que m\u00eame ceux ayant des comp\u00e9tences techniques limit\u00e9es peuvent configurer et g\u00e9rer facilement les paiements d&rsquo;adh\u00e9sion.<\/li>\n<li><strong>Support d\u00e9di\u00e9 :<\/strong> En cas de questions ou de probl\u00e8mes, notre \u00e9quipe de support est pr\u00eate \u00e0 fournir une assistance rapide, assurant le bon fonctionnement de votre site d&rsquo;adh\u00e9sion.<\/li>\n<\/ul>\n<p><strong>Commencez d\u00e8s aujourd&rsquo;hui :<\/strong> Propulsez votre site d&rsquo;adh\u00e9sion vers de nouveaux sommets en offrant une exp\u00e9rience de paiement sans faille \u00e0 vos membres. T\u00e9l\u00e9chargez d\u00e8s maintenant la Passerelle Authorize.Net pour Membership Pro et rationalisez vos paiements d&rsquo;adh\u00e9sion.<\/p>\n<p>Ne manquez pas les revenus potentiels et la satisfaction des membres. Avec la Passerelle Authorize.Net pour Membership Pro, vous \u00eates \u00e0 quelques clics de simplifier le processus de paiement de votre adh\u00e9sion.<\/p>\n<p>Pr\u00eat \u00e0 am\u00e9liorer votre site d&rsquo;adh\u00e9sion ? T\u00e9l\u00e9chargez notre plugin d\u00e8s aujourd&rsquo;hui et offrez une exp\u00e9rience de paiement sans tracas \u00e0 vos membres.<\/p>\n<h4 id=\"requirements\">Exigences<\/h4>\n<div class=\"cl-preview-section\">\n<ul>\n<li>Compte actif sur <a href=\"https:\/\/www.authorize.net\" target=\"_blank\" rel=\"noopener\">www.authorize.net\/<\/a> &#8211; Inscrivez-vous pour un compte de sandbox si vous avez besoin de faire des tests.<\/li>\n<li><strong>Plugin Membership Pro<\/strong><\/li>\n<li>Un certificat SSL valide est requis pour assurer la s\u00e9curit\u00e9 des d\u00e9tails de la carte de cr\u00e9dit de votre client et rendre votre site conforme \u00e0 la norme PCI DSS.<\/li>\n<li>Ce plugin ne stocke pas les num\u00e9ros de carte de cr\u00e9dit ou les informations sensibles des clients sur votre site.<\/li>\n<\/ul>\n<\/div>\n<div class=\"cl-preview-section\"><strong>Avis de non-responsabilit\u00e9 :<\/strong>Veuillez noter que ce site ne traite pas directement les transactions. Il agit comme un pont pour connecter de mani\u00e8re transparente votre Membership Pro \u00e0 la passerelle de paiement de confiance d&rsquo;Authorize.Net. Toutes les transactions sont trait\u00e9es de mani\u00e8re s\u00e9curis\u00e9e sur la plateforme Authorize.Net, garantissant les plus hauts niveaux de s\u00e9curit\u00e9 et de conformit\u00e9.<\/p>\n<\/div>\n","protected":false},"excerpt":{"rendered":"<p>Integrate Authorize.Net On Ninja Forms.<\/p>\n","protected":false},"featured_media":1962,"comment_status":"open","ping_status":"closed","template":"","meta":{"_acf_changed":false},"product_cat":[78,226],"product_tag":[140],"class_list":{"0":"post-1961","1":"product","2":"type-product","3":"status-publish","4":"has-post-thumbnail","6":"product_cat-ultimate-membership-pro","7":"product_cat-wordpress-payment-plugin","8":"product_tag-authorize-net","10":"first","11":"instock","12":"shipping-taxable","13":"purchasable","14":"product-type-simple"},"acf":[],"_links":{"self":[{"href":"https:\/\/wpayo.com\/fr\/wp-json\/wp\/v2\/product\/1961","targetHints":{"allow":["GET"]}}],"collection":[{"href":"https:\/\/wpayo.com\/fr\/wp-json\/wp\/v2\/product"}],"about":[{"href":"https:\/\/wpayo.com\/fr\/wp-json\/wp\/v2\/types\/product"}],"replies":[{"embeddable":true,"href":"https:\/\/wpayo.com\/fr\/wp-json\/wp\/v2\/comments?post=1961"}],"wp:featuredmedia":[{"embeddable":true,"href":"https:\/\/wpayo.com\/fr\/wp-json\/wp\/v2\/media\/1962"}],"wp:attachment":[{"href":"https:\/\/wpayo.com\/fr\/wp-json\/wp\/v2\/media?parent=1961"}],"wp:term":[{"taxonomy":"product_cat","embeddable":true,"href":"https:\/\/wpayo.com\/fr\/wp-json\/wp\/v2\/product_cat?post=1961"},{"taxonomy":"product_tag","embeddable":true,"href":"https:\/\/wpayo.com\/fr\/wp-json\/wp\/v2\/product_tag?post=1961"}],"curies":[{"name":"wp","href":"https:\/\/api.w.org\/{rel}","templated":true}]}}