{"id":1970,"date":"2023-10-11T12:44:56","date_gmt":"2023-10-11T12:44:56","guid":{"rendered":"https:\/\/wpayo.com\/fr\/?post_type=product&#038;p=1970"},"modified":"2024-01-17T11:40:01","modified_gmt":"2024-01-17T11:40:01","slug":"instamojo-gateway-events-manager","status":"publish","type":"product","link":"https:\/\/wpayo.com\/fr\/paiement-gateway\/instamojo-gateway-events-manager\/","title":{"rendered":"Instamojo Gateway pour Events Manager"},"content":{"rendered":"<p>Rehaussez vos capacit\u00e9s de gestion d&rsquo;\u00e9v\u00e9nements avec la <strong>Passerelle Instamojo pour Events Manager<\/strong>. Ce plugin robuste int\u00e8gre de mani\u00e8re transparente le traitement renomm\u00e9 des paiements d&rsquo;Instamojo dans votre configuration Events Manager, facilitant la gestion des inscriptions aux \u00e9v\u00e9nements et des ventes de billets. Que vous organisiez des conf\u00e9rences, des ateliers, des s\u00e9minaires ou tout autre type d&rsquo;\u00e9v\u00e9nement, notre plugin garantit un traitement s\u00e9curis\u00e9 et efficace des paiements, \u00e0 la fois pour vous et vos participants.<\/p>\n<p><strong>Fonctionnalit\u00e9s cl\u00e9s :<\/strong><\/p>\n<ol>\n<li><strong>Int\u00e9gration sans effort :<\/strong> Int\u00e9grez de mani\u00e8re transparente Instamojo dans votre structure Events Manager sans n\u00e9cessiter de codage complexe. Commencez \u00e0 collecter les paiements d&rsquo;\u00e9v\u00e9nements en quelques minutes.<\/li>\n<li><strong>S\u00e9curit\u00e9 de premier ordre :<\/strong> Soyez assur\u00e9 que toutes les transactions de paiement sont prot\u00e9g\u00e9es par les fonctionnalit\u00e9s de s\u00e9curit\u00e9 avanc\u00e9es d&rsquo;Instamojo, garantissant la s\u00e9curit\u00e9 des donn\u00e9es sensibles de vos participants.<\/li>\n<li><strong>Formulaires d&rsquo;inscription aux \u00e9v\u00e9nements personnalisables :<\/strong> Cr\u00e9ez des formulaires d&rsquo;inscription aux \u00e9v\u00e9nements sur mesure avec des champs et des options personnalisables, s&rsquo;adaptant aux besoins uniques de votre \u00e9v\u00e9nement.<\/li>\n<li><strong>Options de billetterie flexibles :<\/strong> Proposez divers types de billets, tels que des r\u00e9ductions pour les premiers inscrits, des forfaits VIP et des tarifs de groupe, pour attirer un public vari\u00e9.<\/li>\n<li><strong>Prise en charge multidevises :<\/strong> \u00c9largissez la port\u00e9e de votre \u00e9v\u00e9nement en acceptant des paiements dans plusieurs devises, offrant une exp\u00e9rience pratique aux participants internationaux.<\/li>\n<li><strong>Confirmation automatis\u00e9e :<\/strong> Simplifiez la gestion d&rsquo;\u00e9v\u00e9nements avec des confirmations automatiques de r\u00e9servation et l&rsquo;\u00e9mission de billets, vous faisant gagner du temps et garantissant que les participants re\u00e7oivent leurs billets rapidement.<\/li>\n<\/ol>\n<p><strong>Pourquoi choisir la Passerelle Instamojo pour Events Manager ?<\/strong><\/p>\n<ul>\n<li><strong>Fiabilit\u00e9 :<\/strong> Instamojo est un nom de confiance dans le traitement des paiements en ligne, r\u00e9put\u00e9 pour sa fiabilit\u00e9 et sa s\u00e9curit\u00e9. Vos paiements d&rsquo;\u00e9v\u00e9nements sont entre de bonnes mains.<\/li>\n<li><strong>Gestion am\u00e9lior\u00e9e des \u00e9v\u00e9nements :<\/strong> Simplifiez la gestion de vos \u00e9v\u00e9nements, des ventes de billets au suivi des participants, en combinant les fonctionnalit\u00e9s de Events Manager et d&rsquo;Instamojo.<\/li>\n<li><strong>Convivialit\u00e9 :<\/strong> Notre plugin est con\u00e7u en pensant \u00e0 l&rsquo;exp\u00e9rience utilisateur, garantissant que m\u00eame les organisateurs d&rsquo;\u00e9v\u00e9nements ayant des comp\u00e9tences techniques limit\u00e9es peuvent configurer et g\u00e9rer facilement les paiements d&rsquo;\u00e9v\u00e9nements.<\/li>\n<li><strong>Support d\u00e9di\u00e9 :<\/strong> En cas de questions ou de probl\u00e8mes, notre \u00e9quipe de support est pr\u00eate \u00e0 fournir une assistance rapide, assurant le bon fonctionnement de vos \u00e9v\u00e9nements.<\/li>\n<\/ul>\n<p><strong>Commencez d\u00e8s aujourd&rsquo;hui :<\/strong> Rationalisez la gestion de vos \u00e9v\u00e9nements et offrez une exp\u00e9rience de paiement sans faille \u00e0 vos participants. T\u00e9l\u00e9chargez d\u00e8s maintenant la Passerelle Instamojo pour Events Manager et simplifiez le processus d&rsquo;inscription et de billetterie de vos \u00e9v\u00e9nements.<\/p>\n<p>Ne manquez pas les revenus potentiels d&rsquo;\u00e9v\u00e9nements et la satisfaction des participants. Avec la Passerelle Instamojo pour Events Manager, vous \u00eates \u00e0 quelques clics de l&rsquo;am\u00e9lioration de vos capacit\u00e9s de gestion d&rsquo;\u00e9v\u00e9nements.<\/p>\n<p>Pr\u00eat \u00e0 rehausser votre gestion d&rsquo;\u00e9v\u00e9nements ? T\u00e9l\u00e9chargez notre plugin d\u00e8s aujourd&rsquo;hui et offrez une exp\u00e9rience de paiement sans tracas pour les participants \u00e0 votre \u00e9v\u00e9nement.<\/p>\n<div class=\"cl-preview-section\">\n<h4 id=\"requirements\">Exigences<\/h4>\n<\/div>\n<div class=\"cl-preview-section\">\n<ul>\n<li>Compte actif sur <a href=\"https:\/\/www.instamojo.com\/\" target=\"_blank\" rel=\"noopener\">www.instamojo.com\/<\/a> &#8211; Inscrivez-vous pour un compte de sandbox <a href=\"https:\/\/support.instamojo.com\/hc\/en-us\/articles\/208485675-Test-or-Sandbox-Account\" target=\"_blank\" rel=\"noopener\">ici<\/a> si vous avez besoin de faire des tests.<\/li>\n<li><strong>Plugin Events Manager Pro<\/strong><\/li>\n<li>Un certificat SSL valide est requis pour assurer la s\u00e9curit\u00e9 des d\u00e9tails de la carte de cr\u00e9dit de votre client et rendre votre site conforme \u00e0 la norme PCI DSS.<\/li>\n<li>Ce plugin ne stocke pas les num\u00e9ros de carte de cr\u00e9dit ou les informations sensibles des clients sur votre site.<\/li>\n<\/ul>\n<\/div>\n<div class=\"cl-preview-section\">\n<h4 id=\"disclaimer\">Avis de non-responsabilit\u00e9<\/h4>\n<\/div>\n<div class=\"cl-preview-section\">\n<p>Veuillez noter que ce site ne traite pas directement les transactions. Il sert de pont pour connecter de mani\u00e8re transparente votre Events Manager \u00e0 la <a href=\"https:\/\/wpayo.com\/fr\/decoder-les-ecarts-passerelle-de-paiement-et-processeur-de-paiement\/\">passerelle de paiement<\/a> de confiance d&rsquo;Instamojo. Toutes les transactions sont trait\u00e9es de mani\u00e8re s\u00e9curis\u00e9e sur la plateforme Instamojo, garantissant les plus hauts niveaux de s\u00e9curit\u00e9 et de conformit\u00e9.<\/p>\n<\/div>\n","protected":false},"excerpt":{"rendered":"<p>Integrate Instamojo Gateway for Events Manager Pro<\/p>\n","protected":false},"featured_media":1971,"comment_status":"open","ping_status":"closed","template":"","meta":{"_acf_changed":false},"product_cat":[116],"product_tag":[210],"class_list":{"0":"post-1970","1":"product","2":"type-product","3":"status-publish","4":"has-post-thumbnail","6":"product_cat-events-manager-pro","7":"product_tag-instamojo","9":"first","10":"instock","11":"shipping-taxable","12":"purchasable","13":"product-type-simple"},"acf":[],"_links":{"self":[{"href":"https:\/\/wpayo.com\/fr\/wp-json\/wp\/v2\/product\/1970","targetHints":{"allow":["GET"]}}],"collection":[{"href":"https:\/\/wpayo.com\/fr\/wp-json\/wp\/v2\/product"}],"about":[{"href":"https:\/\/wpayo.com\/fr\/wp-json\/wp\/v2\/types\/product"}],"replies":[{"embeddable":true,"href":"https:\/\/wpayo.com\/fr\/wp-json\/wp\/v2\/comments?post=1970"}],"wp:featuredmedia":[{"embeddable":true,"href":"https:\/\/wpayo.com\/fr\/wp-json\/wp\/v2\/media\/1971"}],"wp:attachment":[{"href":"https:\/\/wpayo.com\/fr\/wp-json\/wp\/v2\/media?parent=1970"}],"wp:term":[{"taxonomy":"product_cat","embeddable":true,"href":"https:\/\/wpayo.com\/fr\/wp-json\/wp\/v2\/product_cat?post=1970"},{"taxonomy":"product_tag","embeddable":true,"href":"https:\/\/wpayo.com\/fr\/wp-json\/wp\/v2\/product_tag?post=1970"}],"curies":[{"name":"wp","href":"https:\/\/api.w.org\/{rel}","templated":true}]}}