{"id":1972,"date":"2023-10-11T13:26:45","date_gmt":"2023-10-11T13:26:45","guid":{"rendered":"https:\/\/wpayo.com\/fr\/?post_type=product&#038;p=1972"},"modified":"2024-01-17T11:40:00","modified_gmt":"2024-01-17T11:40:00","slug":"instamojo-gateway-ninjaforms","status":"publish","type":"product","link":"https:\/\/wpayo.com\/fr\/paiement-gateway\/instamojo-gateway-ninjaforms\/","title":{"rendered":"Instamojo Gateway Pour  NinjaForms"},"content":{"rendered":"<p>Simplifiez votre processus de paiement en ligne et am\u00e9liorez le potentiel de mon\u00e9tisation de votre site web avec la <strong>Passerelle Instamojo pour NinjaForms<\/strong>. Ce puissant plugin int\u00e8gre de mani\u00e8re transparente la passerelle de paiement fiable d&rsquo;Instamojo dans votre configuration NinjaForms, facilitant la collecte de paiements, de dons ou la vente de produits en ligne. Que vous teniez une boutique de commerce \u00e9lectronique, une organisation \u00e0 but non lucratif ou une entreprise de services, notre plugin garantit des transactions s\u00e9curis\u00e9es et efficaces pour votre site web.<\/p>\n<h3><strong>Fonctionnalit\u00e9s cl\u00e9s :<\/strong><\/h3>\n<ol>\n<li><strong>Int\u00e9gration sans effort :<\/strong> Incorporez Instamojo dans votre NinjaForms sans n\u00e9cessiter de codage complexe. Commencez \u00e0 collecter des paiements en quelques minutes, sans n\u00e9cessiter de comp\u00e9tences techniques.<\/li>\n<li><strong>S\u00e9curit\u00e9 robuste :<\/strong> Soyez tranquille en sachant que toutes les transactions de paiement sont prot\u00e9g\u00e9es par les fonctionnalit\u00e9s de s\u00e9curit\u00e9 avanc\u00e9es d&rsquo;Instamojo, garantissant la s\u00e9curit\u00e9 des donn\u00e9es sensibles de vos clients.<\/li>\n<li><strong>Formulaires personnalisables :<\/strong> Cr\u00e9ez des formulaires de paiement sur mesure qui r\u00e9pondent \u00e0 vos besoins uniques, que vous vendiez des produits, acceptiez des dons ou proposiez des services.<\/li>\n<li><strong>Prise en charge multidevises :<\/strong> \u00c9tendez votre port\u00e9e mondiale en acceptant des paiements dans plusieurs devises, offrant ainsi une commodit\u00e9 aux clients internationaux.<\/li>\n<li><strong>Rapports d\u00e9taill\u00e9s :<\/strong> Suivez vos transactions financi\u00e8res avec des fonctionnalit\u00e9s de rapports compl\u00e8tes qui vous aident \u00e0 rester organis\u00e9 et \u00e0 prendre des d\u00e9cisions \u00e9clair\u00e9es.<\/li>\n<\/ol>\n<h3><strong>Pourquoi choisir la Passerelle Instamojo pour NinjaForms ?<\/strong><\/h3>\n<ul>\n<li><strong>Fiabilit\u00e9 :<\/strong> Instamojo est un nom de confiance dans le traitement des paiements en ligne, r\u00e9put\u00e9 pour sa fiabilit\u00e9 et sa s\u00e9curit\u00e9. Vous pouvez compter sur lui pour prot\u00e9ger votre entreprise et vos clients.<\/li>\n<li><strong>Convivialit\u00e9 :<\/strong> Notre plugin est con\u00e7u en pensant \u00e0 l&rsquo;exp\u00e9rience utilisateur. M\u00eame si vous \u00eates novice en mati\u00e8re de paiements en ligne, vous pouvez facilement configurer et g\u00e9rer les transactions.<\/li>\n<li><strong>Flexibilit\u00e9 :<\/strong> Que vous vendiez des produits, des services ou que vous collectiez des dons, notre plugin s&rsquo;adapte \u00e0 vos besoins. Personnalisez les formulaires pour correspondre \u00e0 votre image de marque et \u00e0 vos exigences.<\/li>\n<li><strong>Support d\u00e9di\u00e9 :<\/strong> Si vous rencontrez des probl\u00e8mes ou avez des questions, notre \u00e9quipe de support est l\u00e0 pour vous aider \u00e0 chaque \u00e9tape.<\/li>\n<\/ul>\n<p><strong>Commencez d\u00e8s aujourd&rsquo;hui :<\/strong> Ne manquez pas les ventes et les revenus potentiels. Propulsez votre site web vers de nouveaux sommets avec la Passerelle Instamojo pour NinjaForms. Rationalisez votre processus de paiement, renforcez la confiance des clients et dynamisez votre activit\u00e9 en ligne. Commencez d\u00e8s maintenant et profitez des avantages de transactions en ligne sans tracas.<\/p>\n<div class=\"cl-preview-section\">\n<h4 id=\"requirements\">Exigences<\/h4>\n<\/div>\n<div class=\"cl-preview-section\">\n<ul>\n<li>Compte actif sur <a href=\"https:\/\/www.instamojo.com\/\" target=\"_blank\" rel=\"noopener\">www.instamojo.com\/<\/a> &#8211; Inscrivez-vous pour un compte de sandbox <a href=\"https:\/\/support.instamojo.com\/hc\/en-us\/articles\/208485675-Test-or-Sandbox-Account\" target=\"_blank\" rel=\"noopener\">ici<\/a> si vous avez besoin de faire des tests.<\/li>\n<li><strong>Plugin NinjaForms<\/strong><\/li>\n<li>Un certificat SSL valide est requis pour assurer la s\u00e9curit\u00e9 des d\u00e9tails de la carte de cr\u00e9dit de votre client et rendre votre site conforme \u00e0 la norme PCI DSS.<\/li>\n<li>Ce plugin ne stocke pas les num\u00e9ros de carte de cr\u00e9dit ou les informations sensibles des clients sur votre site.<\/li>\n<\/ul>\n<\/div>\n<div class=\"cl-preview-section\">\n<h4 id=\"disclaimer\">Avis de non-responsabilit\u00e9<\/h4>\n<\/div>\n<div class=\"cl-preview-section\">\n<p>Veuillez noter que ce site ne traite pas directement les transactions. Il sert de pont pour connecter de mani\u00e8re transparente votre NinjaForms \u00e0 la <a href=\"https:\/\/wpayo.com\/fr\/decoder-les-ecarts-passerelle-de-paiement-et-processeur-de-paiement\/\">passerelle de paiement<\/a> de confiance d&rsquo;Instamojo. Toutes les transactions sont trait\u00e9es de mani\u00e8re s\u00e9curis\u00e9e sur la plateforme Instamojo, garantissant les plus hauts niveaux de s\u00e9curit\u00e9 et de conformit\u00e9.<\/p>\n<\/div>\n","protected":false},"excerpt":{"rendered":"<p>Integrate Instamojo Gateway for NinjaForms<\/p>\n","protected":false},"featured_media":1973,"comment_status":"open","ping_status":"closed","template":"","meta":{"_acf_changed":false},"product_cat":[52],"product_tag":[210],"class_list":{"0":"post-1972","1":"product","2":"type-product","3":"status-publish","4":"has-post-thumbnail","6":"product_cat-ninja-forms","7":"product_tag-instamojo","9":"first","10":"instock","11":"shipping-taxable","12":"purchasable","13":"product-type-simple"},"acf":[],"_links":{"self":[{"href":"https:\/\/wpayo.com\/fr\/wp-json\/wp\/v2\/product\/1972","targetHints":{"allow":["GET"]}}],"collection":[{"href":"https:\/\/wpayo.com\/fr\/wp-json\/wp\/v2\/product"}],"about":[{"href":"https:\/\/wpayo.com\/fr\/wp-json\/wp\/v2\/types\/product"}],"replies":[{"embeddable":true,"href":"https:\/\/wpayo.com\/fr\/wp-json\/wp\/v2\/comments?post=1972"}],"wp:featuredmedia":[{"embeddable":true,"href":"https:\/\/wpayo.com\/fr\/wp-json\/wp\/v2\/media\/1973"}],"wp:attachment":[{"href":"https:\/\/wpayo.com\/fr\/wp-json\/wp\/v2\/media?parent=1972"}],"wp:term":[{"taxonomy":"product_cat","embeddable":true,"href":"https:\/\/wpayo.com\/fr\/wp-json\/wp\/v2\/product_cat?post=1972"},{"taxonomy":"product_tag","embeddable":true,"href":"https:\/\/wpayo.com\/fr\/wp-json\/wp\/v2\/product_tag?post=1972"}],"curies":[{"name":"wp","href":"https:\/\/api.w.org\/{rel}","templated":true}]}}