{"id":1975,"date":"2024-01-17T11:31:45","date_gmt":"2024-01-17T11:31:45","guid":{"rendered":"https:\/\/wpayo.com\/fr\/?post_type=product&#038;p=1975"},"modified":"2024-01-17T11:31:46","modified_gmt":"2024-01-17T11:31:46","slug":"instamojo-gateway-givewp","status":"publish","type":"product","link":"https:\/\/wpayo.com\/fr\/paiement-gateway\/instamojo-gateway-givewp\/","title":{"rendered":"Instamojo Gateway &#8211; GiveWP"},"content":{"rendered":"<div class=\"flex flex-grow flex-col max-w-full gap-3 gizmo:gap-0\">\n<div class=\"min-h-[20px] text-message flex flex-col items-start gap-3 whitespace-pre-wrap break-words [.text-message+&amp;]:mt-5 overflow-x-auto\" data-message-author-role=\"assistant\" data-message-id=\"117ad8be-7f34-4798-ba48-2916f13a2593\">\n<div class=\"markdown prose w-full break-words dark:prose-invert dark\">\n<p>Propulsez votre collecte de fonds en ligne avec la Passerelle de Paiement Instamojo pour Give. Ce puissant plugin int\u00e8gre de mani\u00e8re transparente la passerelle de paiement fiable d&rsquo;Instamojo dans votre configuration GiveWP, facilitant la collecte de dons et le soutien \u00e0 vos efforts caritatifs. Que vous dirigiez une organisation \u00e0 but non lucratif, des campagnes caritatives ou des efforts de financement participatif, notre plugin garantit des transactions s\u00e9curis\u00e9es et efficaces pour votre site web.<\/p>\n<p><strong>Fonctionnalit\u00e9s cl\u00e9s :<\/strong><\/p>\n<ol>\n<li><strong>Int\u00e9gration sans effort :<\/strong> Incorporez Instamojo dans votre plateforme GiveWP sans avoir besoin de coder de mani\u00e8re complexe. Commencez \u00e0 collecter des dons en quelques minutes, sans expertise technique requise.<\/li>\n<li><strong>S\u00e9curit\u00e9 robuste :<\/strong> Dormez tranquille en sachant que toutes les transactions de dons sont prot\u00e9g\u00e9es par les fonctionnalit\u00e9s de s\u00e9curit\u00e9 avanc\u00e9es d&rsquo;Instamojo, assurant la s\u00e9curit\u00e9 des donn\u00e9es sensibles de vos donateurs.<\/li>\n<li><strong>Formulaires de don personnalisables :<\/strong> Cr\u00e9ez des formulaires de don sur mesure qui correspondent \u00e0 vos besoins de collecte de fonds uniques. Personnalisez les champs, les niveaux de don et les messages pour engager efficacement vos supporters.<\/li>\n<li><strong>Prise en charge de plusieurs devises :<\/strong> \u00c9largissez votre port\u00e9e mondiale en acceptant des dons dans plusieurs devises, offrant ainsi une commodit\u00e9 aux supporters internationaux.<\/li>\n<li><strong>Rapports d\u00e9taill\u00e9s :<\/strong> Suivez vos efforts de collecte de fonds gr\u00e2ce \u00e0 des fonctionnalit\u00e9s de rapports d\u00e9taill\u00e9s qui vous aident \u00e0 surveiller les dons et \u00e0 prendre des d\u00e9cisions \u00e9clair\u00e9es.<\/li>\n<\/ol>\n<p><strong>Pourquoi choisir la Passerelle de Paiement Instamojo pour Give ?<\/strong><\/p>\n<ul>\n<li><strong>Fiabilit\u00e9 :<\/strong> Instamojo est un nom de confiance dans le traitement des paiements en ligne, reconnu pour sa fiabilit\u00e9 et sa s\u00e9curit\u00e9. Vous pouvez lui faire confiance pour prot\u00e9ger vos activit\u00e9s caritatives et les informations de paiement de vos donateurs.<\/li>\n<li><strong>Convivialit\u00e9 :<\/strong> Notre plugin est con\u00e7u en pensant \u00e0 l&rsquo;exp\u00e9rience utilisateur. M\u00eame si vous \u00eates novice dans la collecte de fonds en ligne, vous pouvez facilement configurer et g\u00e9rer les transactions de don.<\/li>\n<li><strong>Flexibilit\u00e9 :<\/strong> Que vous collectiez des dons ponctuels, des contributions r\u00e9currentes ou que vous organisiez des campagnes de financement participatif, notre plugin s&rsquo;adapte \u00e0 vos objectifs de collecte de fonds. Personnalisez les formulaires pour correspondre \u00e0 votre image de marque et \u00e0 vos exigences sp\u00e9cifiques.<\/li>\n<li><strong>Support d\u00e9di\u00e9 :<\/strong> Si vous rencontrez des probl\u00e8mes ou avez des questions, notre \u00e9quipe d&rsquo;assistance est pr\u00eate \u00e0 vous aider \u00e0 chaque \u00e9tape.<\/li>\n<\/ul>\n<p><strong>Commencez d\u00e8s aujourd&rsquo;hui :<\/strong> Ne manquez pas le soutien potentiel et les dons pour votre cause caritative. Portez vos efforts de collecte de fonds \u00e0 de nouveaux sommets avec la Passerelle de Paiement Instamojo pour Give. Rationalisez le processus de don, renforcez la confiance des donateurs et stimulez votre collecte de fonds en ligne. Lancez-vous d\u00e8s maintenant et d\u00e9couvrez les avantages des transactions en ligne sans tracas.<\/p>\n<p><strong>Exigences :<\/strong><\/p>\n<ul>\n<li>Compte actif <a href=\"https:\/\/www.instamojo.com\/\" target=\"_new\" rel=\"noopener\">www.instamojo.com\/<\/a> &#8211; Inscrivez-vous pour un compte de test si n\u00e9cessaire.<\/li>\n<li>Plugin Give<\/li>\n<li>Un certificat SSL valide est n\u00e9cessaire pour garantir la s\u00e9curit\u00e9 des d\u00e9tails des cartes de cr\u00e9dit de vos donateurs et rendre votre site conforme \u00e0 la norme PCI DSS.<\/li>\n<li>Ce plugin ne stocke pas les num\u00e9ros de carte de cr\u00e9dit ni les informations sensibles des donateurs sur votre site web.<\/li>\n<\/ul>\n<p><strong>Avis de non-responsabilit\u00e9 :<\/strong> Veuillez noter que ce site web ne traite pas les transactions directement. Il sert de pont pour connecter de mani\u00e8re transparente votre plugin Give avec la passerelle de paiement de confiance d&rsquo;Instamojo. Toutes les transactions sont trait\u00e9es en toute s\u00e9curit\u00e9 sur la plateforme Instamojo, garantissant les niveaux les plus \u00e9lev\u00e9s de s\u00e9curit\u00e9 et de conformit\u00e9.<\/p>\n<\/div>\n<\/div>\n<\/div>\n","protected":false},"excerpt":{"rendered":"<p>Integrate Instamojo Gateway for WPGive<\/p>\n","protected":false},"featured_media":1976,"comment_status":"open","ping_status":"closed","template":"","meta":{"_acf_changed":false},"product_cat":[87],"product_tag":[210],"class_list":{"0":"post-1975","1":"product","2":"type-product","3":"status-publish","4":"has-post-thumbnail","6":"product_cat-wpgive","7":"product_tag-instamojo","9":"first","10":"instock","11":"shipping-taxable","12":"purchasable","13":"product-type-simple"},"acf":[],"_links":{"self":[{"href":"https:\/\/wpayo.com\/fr\/wp-json\/wp\/v2\/product\/1975","targetHints":{"allow":["GET"]}}],"collection":[{"href":"https:\/\/wpayo.com\/fr\/wp-json\/wp\/v2\/product"}],"about":[{"href":"https:\/\/wpayo.com\/fr\/wp-json\/wp\/v2\/types\/product"}],"replies":[{"embeddable":true,"href":"https:\/\/wpayo.com\/fr\/wp-json\/wp\/v2\/comments?post=1975"}],"wp:featuredmedia":[{"embeddable":true,"href":"https:\/\/wpayo.com\/fr\/wp-json\/wp\/v2\/media\/1976"}],"wp:attachment":[{"href":"https:\/\/wpayo.com\/fr\/wp-json\/wp\/v2\/media?parent=1975"}],"wp:term":[{"taxonomy":"product_cat","embeddable":true,"href":"https:\/\/wpayo.com\/fr\/wp-json\/wp\/v2\/product_cat?post=1975"},{"taxonomy":"product_tag","embeddable":true,"href":"https:\/\/wpayo.com\/fr\/wp-json\/wp\/v2\/product_tag?post=1975"}],"curies":[{"name":"wp","href":"https:\/\/api.w.org\/{rel}","templated":true}]}}