{"id":1983,"date":"2024-01-17T11:31:42","date_gmt":"2024-01-17T11:31:42","guid":{"rendered":"https:\/\/wpayo.com\/fr\/?post_type=product&#038;p=1983"},"modified":"2024-01-17T11:31:43","modified_gmt":"2024-01-17T11:31:43","slug":"instamojo-gateway-gravityforms","status":"publish","type":"product","link":"https:\/\/wpayo.com\/fr\/paiement-gateway\/instamojo-gateway-gravityforms\/","title":{"rendered":"Instamojo Gateway pour GravityForms"},"content":{"rendered":"<div class=\"flex flex-grow flex-col max-w-full gap-3 gizmo:gap-0\">\n<div class=\"min-h-[20px] text-message flex flex-col items-start gap-3 whitespace-pre-wrap break-words [.text-message+&amp;]:mt-5 overflow-x-auto\" data-message-author-role=\"assistant\" data-message-id=\"6eaa5094-4109-4d8a-8a2c-8883b8117d3e\">\n<div class=\"markdown prose w-full break-words dark:prose-invert dark\">\n<p>\u00c9levez les capacit\u00e9s de votre site web en int\u00e9grant la Passerelle de Paiement Instamojo pour Gravity Forms. Ce puissant plugin combine de mani\u00e8re transparente la passerelle de paiement Instamojo de confiance avec Gravity Forms, facilitant la collecte pr\u00e9cise et efficace de paiements, de dons et de commandes. Que vous exploitiez une boutique en ligne, organisiez une collecte de fonds en ligne ou proposiez des services, notre plugin garantit un traitement s\u00e9curis\u00e9 et rationalis\u00e9 des transactions.<\/p>\n<p><strong>Fonctionnalit\u00e9s cl\u00e9s :<\/strong><\/p>\n<ol>\n<li><strong>Int\u00e9gration sans effort :<\/strong> Incorporez sans effort Instamojo dans votre configuration Gravity Forms sans avoir besoin de coder de mani\u00e8re complexe. Commencez \u00e0 accepter les paiements en quelques minutes, sans expertise technique requise.<\/li>\n<li><strong>S\u00e9curit\u00e9 robuste :<\/strong> Dormez tranquille en sachant que toutes les transactions financi\u00e8res sont prot\u00e9g\u00e9es par les fonctionnalit\u00e9s de s\u00e9curit\u00e9 avanc\u00e9es d&rsquo;Instamojo, assurant la s\u00e9curit\u00e9 des donn\u00e9es sensibles de vos clients.<\/li>\n<li><strong>Formulaires personnalisables :<\/strong> Cr\u00e9ez des formulaires de paiement sur mesure pour r\u00e9pondre \u00e0 vos besoins uniques. Personnalisez les champs et les options pour offrir une exp\u00e9rience de paiement attrayante et conviviale.<\/li>\n<li><strong>Prise en charge de plusieurs devises :<\/strong> \u00c9largissez votre port\u00e9e mondiale en acceptant les paiements dans plusieurs devises, offrant ainsi une exp\u00e9rience pratique aux clients internationaux.<\/li>\n<li><strong>Rapports d\u00e9taill\u00e9s :<\/strong> Suivez vos transactions financi\u00e8res gr\u00e2ce \u00e0 des fonctionnalit\u00e9s de rapports d\u00e9taill\u00e9s qui vous aident \u00e0 rester organis\u00e9 et \u00e0 prendre des d\u00e9cisions \u00e9clair\u00e9es.<\/li>\n<\/ol>\n<p><strong>Pourquoi choisir la Passerelle Instamojo pour Gravity Forms ?<\/strong><\/p>\n<ul>\n<li><strong>Fiabilit\u00e9 :<\/strong> Instamojo est un nom de confiance dans le traitement des paiements en ligne, reconnu pour sa fiabilit\u00e9 et sa s\u00e9curit\u00e9. Vous pouvez lui faire confiance pour prot\u00e9ger votre entreprise et les informations de paiement de vos clients.<\/li>\n<li><strong>Convivialit\u00e9 :<\/strong> Notre plugin est con\u00e7u en pensant \u00e0 l&rsquo;exp\u00e9rience utilisateur. M\u00eame si vous \u00eates novice dans les paiements en ligne, vous pouvez facilement configurer et g\u00e9rer les transactions.<\/li>\n<li><strong>Flexibilit\u00e9 :<\/strong> Que vous vendiez des produits, acceptiez des dons ou proposiez des services, notre plugin s&rsquo;adapte \u00e0 vos besoins. Personnalisez les formulaires pour correspondre \u00e0 votre image de marque et \u00e0 vos exigences sp\u00e9cifiques en mati\u00e8re de transactions.<\/li>\n<li><strong>Support d\u00e9di\u00e9 :<\/strong> Si vous rencontrez des probl\u00e8mes ou avez des questions, notre \u00e9quipe d&rsquo;assistance est pr\u00eate \u00e0 vous aider \u00e0 chaque \u00e9tape.<\/li>\n<\/ul>\n<p><strong>Commencez d\u00e8s aujourd&rsquo;hui :<\/strong> Ne manquez pas les opportunit\u00e9s de ventes, de dons ou de commandes. Propulsez votre site web vers de nouveaux sommets avec la Passerelle de Paiement Instamojo pour Gravity Forms. Rationalisez votre processus de paiement, renforcez la confiance des clients et stimulez votre activit\u00e9 en ligne. Lancez-vous d\u00e8s maintenant et d\u00e9couvrez les avantages des transactions en ligne sans tracas.<\/p>\n<p><strong>Exigences :<\/strong><\/p>\n<ul>\n<li>Compte actif <a href=\"https:\/\/www.instamojo.com\/\" target=\"_new\" rel=\"noopener\">www.instamojo.com\/<\/a> &#8211; Inscrivez-vous pour un compte de test <a href=\"https:\/\/support.instamojo.com\/hc\/en-us\/articles\/208485675-Test-or-Sandbox-Account\" target=\"_new\" rel=\"noopener\">ici<\/a> si n\u00e9cessaire.<\/li>\n<li>Plugin GravityForms<\/li>\n<li>Un certificat SSL valide est n\u00e9cessaire pour garantir la s\u00e9curit\u00e9 des d\u00e9tails des cartes de cr\u00e9dit de vos clients et rendre votre site conforme \u00e0 la norme PCI DSS.<\/li>\n<li>Ce plugin ne stocke pas les num\u00e9ros de carte de cr\u00e9dit ni les informations sensibles des clients sur votre site web.<\/li>\n<\/ul>\n<p><strong>Avis de non-responsabilit\u00e9 :<\/strong> Veuillez noter que ce site web ne traite pas les transactions directement. Il sert de pont pour connecter de mani\u00e8re transparente votre plugin Gravity Forms \u00e0 la passerelle de paiement de confiance d&rsquo;Instamojo. Toutes les transactions sont trait\u00e9es en toute s\u00e9curit\u00e9 sur la plateforme Instamojo, garantissant les niveaux les plus \u00e9lev\u00e9s de s\u00e9curit\u00e9 et de conformit\u00e9.<\/p>\n<\/div>\n<\/div>\n<\/div>\n","protected":false},"excerpt":{"rendered":"<p>Integrate Instamojo Gateway for Gravity Forms<\/p>\n","protected":false},"featured_media":1998,"comment_status":"open","ping_status":"closed","template":"","meta":{"_acf_changed":false},"product_cat":[50],"product_tag":[210],"class_list":{"0":"post-1983","1":"product","2":"type-product","3":"status-publish","4":"has-post-thumbnail","6":"product_cat-gravity-forms","7":"product_tag-instamojo","9":"first","10":"instock","11":"shipping-taxable","12":"purchasable","13":"product-type-simple"},"acf":[],"_links":{"self":[{"href":"https:\/\/wpayo.com\/fr\/wp-json\/wp\/v2\/product\/1983","targetHints":{"allow":["GET"]}}],"collection":[{"href":"https:\/\/wpayo.com\/fr\/wp-json\/wp\/v2\/product"}],"about":[{"href":"https:\/\/wpayo.com\/fr\/wp-json\/wp\/v2\/types\/product"}],"replies":[{"embeddable":true,"href":"https:\/\/wpayo.com\/fr\/wp-json\/wp\/v2\/comments?post=1983"}],"wp:featuredmedia":[{"embeddable":true,"href":"https:\/\/wpayo.com\/fr\/wp-json\/wp\/v2\/media\/1998"}],"wp:attachment":[{"href":"https:\/\/wpayo.com\/fr\/wp-json\/wp\/v2\/media?parent=1983"}],"wp:term":[{"taxonomy":"product_cat","embeddable":true,"href":"https:\/\/wpayo.com\/fr\/wp-json\/wp\/v2\/product_cat?post=1983"},{"taxonomy":"product_tag","embeddable":true,"href":"https:\/\/wpayo.com\/fr\/wp-json\/wp\/v2\/product_tag?post=1983"}],"curies":[{"name":"wp","href":"https:\/\/api.w.org\/{rel}","templated":true}]}}