{"id":1992,"date":"2024-01-17T11:31:39","date_gmt":"2024-01-17T11:31:39","guid":{"rendered":"https:\/\/wpayo.com\/fr\/?post_type=product&#038;p=1992"},"modified":"2024-01-17T11:31:40","modified_gmt":"2024-01-17T11:31:40","slug":"authorize-net-gateway-learndash","status":"publish","type":"product","link":"https:\/\/wpayo.com\/fr\/paiement-gateway\/authorize-net-gateway-learndash\/","title":{"rendered":"Authorize.net Gateway pour LearnDash"},"content":{"rendered":"<p>\u00c9levez votre plateforme d&rsquo;apprentissage en ligne avec la passerelle de paiement Authorize.net pour LearnDash. Ce puissant plugin int\u00e8gre de mani\u00e8re transparente la passerelle de paiement de confiance d&rsquo;Authorize.net dans votre configuration LearnDash, facilitant plus que jamais la mon\u00e9tisation de vos cours et abonnements. Que vous soyez \u00e9ducateur, coach ou que vous dirigiez une entreprise d&rsquo;apprentissage en ligne, notre plugin garantit un traitement s\u00e9curis\u00e9 et efficace des paiements pour votre plateforme d&rsquo;apprentissage.<\/p>\n<h3><strong>Fonctionnalit\u00e9s cl\u00e9s :<\/strong><\/h3>\n<ol>\n<li><strong>Int\u00e9gration sans effort :<\/strong> Int\u00e9grez Authorize.net \u00e0 votre structure LearnDash sans avoir besoin de comp\u00e9tences de codage complexes. Commencez \u00e0 accepter les paiements pour les cours et les abonnements en quelques minutes, sans n\u00e9cessiter d&rsquo;expertise technique.<\/li>\n<li><strong>S\u00e9curit\u00e9 de premier ordre :<\/strong> Dormez tranquille en sachant que toutes les transactions de paiement sont prot\u00e9g\u00e9es par les fonctionnalit\u00e9s de s\u00e9curit\u00e9 avanc\u00e9es d&rsquo;Authorize.net, garantissant la s\u00e9curit\u00e9 des donn\u00e9es sensibles de vos apprenants.<\/li>\n<li><strong>Tarification personnalisable :<\/strong> Cr\u00e9ez des options de tarification flexibles pour les cours et les abonnements, y compris des paiements ponctuels, des abonnements r\u00e9currents et des abonnements \u00e0 paliers, pour r\u00e9pondre \u00e0 votre base d&rsquo;apprenants diversifi\u00e9e.<\/li>\n<li><strong>Support multi-devises :<\/strong> Attirez des apprenants du monde entier en acceptant les paiements dans plusieurs devises, offrant une exp\u00e9rience pratique aux utilisateurs internationaux.<\/li>\n<li><strong>Inscription automatis\u00e9e :<\/strong> Rationalisez l&rsquo;administration de vos cours et abonnements avec une inscription automatis\u00e9e apr\u00e8s un paiement r\u00e9ussi, vous faisant gagner du temps et assurant une exp\u00e9rience d&rsquo;apprentissage fluide pour vos \u00e9tudiants.<\/li>\n<\/ol>\n<h3><strong>Pourquoi choisir la passerelle Authorize.net pour LearnDash ?<\/strong><\/h3>\n<ul>\n<li><strong>Fiabilit\u00e9 :<\/strong> Authorize.net est un nom de confiance dans le traitement des paiements en ligne, r\u00e9put\u00e9 pour sa fiabilit\u00e9 et sa s\u00e9curit\u00e9. Vos paiements de cours et d&rsquo;abonnements sont entre de bonnes mains.<\/li>\n<li><strong>Am\u00e9lioration de la gestion de l&rsquo;apprentissage :<\/strong> Simplifiez la gestion de vos cours en ligne et de vos abonnements en combinant les fonctionnalit\u00e9s de LearnDash et Authorize.net.<\/li>\n<li><strong>Convivialit\u00e9 :<\/strong> Notre plugin est con\u00e7u en pensant \u00e0 l&rsquo;exp\u00e9rience utilisateur, garantissant que m\u00eame ceux ayant une expertise technique limit\u00e9e peuvent configurer et g\u00e9rer les paiements facilement.<\/li>\n<li><strong>Support d\u00e9di\u00e9 :<\/strong> Si vous avez des questions ou rencontrez des probl\u00e8mes, notre \u00e9quipe de support est pr\u00eate \u00e0 fournir une assistance rapide, assurant le bon fonctionnement de votre plateforme d&rsquo;apprentissage en ligne.<\/li>\n<\/ul>\n<p><strong>Commencez d\u00e8s aujourd&rsquo;hui :<\/strong> Ne manquez pas les opportunit\u00e9s de revenus et de satisfaction des apprenants. Propulsez vos cours en ligne et vos abonnements vers de nouveaux sommets en offrant une exp\u00e9rience de paiement transparente. T\u00e9l\u00e9chargez d\u00e8s maintenant la passerelle de paiement Authorize.net pour LearnDash et rationalisez votre processus de paiement.<\/p>\n<h3>Exigences<\/h3>\n<ul>\n<li>Compte actif sur <a href=\"https:\/\/www.authorize.net\" target=\"_blank\" rel=\"noopener\">www.authorize.net\/<\/a> \u2013 Inscrivez-vous pour un compte sandbox si vous avez besoin de tester.<\/li>\n<li><strong>Plugin LearnDash<\/strong><\/li>\n<li>Un certificat SSL valide est requis pour garantir la s\u00e9curit\u00e9 des d\u00e9tails de la carte de cr\u00e9dit de vos clients et rendre votre site conforme \u00e0 la norme PCI DSS.<\/li>\n<li>Ce plugin ne stocke pas les num\u00e9ros de carte de cr\u00e9dit ni les informations sensibles des clients sur votre site.<\/li>\n<\/ul>\n<div class=\"cl-preview-section\">\n<h4 id=\"disclaimer\">Avis de non-responsabilit\u00e9<\/h4>\n<\/div>\n<div class=\"cl-preview-section\">\n<p>Veuillez noter que ce site n&rsquo;effectue pas le traitement direct des transactions. Il sert de pont pour connecter votre LearnDash \u00e0 la passerelle de paiement de confiance d&rsquo;Authorize.Net. Toutes les transactions sont trait\u00e9es de mani\u00e8re s\u00e9curis\u00e9e sur la plateforme Authorize.Net, garantissant les plus hauts niveaux de s\u00e9curit\u00e9 et de conformit\u00e9.\n<\/p><\/div>\n","protected":false},"excerpt":{"rendered":"<p>Integrate Authorize.Net On LearnDash Plugin<\/p>\n","protected":false},"featured_media":1993,"comment_status":"open","ping_status":"closed","template":"","meta":{"_acf_changed":false},"product_cat":[55,226],"product_tag":[140],"class_list":{"0":"post-1992","1":"product","2":"type-product","3":"status-publish","4":"has-post-thumbnail","6":"product_cat-learndash","7":"product_cat-wordpress-payment-plugin","8":"product_tag-authorize-net","10":"first","11":"instock","12":"shipping-taxable","13":"purchasable","14":"product-type-simple"},"acf":[],"_links":{"self":[{"href":"https:\/\/wpayo.com\/fr\/wp-json\/wp\/v2\/product\/1992","targetHints":{"allow":["GET"]}}],"collection":[{"href":"https:\/\/wpayo.com\/fr\/wp-json\/wp\/v2\/product"}],"about":[{"href":"https:\/\/wpayo.com\/fr\/wp-json\/wp\/v2\/types\/product"}],"replies":[{"embeddable":true,"href":"https:\/\/wpayo.com\/fr\/wp-json\/wp\/v2\/comments?post=1992"}],"wp:featuredmedia":[{"embeddable":true,"href":"https:\/\/wpayo.com\/fr\/wp-json\/wp\/v2\/media\/1993"}],"wp:attachment":[{"href":"https:\/\/wpayo.com\/fr\/wp-json\/wp\/v2\/media?parent=1992"}],"wp:term":[{"taxonomy":"product_cat","embeddable":true,"href":"https:\/\/wpayo.com\/fr\/wp-json\/wp\/v2\/product_cat?post=1992"},{"taxonomy":"product_tag","embeddable":true,"href":"https:\/\/wpayo.com\/fr\/wp-json\/wp\/v2\/product_tag?post=1992"}],"curies":[{"name":"wp","href":"https:\/\/api.w.org\/{rel}","templated":true}]}}