{"id":1994,"date":"2024-01-17T11:31:38","date_gmt":"2024-01-17T11:31:38","guid":{"rendered":"https:\/\/wpayo.com\/fr\/?post_type=product&#038;p=1994"},"modified":"2024-01-17T11:31:39","modified_gmt":"2024-01-17T11:31:39","slug":"instamojo-gateway-learndash","status":"publish","type":"product","link":"https:\/\/wpayo.com\/fr\/paiement-gateway\/instamojo-gateway-learndash\/","title":{"rendered":"Instamojo Gateway pour Learndash"},"content":{"rendered":"<p>R\u00e9volutionnez votre entreprise d&rsquo;apprentissage en ligne avec la passerelle de paiement Instamojo pour LearnDash. Ce plugin dynamique fusionne efficacement la puissance de la passerelle de paiement Instamojo avec votre configuration LearnDash, \u00e9liminant la complexit\u00e9 de la mon\u00e9tisation de vos cours et abonnements. Que vous soyez \u00e9ducateur, mentor ou cr\u00e9ateur de cours, notre plugin garantit un traitement des paiements non seulement s\u00e9curis\u00e9 mais aussi convivial pour votre plateforme d&rsquo;apprentissage en ligne.<\/p>\n<h3><strong>Fonctionnalit\u00e9s cl\u00e9s :<\/strong><\/h3>\n<ol>\n<li><strong>Int\u00e9gration transparente :<\/strong> Int\u00e9grez Instamojo \u00e0 votre \u00e9cosyst\u00e8me LearnDash sans avoir besoin de comp\u00e9tences techniques avanc\u00e9es. Commencez \u00e0 accepter les paiements pour vos cours et abonnements en un rien de temps, aucune expertise technique n&rsquo;est requise.<\/li>\n<li><strong>S\u00e9curit\u00e9 renforc\u00e9e :<\/strong> Dormez tranquille en sachant que toutes vos transactions de paiement sont prot\u00e9g\u00e9es par les fonctionnalit\u00e9s de s\u00e9curit\u00e9 de pointe d&rsquo;Instamojo, garantissant la s\u00e9curit\u00e9 des donn\u00e9es sensibles de vos apprenants.<\/li>\n<li><strong>Flexibilit\u00e9 des tarifs :<\/strong> Configurez une vari\u00e9t\u00e9 d&rsquo;options tarifaires pour vos cours &#8211; paiements ponctuels, abonnements r\u00e9currents, abonnements \u00e0 paliers, vous l&rsquo;appelez ! Tout est une question de diversit\u00e9 pour votre public vari\u00e9.<\/li>\n<li><strong>Magie multi-devises :<\/strong> Attirez des apprenants du monde entier en acceptant les paiements dans plusieurs devises. Rendez l&rsquo;exp\u00e9rience pratique pour vos \u00e9tudiants internationaux.<\/li>\n<li><strong>Admission automatique :<\/strong> Fini les maux de t\u00eate de l&rsquo;inscription manuelle. Notre plugin rationalise la gestion de vos cours et abonnements en inscrivant automatiquement les \u00e9tudiants d\u00e8s le paiement r\u00e9ussi, vous faisant gagner un temps pr\u00e9cieux.<\/li>\n<\/ol>\n<h3><strong>Pourquoi choisir Instamojo pour LearnDash ?<\/strong><\/h3>\n<ul>\n<li><strong>Fiable et robuste :<\/strong> Instamojo est votre partenaire fiable dans le traitement des paiements en ligne. Vous pouvez lui faire confiance pour la s\u00e9curit\u00e9 de vos paiements de cours et d&rsquo;abonnements.<\/li>\n<li><strong>Gestion simplifi\u00e9e de l&rsquo;apprentissage :<\/strong> Facilitez-vous la vie en combinant le meilleur de LearnDash et Instamojo pour simplifier la gestion de cours et d&rsquo;abonnements.<\/li>\n<li><strong>Conception ax\u00e9e sur l&rsquo;utilisateur :<\/strong> M\u00eame si vous n&rsquo;\u00eates pas un expert en technologie, notre plugin est si intuitivement con\u00e7u que vous pouvez configurer et g\u00e9rer les paiements en toute confiance.<\/li>\n<li><strong>Support d\u00e9di\u00e9 24\/7 :<\/strong> Des questions ou des probl\u00e8mes ? Pas de soucis. Notre \u00e9quipe de support est l\u00e0 pour fournir une assistance rapide, assurant le bon fonctionnement de votre plateforme d&rsquo;apprentissage en ligne.<\/li>\n<\/ul>\n<p><strong>Commencez d\u00e8s aujourd&rsquo;hui :<\/strong> Lib\u00e9rez le potentiel de votre entreprise d&rsquo;apprentissage avec une exp\u00e9rience de paiement conviviale. T\u00e9l\u00e9chargez Instamojo pour LearnDash d\u00e8s maintenant et dites adieu aux maux de t\u00eate li\u00e9s au traitement des paiements.<\/p>\n<div class=\"cl-preview-section\">\n<h4 id=\"requirements\">Exigences<\/h4>\n<\/div>\n<div class=\"cl-preview-section\">\n<ul>\n<li>Compte actif sur <a href=\"https:\/\/www.instamojo.com\/\" target=\"_blank\" rel=\"noopener\">www.instamojo.com\/<\/a> \u2013 Inscrivez-vous pour un compte sandbox <a href=\"https:\/\/support.instamojo.com\/hc\/en-us\/articles\/208485675-Test-or-Sandbox-Account\" target=\"_blank\" rel=\"noopener\">ici<\/a> si vous avez besoin de tester.<\/li>\n<li><strong>Plugin LearnDash<br \/>\n<\/strong><\/li>\n<li>Un certificat SSL valide est requis pour garantir la s\u00e9curit\u00e9 des d\u00e9tails de la carte de cr\u00e9dit de vos clients et rendre votre site conforme \u00e0 la norme PCI DSS.<\/li>\n<li>Ce plugin ne stocke pas les num\u00e9ros de carte de cr\u00e9dit ni les informations sensibles des clients sur votre site.<\/li>\n<\/ul>\n<\/div>\n<div class=\"cl-preview-section\">\n<h4 id=\"disclaimer\">Avis de non-responsabilit\u00e9<\/h4>\n<\/div>\n<div class=\"cl-preview-section\">\n<p>Veuillez noter que ce site n&rsquo;effectue pas le traitement direct des transactions. Il sert de pont pour connecter votre plugin LearnDash avec la passerelle de paiement de confiance d&rsquo;Instamojo. Toutes les transactions sont trait\u00e9es de mani\u00e8re s\u00e9curis\u00e9e sur la plateforme Instamojo, garantissant les plus hauts niveaux de s\u00e9curit\u00e9 et de conformit\u00e9.\n<\/p><\/div>\n","protected":false},"excerpt":{"rendered":"<p>Integrate Instamojo Gateway for LearnDash<\/p>\n","protected":false},"featured_media":1995,"comment_status":"open","ping_status":"closed","template":"","meta":{"_acf_changed":false},"product_cat":[55],"product_tag":[210],"class_list":{"0":"post-1994","1":"product","2":"type-product","3":"status-publish","4":"has-post-thumbnail","6":"product_cat-learndash","7":"product_tag-instamojo","9":"first","10":"instock","11":"shipping-taxable","12":"purchasable","13":"product-type-simple"},"acf":[],"_links":{"self":[{"href":"https:\/\/wpayo.com\/fr\/wp-json\/wp\/v2\/product\/1994","targetHints":{"allow":["GET"]}}],"collection":[{"href":"https:\/\/wpayo.com\/fr\/wp-json\/wp\/v2\/product"}],"about":[{"href":"https:\/\/wpayo.com\/fr\/wp-json\/wp\/v2\/types\/product"}],"replies":[{"embeddable":true,"href":"https:\/\/wpayo.com\/fr\/wp-json\/wp\/v2\/comments?post=1994"}],"wp:featuredmedia":[{"embeddable":true,"href":"https:\/\/wpayo.com\/fr\/wp-json\/wp\/v2\/media\/1995"}],"wp:attachment":[{"href":"https:\/\/wpayo.com\/fr\/wp-json\/wp\/v2\/media?parent=1994"}],"wp:term":[{"taxonomy":"product_cat","embeddable":true,"href":"https:\/\/wpayo.com\/fr\/wp-json\/wp\/v2\/product_cat?post=1994"},{"taxonomy":"product_tag","embeddable":true,"href":"https:\/\/wpayo.com\/fr\/wp-json\/wp\/v2\/product_tag?post=1994"}],"curies":[{"name":"wp","href":"https:\/\/api.w.org\/{rel}","templated":true}]}}