{"id":2002,"date":"2024-01-17T11:31:35","date_gmt":"2024-01-17T11:31:35","guid":{"rendered":"https:\/\/wpayo.com\/fr\/?post_type=product&#038;p=2002"},"modified":"2024-01-17T11:31:36","modified_gmt":"2024-01-17T11:31:36","slug":"instamojo-gateway-latepoint","status":"publish","type":"product","link":"https:\/\/wpayo.com\/fr\/paiement-gateway\/instamojo-gateway-latepoint\/","title":{"rendered":"Instamojo Gateway pour LatePoint"},"content":{"rendered":"<div class=\"flex flex-grow flex-col max-w-full gap-3 gizmo:gap-0\">\n<div class=\"min-h-[20px] text-message flex flex-col items-start gap-3 whitespace-pre-wrap break-words [.text-message+&amp;]:mt-5 overflow-x-auto\" data-message-author-role=\"assistant\" data-message-id=\"397732a9-f874-49cb-ada2-2ca15b137dac\">\n<div class=\"markdown prose w-full break-words dark:prose-invert dark\">\n<p>R\u00e9volutionnez votre processus de r\u00e9servation et de gestion des rendez-vous avec la <strong>Passerelle Instamojo pour LatePoint<\/strong>. Ce plugin polyvalent int\u00e8gre de mani\u00e8re transparente la passerelle de paiement Instamojo de confiance dans votre configuration LatePoint, facilitant la collecte de paiements pour les rendez-vous et les services. Que vous dirigiez un salon, une pratique m\u00e9dicale, un cabinet de conseil, ou toute autre entreprise bas\u00e9e sur des rendez-vous, notre plugin garantit un traitement s\u00e9curis\u00e9 et efficace des paiements pour votre syst\u00e8me de r\u00e9servation.<\/p>\n<p><strong>Fonctionnalit\u00e9s cl\u00e9s :<\/strong><\/p>\n<ol>\n<li><strong>Int\u00e9gration sans effort :<\/strong> Incorporez Instamojo dans votre cadre LatePoint sans avoir besoin de coder de mani\u00e8re complexe. Commencez \u00e0 accepter les paiements de rendez-vous en quelques minutes, sans expertise technique requise.<\/li>\n<li><strong>S\u00e9curit\u00e9 de premier ordre :<\/strong> Dormez tranquille en sachant que toutes les transactions sont prot\u00e9g\u00e9es par les fonctionnalit\u00e9s de s\u00e9curit\u00e9 avanc\u00e9es d&rsquo;Instamojo, assurant la s\u00e9curit\u00e9 des donn\u00e9es sensibles de vos clients.<\/li>\n<li><strong>Formulaires de r\u00e9servation personnalisables :<\/strong> Cr\u00e9ez des formulaires de r\u00e9servation de rendez-vous sur mesure qui correspondent \u00e0 vos offres de services uniques. Personnalisez les champs et les options pour engager efficacement vos clients.<\/li>\n<li><strong>Prise en charge de plusieurs devises :<\/strong> \u00c9largissez votre port\u00e9e mondiale en acceptant les paiements dans plusieurs devises, offrant ainsi une commodit\u00e9 aux clients internationaux.<\/li>\n<li><strong>Confirmation automatique de r\u00e9servation :<\/strong> Simplifiez la gestion des rendez-vous avec des confirmations automatiques et des rappels de r\u00e9servation, assurant que vos clients restent organis\u00e9s et \u00e0 jour.<\/li>\n<\/ol>\n<p><strong>Pourquoi choisir la Passerelle Instamojo pour LatePoint ?<\/strong><\/p>\n<ul>\n<li><strong>Fiabilit\u00e9 :<\/strong> Instamojo est un nom de confiance dans le traitement des paiements en ligne, reconnu pour sa fiabilit\u00e9 et sa s\u00e9curit\u00e9. Vous pouvez lui faire confiance <a href=\"https:\/\/wpayo.com\/fr\/mollie-paiement-pour-woocommerce\/\">pour prot\u00e9ger votre entreprise et les informations de paiement<\/a> de vos clients.<\/li>\n<li><strong>Convivialit\u00e9 :<\/strong> Notre plugin est con\u00e7u en pensant \u00e0 l&rsquo;exp\u00e9rience utilisateur. M\u00eame si vous \u00eates nouveau dans la r\u00e9servation de rendez-vous en ligne, vous pouvez facilement configurer et g\u00e9rer les transactions de paiement.<\/li>\n<li><strong>Flexibilit\u00e9 :<\/strong> Que vous proposiez des services en t\u00eate-\u00e0-t\u00eate, des rendez-vous de groupe ou divers forfaits de services, notre plugin s&rsquo;adapte \u00e0 votre syst\u00e8me de r\u00e9servation. Personnalisez les formulaires pour correspondre \u00e0 votre image de marque et aux exigences sp\u00e9cifiques de vos services.<\/li>\n<li><strong>Support d\u00e9di\u00e9 :<\/strong> Si vous rencontrez des probl\u00e8mes ou avez des questions, notre \u00e9quipe de support est l\u00e0 pour vous aider \u00e0 chaque \u00e9tape.<\/li>\n<\/ul>\n<p><strong>Commencez d\u00e8s aujourd&rsquo;hui :<\/strong> Ne manquez pas les r\u00e9servations et les revenus potentiels pour votre entreprise de services. Faites passer votre gestion des rendez-vous au niveau sup\u00e9rieur avec la <strong>Passerelle Instamojo pour LatePoint<\/strong>. Simplifiez le processus de paiement, renforcez la confiance des clients et stimulez votre entreprise de services. Commencez d\u00e8s maintenant et profitez des avantages de transactions en ligne sans tracas.<\/p>\n<p><strong>Exigences :<\/strong><\/p>\n<ul>\n<li>Compte actif sur <a href=\"https:\/\/www.instamojo.com\/\" target=\"_new\" rel=\"noopener\">www.instamojo.com<\/a> &#8211; Inscrivez-vous pour un compte de sandbox <a href=\"https:\/\/support.instamojo.com\/hc\/en-us\/articles\/208485675-Test-or-Sandbox-Account\" target=\"_new\" rel=\"noopener\">ici<\/a> si vous devez tester.<\/li>\n<li><strong>Plugin LatePoint<\/strong><\/li>\n<li>Un certificat SSL valide est requis pour garantir la s\u00e9curit\u00e9 des d\u00e9tails de la carte de cr\u00e9dit de vos clients et rendre votre site conforme \u00e0 la norme PCI DSS. Ce plugin ne stocke pas les num\u00e9ros de carte de cr\u00e9dit ou les informations sensibles des clients sur votre site.<\/li>\n<\/ul>\n<p><strong>Avis de non-responsabilit\u00e9 :<\/strong> Veuillez noter que ce site ne g\u00e8re pas directement le traitement des transactions. Il sert de pont pour connecter votre plugin LatePoint \u00e0 la passerelle de paiement de confiance d&rsquo;Instamojo. Toutes les transactions sont trait\u00e9es de mani\u00e8re s\u00e9curis\u00e9e sur la plateforme Instamojo, garantissant les niveaux les plus \u00e9lev\u00e9s de s\u00e9curit\u00e9 et de conformit\u00e9.<\/p>\n<\/div>\n<\/div>\n<\/div>\n","protected":false},"excerpt":{"rendered":"<p>Integrate Instamojo Gateway for LearnDash<\/p>\n","protected":false},"featured_media":2003,"comment_status":"open","ping_status":"closed","template":"","meta":{"_acf_changed":false},"product_cat":[128],"product_tag":[210],"class_list":{"0":"post-2002","1":"product","2":"type-product","3":"status-publish","4":"has-post-thumbnail","6":"product_cat-latepoint","7":"product_tag-instamojo","9":"first","10":"instock","11":"shipping-taxable","12":"purchasable","13":"product-type-simple"},"acf":[],"_links":{"self":[{"href":"https:\/\/wpayo.com\/fr\/wp-json\/wp\/v2\/product\/2002","targetHints":{"allow":["GET"]}}],"collection":[{"href":"https:\/\/wpayo.com\/fr\/wp-json\/wp\/v2\/product"}],"about":[{"href":"https:\/\/wpayo.com\/fr\/wp-json\/wp\/v2\/types\/product"}],"replies":[{"embeddable":true,"href":"https:\/\/wpayo.com\/fr\/wp-json\/wp\/v2\/comments?post=2002"}],"wp:featuredmedia":[{"embeddable":true,"href":"https:\/\/wpayo.com\/fr\/wp-json\/wp\/v2\/media\/2003"}],"wp:attachment":[{"href":"https:\/\/wpayo.com\/fr\/wp-json\/wp\/v2\/media?parent=2002"}],"wp:term":[{"taxonomy":"product_cat","embeddable":true,"href":"https:\/\/wpayo.com\/fr\/wp-json\/wp\/v2\/product_cat?post=2002"},{"taxonomy":"product_tag","embeddable":true,"href":"https:\/\/wpayo.com\/fr\/wp-json\/wp\/v2\/product_tag?post=2002"}],"curies":[{"name":"wp","href":"https:\/\/api.w.org\/{rel}","templated":true}]}}