{"id":2008,"date":"2024-01-17T11:31:33","date_gmt":"2024-01-17T11:31:33","guid":{"rendered":"https:\/\/wpayo.com\/fr\/?post_type=product&#038;p=2008"},"modified":"2024-01-17T11:31:34","modified_gmt":"2024-01-17T11:31:34","slug":"authorize-net-gateway-booklypro","status":"publish","type":"product","link":"https:\/\/wpayo.com\/fr\/paiement-gateway\/authorize-net-gateway-booklypro\/","title":{"rendered":"Authorize.net Gateway pour BooklyPro"},"content":{"rendered":"<p>Optimizez la r\u00e9servation de rendez-vous et la collecte de paiements avec la <strong>Passerelle Authorize.Net pour Bookly Pro<\/strong>. Ce puissant plugin int\u00e8gre de mani\u00e8re transparente la passerelle de paiement de confiance Authorize.Net dans votre configuration Bookly Pro, facilitant la collecte de paiements pour les rendez-vous et les services. Que vous g\u00e9riez un salon, un cabinet m\u00e9dical, un cabinet de conseil ou toute entreprise bas\u00e9e sur les rendez-vous, notre plugin garantit un traitement s\u00e9curis\u00e9 et efficace des paiements pour votre syst\u00e8me de r\u00e9servation.<\/p>\n<h3><strong>Fonctionnalit\u00e9s cl\u00e9s :<\/strong><\/h3>\n<ol>\n<li><strong>Int\u00e9gration sans effort :<\/strong> Int\u00e9grez Authorize.Net dans votre structure Bookly Pro sans avoir besoin de coder de mani\u00e8re complexe. Commencez \u00e0 accepter les paiements pour les rendez-vous en quelques minutes, sans comp\u00e9tence technique requise.<\/li>\n<li><strong>S\u00e9curit\u00e9 de premier ordre :<\/strong> Soyez assur\u00e9 que toutes les transactions de paiement sont prot\u00e9g\u00e9es par les fonctionnalit\u00e9s de s\u00e9curit\u00e9 avanc\u00e9es d&rsquo;Authorize.Net, garantissant la s\u00e9curit\u00e9 des donn\u00e9es sensibles de vos clients.<\/li>\n<li><strong>Formulaires de r\u00e9servation personnalisables :<\/strong> Cr\u00e9ez des formulaires de r\u00e9servation de rendez-vous sur mesure qui correspondent \u00e0 vos offres de services uniques. Personnalisez les champs et les options pour engager efficacement vos clients.<\/li>\n<li><strong>Prise en charge de plusieurs devises :<\/strong> \u00c9largissez votre port\u00e9e mondiale en acceptant les paiements dans plusieurs devises, offrant ainsi une commodit\u00e9 aux clients internationaux.<\/li>\n<li><strong>Confirmation automatique de la r\u00e9servation :<\/strong> Simplifiez la gestion des rendez-vous avec des confirmations automatiques et des rappels de r\u00e9servation, garantissant que vos clients restent organis\u00e9s et \u00e0 jour.<\/li>\n<\/ol>\n<h3><strong>Pourquoi choisir la passerelle Authorize.Net pour Bookly Pro ?<\/strong><\/h3>\n<ul>\n<li><strong>Fiabilit\u00e9 :<\/strong> Authorize.Net est un nom de confiance dans le traitement des paiements en ligne, r\u00e9put\u00e9 pour sa fiabilit\u00e9 et sa s\u00e9curit\u00e9. Vous pouvez lui faire confiance pour prot\u00e9ger votre entreprise et les informations de paiement de vos clients.<\/li>\n<li><strong>Convivialit\u00e9 :<\/strong> Notre plugin est con\u00e7u en pensant \u00e0 l&rsquo;exp\u00e9rience utilisateur. M\u00eame si vous d\u00e9butez dans la r\u00e9servation de rendez-vous en ligne, vous pouvez facilement configurer et g\u00e9rer les transactions de paiement.<\/li>\n<li><strong>Flexibilit\u00e9 :<\/strong> Que vous proposiez des services en face-\u00e0-face, des rendez-vous de groupe ou divers forfaits de services, notre plugin s&rsquo;adapte \u00e0 votre syst\u00e8me de r\u00e9servation. Personnalisez les formulaires pour correspondre \u00e0 votre image de marque et aux exigences sp\u00e9cifiques du service.<\/li>\n<li><strong>Support d\u00e9di\u00e9 :<\/strong> Si vous rencontrez des probl\u00e8mes ou si vous avez des questions, notre \u00e9quipe de support est l\u00e0 pour vous aider \u00e0 chaque \u00e9tape du processus.<\/li>\n<\/ul>\n<p><strong>Commencez d\u00e8s aujourd&rsquo;hui :<\/strong> Ne manquez pas les r\u00e9servations potentielles et les revenus pour votre entreprise de services. Faites \u00e9voluer la gestion de vos rendez-vous avec la <strong>Passerelle Authorize.Net pour Bookly Pro<\/strong>. Simplifiez le processus de paiement, renforcez la confiance des clients et stimulez votre activit\u00e9 de services. Commencez d\u00e8s maintenant et d\u00e9couvrez les avantages des transactions en ligne sans tracas.<\/p>\n<p>Pr\u00eat \u00e0 transformer votre syst\u00e8me de r\u00e9servation ? T\u00e9l\u00e9chargez la <strong>Passerelle Authorize.Net pour Bookly Pro<\/strong> et commencez \u00e0 accepter les paiements en toute confiance.<\/p>\n<div class=\"cl-preview-section\">\n<h3>Exigences<\/h3>\n<\/div>\n<div class=\"cl-preview-section\">\n<ul>\n<li>Compte actif sur <a href=\"https:\/\/www.authorize.net\" target=\"_blank\" rel=\"noopener\">www.authorize.net\/<\/a> \u2013 Inscrivez-vous pour un compte de sandbox si vous avez besoin de tester.<\/li>\n<li><strong>Plugin Bookly Pro<\/strong><\/li>\n<li>Un certificat SSL valide est requis pour garantir la s\u00e9curit\u00e9 des d\u00e9tails de la carte de cr\u00e9dit de vos clients et rendre votre site conforme \u00e0 la norme PCI DSS. Ce plugin ne stocke pas les num\u00e9ros de carte de cr\u00e9dit ni les informations sensibles sur votre site.<\/li>\n<\/ul>\n<\/div>\n<div class=\"cl-preview-section\">\n<p><strong>Disclaimer :<\/strong><\/p>\n<p>Veuillez noter que ce site n&rsquo;effectue pas de transactions directes. Il agit comme un pont pour connecter de mani\u00e8re transparente votre plugin Bookly Pro avec la passerelle de paiement de confiance d&rsquo;Authorize.Net. Toutes les transactions sont trait\u00e9es de mani\u00e8re s\u00e9curis\u00e9e sur la plateforme Authorize.Net, garantissant les plus hauts niveaux de s\u00e9curit\u00e9 et de conformit\u00e9.\n<\/p><\/div>\n<p>Here&rsquo;s the translated content:<\/p>\n<p>Optimisez la r\u00e9servation de rendez-vous et la collecte de paiements avec la Passerelle Authorize.Net pour Bookly Pro. Ce puissant plugin int\u00e8gre de mani\u00e8re transparente la passerelle de paiement de confiance Authorize.Net dans votre configuration Bookly Pro, facilitant la collecte de paiements pour les rendez-vous et les services. Que vous g\u00e9riez un salon, un cabinet m\u00e9dical, un cabinet de conseil, ou toute entreprise bas\u00e9e sur les rendez-vous, notre plugin garantit un traitement s\u00e9curis\u00e9 et efficace des paiements pour votre syst\u00e8me de r\u00e9servation.<\/p>\n<p>Fonctionnalit\u00e9s cl\u00e9s :<\/p>\n<p>    Int\u00e9gration sans effort : Int\u00e9grez Authorize.Net dans votre structure Bookly Pro sans avoir besoin de coder de mani\u00e8re complexe. Commencez \u00e0 accepter les paiements pour les rendez-vous en quelques minutes, sans comp\u00e9tence technique requise.<br \/>\n    S\u00e9curit\u00e9 de premier ordre : Soyez assur\u00e9 que toutes les transactions de paiement sont prot\u00e9g\u00e9es par les fonctionnalit\u00e9s de s\u00e9curit\u00e9 avanc\u00e9es d&rsquo;Authorize.Net, garantissant la s\u00e9curit\u00e9 des donn\u00e9es sensibles de vos clients.<br \/>\n    Formulaires de r\u00e9servation personnalisables : Cr\u00e9ez des formulaires de r\u00e9servation de rendez-vous sur mesure qui correspondent \u00e0 vos offres de services uniques. Personnalisez les champs et les options pour engager efficacement vos clients.<br \/>\n    Prise en charge de plusieurs devises : \u00c9largissez votre port\u00e9e mondiale en acceptant les paiements dans plusieurs devises, offrant ainsi une commodit\u00e9 aux clients internationaux.<br \/>\n    Confirmation automatique de la r\u00e9servation : Simplifiez la gestion des rendez-vous avec des confirmations automatiques et des rappels de r\u00e9servation, garantissant que vos clients restent organis\u00e9s et \u00e0 jour.<\/p>\n<p>Pourquoi choisir la passerelle Authorize.Net pour Bookly Pro ?<\/p>\n<p>    Fiabilit\u00e9 : Authorize.Net est un nom de confiance dans le traitement des paiements en ligne, r\u00e9put\u00e9 pour sa fiabilit\u00e9 et sa s\u00e9curit\u00e9. Vous pouvez lui faire confiance pour prot\u00e9ger votre entreprise et les informations de paiement de vos clients.<br \/>\n    Convivialit\u00e9 : Notre plugin est con\u00e7u en pensant \u00e0 l&rsquo;exp\u00e9rience utilisateur. M\u00eame si vous d\u00e9butez dans la r\u00e9servation de rendez-vous en ligne, vous pouvez facilement configurer et g\u00e9rer les transactions de paiement.<br \/>\n    Flexibilit\u00e9 : Que vous proposiez des services en face-\u00e0-face, des rendez-vous de groupe, ou divers forfaits de services, notre plugin s&rsquo;adapte \u00e0 votre syst\u00e8me de r\u00e9servation. Personnalisez les formulaires pour correspondre \u00e0 votre image de marque et aux exigences sp\u00e9cifiques du service.<br \/>\n    Support d\u00e9di\u00e9 : Si vous rencontrez des probl\u00e8mes ou si vous avez des questions, notre \u00e9quipe de support est l\u00e0 pour vous aider \u00e0 chaque \u00e9tape du processus.<\/p>\n<p>Commencez d\u00e8s aujourd&rsquo;hui : Ne manquez pas les r\u00e9servations potentielles et les revenus pour votre entreprise de services. Faites \u00e9voluer la gestion de vos rendez-vous avec la Passerelle Authorize.Net pour Bookly Pro. Simplifiez le processus de paiement, renforcez la confiance des clients, et stimulez votre activit\u00e9 de services. Commencez d\u00e8s maintenant et d\u00e9couvrez les avantages des transactions en ligne sans tracas.<\/p>\n<p>Pr\u00eat \u00e0 transformer votre syst\u00e8me de r\u00e9servation ? T\u00e9l\u00e9chargez la Passerelle Authorize.Net pour Bookly Pro et commencez \u00e0 accepter les paiements en toute confiance.<\/p>\n<p>Exigences :<\/p>\n<p>    Compte actif sur www.authorize.net \u2013 Inscrivez-vous pour un compte de sandbox si vous avez besoin de tester.<br \/>\n    Plugin Bookly Pro<br \/>\n    Un certificat SSL valide est requis pour garantir la s\u00e9curit\u00e9 des d\u00e9tails de la carte de cr\u00e9dit de vos clients et rendre votre site conforme \u00e0 la norme PCI DSS. Ce plugin ne stocke pas les num\u00e9ros de carte de cr\u00e9dit ni les informations sensibles sur votre site.<\/p>\n<p>Disclaimer :<br \/>\nVeuillez noter que ce site n&rsquo;effectue pas de transactions directes. Il agit comme un pont pour connecter de mani\u00e8re transparente votre plugin Bookly Pro avec la passerelle de paiement de confiance d&rsquo;Authorize.Net. Toutes les transactions sont trait\u00e9es de mani\u00e8re s\u00e9curis\u00e9e sur la plateforme Authorize.Net, garantissant les plus hauts niveaux de s\u00e9curit\u00e9 et de conformit\u00e9.<\/p>\n","protected":false},"excerpt":{"rendered":"<p>Integrate Authorize.Net On Bookly Pro Plugin<\/p>\n","protected":false},"featured_media":2009,"comment_status":"open","ping_status":"closed","template":"","meta":{"_acf_changed":false},"product_cat":[127,72,226],"product_tag":[140],"class_list":{"0":"post-2008","1":"product","2":"type-product","3":"status-publish","4":"has-post-thumbnail","6":"product_cat-bookly-pro","7":"product_cat-bookly","8":"product_cat-wordpress-payment-plugin","9":"product_tag-authorize-net","11":"first","12":"instock","13":"shipping-taxable","14":"purchasable","15":"product-type-simple"},"acf":[],"_links":{"self":[{"href":"https:\/\/wpayo.com\/fr\/wp-json\/wp\/v2\/product\/2008","targetHints":{"allow":["GET"]}}],"collection":[{"href":"https:\/\/wpayo.com\/fr\/wp-json\/wp\/v2\/product"}],"about":[{"href":"https:\/\/wpayo.com\/fr\/wp-json\/wp\/v2\/types\/product"}],"replies":[{"embeddable":true,"href":"https:\/\/wpayo.com\/fr\/wp-json\/wp\/v2\/comments?post=2008"}],"wp:featuredmedia":[{"embeddable":true,"href":"https:\/\/wpayo.com\/fr\/wp-json\/wp\/v2\/media\/2009"}],"wp:attachment":[{"href":"https:\/\/wpayo.com\/fr\/wp-json\/wp\/v2\/media?parent=2008"}],"wp:term":[{"taxonomy":"product_cat","embeddable":true,"href":"https:\/\/wpayo.com\/fr\/wp-json\/wp\/v2\/product_cat?post=2008"},{"taxonomy":"product_tag","embeddable":true,"href":"https:\/\/wpayo.com\/fr\/wp-json\/wp\/v2\/product_tag?post=2008"}],"curies":[{"name":"wp","href":"https:\/\/api.w.org\/{rel}","templated":true}]}}