{"id":2013,"date":"2024-01-17T11:31:31","date_gmt":"2024-01-17T11:31:31","guid":{"rendered":"https:\/\/wpayo.com\/fr\/?post_type=product&#038;p=2013"},"modified":"2024-01-17T11:31:32","modified_gmt":"2024-01-17T11:31:32","slug":"instamojo-gateway-awpcp","status":"publish","type":"product","link":"https:\/\/wpayo.com\/fr\/paiement-gateway\/instamojo-gateway-awpcp\/","title":{"rendered":"Instamojo Gateway pour AWPCP"},"content":{"rendered":"<p>\u00c9levez votre plateforme de petites annonces avec la <strong>passerelle de paiement Instamojo pour AWPCP (Another WordPress Classifieds Plugin)<\/strong>. Ce plugin dynamique int\u00e8gre de mani\u00e8re transparente la passerelle de paiement de confiance d&rsquo;Instamojo dans votre configuration AWPCP, facilitant la collecte de paiements pour les petites annonces et les listes. Que vous g\u00e9riez un site de petites annonces pour les offres d&#8217;emploi, l&rsquo;immobilier, les produits ou les services, notre plugin garantit un traitement s\u00e9curis\u00e9 et rationalis\u00e9 des paiements pour votre plateforme.<\/p>\n<h3><strong>Fonctionnalit\u00e9s cl\u00e9s :<\/strong><\/h3>\n<ol>\n<li><strong>Int\u00e9gration transparente :<\/strong> Int\u00e9grez Instamojo dans votre structure AWPCP sans avoir besoin de coder de mani\u00e8re complexe. Commencez \u00e0 accepter les paiements pour les petites annonces en quelques minutes, sans comp\u00e9tence technique requise.<\/li>\n<li><strong>S\u00e9curit\u00e9 de premier ordre :<\/strong> Soyez assur\u00e9 que toutes les transactions de paiement sont prot\u00e9g\u00e9es par les fonctionnalit\u00e9s de s\u00e9curit\u00e9 avanc\u00e9es d&rsquo;Instamojo, garantissant la s\u00e9curit\u00e9 des donn\u00e9es sensibles de vos utilisateurs.<\/li>\n<li><strong>Forfaits d&rsquo;annonces personnalisables :<\/strong> Cr\u00e9ez des forfaits d&rsquo;annonces sur mesure et des options tarifaires pour correspondre \u00e0 votre site de petites annonces unique. Personnalisez les forfaits pour r\u00e9pondre \u00e0 votre cr\u00e9neau sp\u00e9cifique et \u00e0 votre strat\u00e9gie tarifaire.<\/li>\n<li><strong>Prise en charge de plusieurs devises :<\/strong> \u00c9largissez votre port\u00e9e mondiale en acceptant les paiements dans plusieurs devises, offrant ainsi une commodit\u00e9 aux utilisateurs et aux annonceurs internationaux.<\/li>\n<li><strong>Rapports d\u00e9taill\u00e9s :<\/strong> Suivez vos transactions financi\u00e8res avec des fonctionnalit\u00e9s de reporting compl\u00e8tes qui vous aident \u00e0 rester organis\u00e9 et \u00e0 prendre des d\u00e9cisions \u00e9clair\u00e9es.<\/li>\n<\/ol>\n<h3><strong>Pourquoi choisir la passerelle Instamojo pour AWPCP ?<\/strong><\/h3>\n<ul>\n<li><strong>Fiabilit\u00e9 :<\/strong> Instamojo est un nom de confiance dans le traitement des paiements en ligne, r\u00e9put\u00e9 pour sa fiabilit\u00e9 et sa s\u00e9curit\u00e9. Vous pouvez lui faire confiance pour prot\u00e9ger votre entreprise et les informations de paiement de vos utilisateurs.<\/li>\n<li><strong>Convivialit\u00e9 :<\/strong> Notre plugin est con\u00e7u en pensant \u00e0 l&rsquo;exp\u00e9rience utilisateur. M\u00eame si vous d\u00e9butez dans les petites annonces en ligne et les paiements, vous pouvez facilement configurer et g\u00e9rer les transactions.<\/li>\n<li><strong>Flexibilit\u00e9 :<\/strong> Que vous g\u00e9riez un site de petites annonces local ou une place de march\u00e9 mondiale, notre plugin s&rsquo;adapte \u00e0 vos besoins. Personnalisez les forfaits d&rsquo;annonces et les tarifs pour correspondre \u00e0 votre cr\u00e9neau.<\/li>\n<li><strong>Support d\u00e9di\u00e9 :<\/strong> Si vous rencontrez des probl\u00e8mes ou si vous avez des questions, notre \u00e9quipe de support est l\u00e0 pour vous aider \u00e0 chaque \u00e9tape du processus.<\/li>\n<\/ul>\n<p><strong>Commencez d\u00e8s aujourd&rsquo;hui :<\/strong> Ne manquez pas les revenus potentiels et la croissance de votre plateforme de petites annonces. Faites \u00e9voluer la gestion de vos annonces class\u00e9es avec la passerelle de paiement Instamojo pour AWPCP. Simplifiez le processus de paiement, renforcez la confiance des utilisateurs et stimulez votre activit\u00e9 de petites annonces. Commencez d\u00e8s maintenant et d\u00e9couvrez les avantages des transactions en ligne sans tracas.<\/p>\n<p>Pr\u00eat \u00e0 \u00e9lever votre plateforme de petites annonces ? T\u00e9l\u00e9chargez la passerelle de paiement Instamojo pour AWPCP et commencez \u00e0 accepter les paiements en toute confiance.<\/p>\n<div class=\"cl-preview-section\">\n<h3>Exigences<\/h3>\n<\/div>\n<div class=\"cl-preview-section\">\n<ul>\n<li>Compte actif sur <a href=\"https:\/\/www.instamojo.com\/\" target=\"_blank\" rel=\"noopener\">www.instamojo.com\/<\/a> \u2013 Inscrivez-vous pour un compte de sandbox si vous avez besoin de tester.<\/li>\n<li><strong>Plugin AWPCP<\/strong><\/li>\n<li>Un certificat SSL valide est requis pour garantir la s\u00e9curit\u00e9 des d\u00e9tails de la carte de cr\u00e9dit de vos clients et rendre votre site conforme \u00e0 la norme PCI DSS. Ce plugin ne stocke pas les num\u00e9ros de carte de cr\u00e9dit ni les informations sensibles sur votre site.<\/li>\n<\/ul>\n<\/div>\n<div class=\"cl-preview-section\">\n<p><strong>Avis de non-responsabilit\u00e9 :<\/strong><\/p>\n<p>Veuillez noter que ce site web ne traite pas les transactions directement. Il agit comme un pont pour connecter de mani\u00e8re transparente votre plugin AWPCP \u00e0 la passerelle de paiement de confiance d&rsquo;Instamojo. Toutes les transactions sont trait\u00e9es de mani\u00e8re s\u00e9curis\u00e9e sur la plateforme Instamojo, garantissant les plus hauts niveaux de s\u00e9curit\u00e9 et de conformit\u00e9.\n<\/p><\/div>\n","protected":false},"excerpt":{"rendered":"<p>Integrate Instamojo Gateway for AWPCP<\/p>\n","protected":false},"featured_media":2014,"comment_status":"open","ping_status":"closed","template":"","meta":{"_acf_changed":false},"product_cat":[237],"product_tag":[210],"class_list":{"0":"post-2013","1":"product","2":"type-product","3":"status-publish","4":"has-post-thumbnail","6":"product_cat-awpcp","7":"product_tag-instamojo","9":"first","10":"instock","11":"shipping-taxable","12":"purchasable","13":"product-type-simple"},"acf":[],"_links":{"self":[{"href":"https:\/\/wpayo.com\/fr\/wp-json\/wp\/v2\/product\/2013","targetHints":{"allow":["GET"]}}],"collection":[{"href":"https:\/\/wpayo.com\/fr\/wp-json\/wp\/v2\/product"}],"about":[{"href":"https:\/\/wpayo.com\/fr\/wp-json\/wp\/v2\/types\/product"}],"replies":[{"embeddable":true,"href":"https:\/\/wpayo.com\/fr\/wp-json\/wp\/v2\/comments?post=2013"}],"wp:featuredmedia":[{"embeddable":true,"href":"https:\/\/wpayo.com\/fr\/wp-json\/wp\/v2\/media\/2014"}],"wp:attachment":[{"href":"https:\/\/wpayo.com\/fr\/wp-json\/wp\/v2\/media?parent=2013"}],"wp:term":[{"taxonomy":"product_cat","embeddable":true,"href":"https:\/\/wpayo.com\/fr\/wp-json\/wp\/v2\/product_cat?post=2013"},{"taxonomy":"product_tag","embeddable":true,"href":"https:\/\/wpayo.com\/fr\/wp-json\/wp\/v2\/product_tag?post=2013"}],"curies":[{"name":"wp","href":"https:\/\/api.w.org\/{rel}","templated":true}]}}