{"id":2021,"date":"2024-01-17T11:31:28","date_gmt":"2024-01-17T11:31:28","guid":{"rendered":"https:\/\/wpayo.com\/fr\/?post_type=product&#038;p=2021"},"modified":"2024-01-17T11:31:29","modified_gmt":"2024-01-17T11:31:29","slug":"authorize-net-gateway-learnpress","status":"publish","type":"product","link":"https:\/\/wpayo.com\/fr\/paiement-gateway\/authorize-net-gateway-learnpress\/","title":{"rendered":"Authorize.net Gateway pour LearnPress"},"content":{"rendered":"<p>Enhancez les capacit\u00e9s de votre plateforme d&rsquo;apprentissage en ligne avec l&rsquo;int\u00e9gration de la passerelle de paiement Authorize.Net pour LearnPress. Ce puissant plugin combine sans effort la passerelle de paiement s\u00e9curis\u00e9e d&rsquo;Authorize.Net avec votre configuration LearnPress, facilitant la gestion des paiements de cours et des abonnements. Que vous soyez \u00e9ducateur, fournisseur de formation, ou que vous g\u00e9riez une acad\u00e9mie en ligne, notre plugin garantit un traitement fiable et efficace des paiements pour votre site d&rsquo;apprentissage en ligne.<\/p>\n<h3><strong>Fonctionnalit\u00e9s cl\u00e9s :<\/strong><\/h3>\n<ol>\n<li><strong>Int\u00e9gration sans effort :<\/strong> Int\u00e9grez Authorize.Net dans votre syst\u00e8me LearnPress sans configuration compliqu\u00e9e. Commencez \u00e0 accepter les paiements de cours en toute simplicit\u00e9, m\u00eame si vous n&rsquo;\u00eates pas un expert en technologie.<\/li>\n<li><strong>S\u00e9curit\u00e9 robuste :<\/strong> Soyez assur\u00e9 d&rsquo;une s\u00e9curit\u00e9 de premier ordre pour toutes les transactions de paiement, pr\u00e9servant la confidentialit\u00e9 des informations de paiement de vos apprenants.<\/li>\n<li><strong>Options de paiement personnalisables :<\/strong> Adaptez vos tarifs de cours \u00e0 vos besoins uniques. Personnalisez les achats ponctuels, les abonnements ou les bundles pour offrir une exp\u00e9rience d&rsquo;apprentissage personnalis\u00e9e.<\/li>\n<li><strong>Port\u00e9e mondiale :<\/strong> Attirez des apprenants du monde entier en acceptant les paiements dans plusieurs devises, facilitant ainsi la vie des \u00e9tudiants internationaux.<\/li>\n<li><strong>Inscription automatique :<\/strong> Simplifiez la gestion des cours avec une inscription automatique apr\u00e8s un paiement r\u00e9ussi, assurant une exp\u00e9rience d&rsquo;apprentissage fluide pour vos \u00e9tudiants.<\/li>\n<\/ol>\n<h3><strong>Pourquoi choisir l&rsquo;int\u00e9gration Authorize.Net pour LearnPress ?<\/strong><\/h3>\n<ul>\n<li><strong>Fiabilit\u00e9 :<\/strong> Authorize.Net est un nom de confiance dans le traitement des paiements en ligne, r\u00e9put\u00e9 pour sa fiabilit\u00e9 et ses mesures de s\u00e9curit\u00e9 solides.<\/li>\n<li><strong>Convivialit\u00e9 :<\/strong> Notre plugin est con\u00e7u en pensant \u00e0 l&rsquo;exp\u00e9rience utilisateur, facilitant la configuration et la gestion des transactions, m\u00eame pour les d\u00e9butants dans les paiements en ligne.<\/li>\n<li><strong>Adaptabilit\u00e9 :<\/strong> Que vous proposiez des cours individuels, un apprentissage bas\u00e9 sur l&rsquo;abonnement, ou des parcours d&rsquo;apprentissage personnalis\u00e9s, notre plugin s&rsquo;adapte \u00e0 vos besoins. Personnalisez les options de paiement pour correspondre \u00e0 vos offres de cours.<\/li>\n<li><strong>Support d\u00e9di\u00e9 :<\/strong> Notre \u00e9quipe de support est disponible pour vous aider en cas de probl\u00e8mes ou de questions, assurant le bon fonctionnement de votre plateforme d&rsquo;apprentissage en ligne.<\/li>\n<\/ul>\n<p><strong>Commencez d\u00e8s aujourd&rsquo;hui :<\/strong> Ne manquez pas les revenus potentiels ni l&rsquo;occasion d&rsquo;offrir une \u00e9ducation pr\u00e9cieuse. Am\u00e9liorez votre plateforme d&rsquo;apprentissage en ligne avec l&rsquo;int\u00e9gration de la passerelle de paiement Authorize.Net pour LearnPress. Simplifiez le processus de paiement, renforcez la confiance de vos apprenants et stimulez le succ\u00e8s de vos cours en ligne. Commencez d\u00e8s maintenant et d\u00e9bloquez les avantages de transactions en ligne sans tracas.<\/p>\n<p>Pr\u00eat \u00e0 mettre \u00e0 niveau votre plateforme d&rsquo;apprentissage en ligne ? T\u00e9l\u00e9chargez l&rsquo;int\u00e9gration Authorize.Net pour LearnPress et commencez \u00e0 accepter les paiements en toute confiance.<\/p>\n<div class=\"cl-preview-section\">\n<h4 id=\"requirements\">Exigences<\/h4>\n<\/div>\n<div class=\"cl-preview-section\">\n<ul>\n<li>Compte actif sur <a href=\"https:\/\/www.authorize.net\" target=\"_blank\" rel=\"noopener\">www.authorize.net\/<\/a> \u2013 Inscrivez-vous pour un compte de sandbox si vous avez besoin de tester.<\/li>\n<li><strong>Plugin LearnPress<\/strong><\/li>\n<li>Un certificat SSL valide est requis pour garantir la s\u00e9curit\u00e9 des d\u00e9tails de la carte de cr\u00e9dit de vos clients et rendre votre site conforme \u00e0 la norme PCI DSS. Ce plugin ne stocke pas les num\u00e9ros de carte de cr\u00e9dit ni les informations sensibles sur votre site.<\/li>\n<\/ul>\n<\/div>\n<div class=\"cl-preview-section\">\n<p><strong>Avis de non-responsabilit\u00e9 :<\/strong><\/p>\n<p>Veuillez noter que ce site web ne traite pas les transactions directement. Il agit comme un pont pour connecter de mani\u00e8re transparente votre plugin LearnPress \u00e0 la passerelle de paiement de confiance d&rsquo;Authorize.Net. Toutes les transactions sont trait\u00e9es de mani\u00e8re s\u00e9curis\u00e9e sur la plateforme Authorize.Net, garantissant les plus hauts niveaux de s\u00e9curit\u00e9 et de conformit\u00e9.<\/p>\n<\/div>\n","protected":false},"excerpt":{"rendered":"<p>Integrate Authorize.Net On LearnPress Plugin<\/p>\n","protected":false},"featured_media":2022,"comment_status":"open","ping_status":"closed","template":"","meta":{"_acf_changed":false},"product_cat":[94,226],"product_tag":[140],"class_list":{"0":"post-2021","1":"product","2":"type-product","3":"status-publish","4":"has-post-thumbnail","6":"product_cat-learnpress","7":"product_cat-wordpress-payment-plugin","8":"product_tag-authorize-net","10":"first","11":"instock","12":"shipping-taxable","13":"purchasable","14":"product-type-simple"},"acf":[],"_links":{"self":[{"href":"https:\/\/wpayo.com\/fr\/wp-json\/wp\/v2\/product\/2021","targetHints":{"allow":["GET"]}}],"collection":[{"href":"https:\/\/wpayo.com\/fr\/wp-json\/wp\/v2\/product"}],"about":[{"href":"https:\/\/wpayo.com\/fr\/wp-json\/wp\/v2\/types\/product"}],"replies":[{"embeddable":true,"href":"https:\/\/wpayo.com\/fr\/wp-json\/wp\/v2\/comments?post=2021"}],"wp:featuredmedia":[{"embeddable":true,"href":"https:\/\/wpayo.com\/fr\/wp-json\/wp\/v2\/media\/2022"}],"wp:attachment":[{"href":"https:\/\/wpayo.com\/fr\/wp-json\/wp\/v2\/media?parent=2021"}],"wp:term":[{"taxonomy":"product_cat","embeddable":true,"href":"https:\/\/wpayo.com\/fr\/wp-json\/wp\/v2\/product_cat?post=2021"},{"taxonomy":"product_tag","embeddable":true,"href":"https:\/\/wpayo.com\/fr\/wp-json\/wp\/v2\/product_tag?post=2021"}],"curies":[{"name":"wp","href":"https:\/\/api.w.org\/{rel}","templated":true}]}}