{"id":2023,"date":"2024-01-17T11:31:27","date_gmt":"2024-01-17T11:31:27","guid":{"rendered":"https:\/\/wpayo.com\/fr\/?post_type=product&#038;p=2023"},"modified":"2024-01-17T11:31:28","modified_gmt":"2024-01-17T11:31:28","slug":"instamojo-gateway-learnpress","status":"publish","type":"product","link":"https:\/\/wpayo.com\/fr\/paiement-gateway\/instamojo-gateway-learnpress\/","title":{"rendered":"Instamojo Gateway pour LearnPress"},"content":{"rendered":"<p>Am\u00e9liorez l&rsquo;exp\u00e9rience de paiement sur votre plateforme d&rsquo;apprentissage en ligne avec l&rsquo;int\u00e9gration de la passerelle de paiement Instamojo pour LearnPress. Ce plugin polyvalent connecte de mani\u00e8re transparente votre configuration LearnPress \u00e0 la passerelle de paiement fiable d&rsquo;Instamojo, facilitant la gestion des paiements de cours et des abonnements. Que vous soyez un \u00e9ducateur, un fournisseur de formation, ou que vous g\u00e9rez une acad\u00e9mie en ligne, notre plugin garantit un traitement des paiements s\u00e9curis\u00e9 et efficace pour votre site d&rsquo;apprentissage en ligne.<\/p>\n<h3><strong>Fonctionnalit\u00e9s cl\u00e9s :<\/strong><\/h3>\n<ol>\n<li><strong>Int\u00e9gration sans effort :<\/strong> Int\u00e9grez Instamojo dans votre syst\u00e8me LearnPress sans avoir besoin d&rsquo;une configuration complexe. Commencez \u00e0 accepter les paiements de cours en quelques minutes, m\u00eame si vous n&rsquo;\u00eates pas un utilisateur expert en technologie.<\/li>\n<li><strong>S\u00e9curit\u00e9 robuste :<\/strong> Soyez tranquille en sachant que toutes les transactions de paiement sont s\u00e9curis\u00e9es par les fonctionnalit\u00e9s de s\u00e9curit\u00e9 avanc\u00e9es d&rsquo;Instamojo, assurant la confidentialit\u00e9 des informations de paiement de vos apprenants.<\/li>\n<li><strong>Options de paiement flexibles :<\/strong> Personnalisez les tarifs de vos cours pour r\u00e9pondre \u00e0 vos besoins uniques. Que vous proposiez des achats ponctuels, un apprentissage bas\u00e9 sur l&rsquo;abonnement, ou des packages de cours group\u00e9s, tout est sous votre contr\u00f4le.<\/li>\n<li><strong>Accessibilit\u00e9 mondiale :<\/strong> Attirez des \u00e9tudiants du monde entier en acceptant les paiements dans plusieurs devises, offrant ainsi une commodit\u00e9 aux apprenants internationaux.<\/li>\n<li><strong>Inscription automatis\u00e9e :<\/strong> Simplifiez la gestion des cours avec l&rsquo;inscription automatique d\u00e8s qu&rsquo;un paiement r\u00e9ussi est effectu\u00e9, assurant un parcours d&rsquo;apprentissage fluide et sans tracas pour vos \u00e9tudiants.<\/li>\n<\/ol>\n<h3><strong>Pourquoi choisir l&rsquo;int\u00e9gration Instamojo pour LearnPress ?<\/strong><\/h3>\n<ul>\n<li><strong>Fiabilit\u00e9 :<\/strong> Instamojo est un nom de confiance dans le traitement des paiements en ligne, r\u00e9put\u00e9 pour sa fiabilit\u00e9 et ses mesures de s\u00e9curit\u00e9 solides.<\/li>\n<li><strong>Convivialit\u00e9 :<\/strong> Notre plugin est con\u00e7u en pensant \u00e0 l&rsquo;exp\u00e9rience utilisateur, facilitant la configuration et la gestion des transactions, m\u00eame pour les d\u00e9butants dans les paiements en ligne.<\/li>\n<li><strong>Adaptabilit\u00e9 :<\/strong> Que vous proposiez des cours individuels, un apprentissage bas\u00e9 sur l&rsquo;abonnement, ou des parcours d&rsquo;apprentissage personnalis\u00e9s, notre plugin s&rsquo;adapte \u00e0 vos besoins. Personnalisez les options de paiement pour correspondre \u00e0 vos offres de cours.<\/li>\n<li><strong>Support d\u00e9di\u00e9 :<\/strong> Notre \u00e9quipe de support est disponible pour vous aider en cas de probl\u00e8mes ou de questions, assurant le bon fonctionnement de votre plateforme d&rsquo;apprentissage en ligne.<\/li>\n<\/ul>\n<p><strong>Commencez d\u00e8s aujourd&rsquo;hui :<\/strong> Ne manquez pas les revenus potentiels et l&rsquo;opportunit\u00e9 d&rsquo;offrir une \u00e9ducation de valeur. Am\u00e9liorez votre plateforme d&rsquo;apprentissage en ligne avec l&rsquo;int\u00e9gration de la passerelle de paiement Instamojo pour LearnPress. Simplifiez le processus de paiement, renforcez la confiance de vos apprenants et stimulez le succ\u00e8s de vos cours en ligne. Commencez votre parcours d\u00e8s maintenant et d\u00e9bloquez les avantages de transactions en ligne sans tracas.<\/p>\n<p>Pr\u00eat \u00e0 \u00e9lever votre plateforme d&rsquo;apprentissage en ligne ? T\u00e9l\u00e9chargez l&rsquo;int\u00e9gration Instamojo pour LearnPress et commencez \u00e0 accepter les paiements en toute confiance.<\/p>\n<div class=\"cl-preview-section\">\n<h4 id=\"requirements\">Exigences<\/h4>\n<\/div>\n<div class=\"cl-preview-section\">\n<ul>\n<li>Compte actif sur <a href=\"https:\/\/www.instamojo.com\/\" target=\"_blank\" rel=\"noopener\">www.instamojo.com\/<\/a> \u2013 Inscrivez-vous pour un compte de sandbox <a href=\"https:\/\/support.instamojo.com\/hc\/en-us\/articles\/208485675-Test-or-Sandbox-Account\" target=\"_blank\" rel=\"noopener\">ici<\/a> si vous avez besoin de tester.<\/li>\n<li><strong>Plugin LearnPress<\/strong><\/li>\n<li>Un certificat SSL valide est requis pour garantir la s\u00e9curit\u00e9 des d\u00e9tails de la carte de cr\u00e9dit de vos clients et rendre votre site conforme \u00e0 la norme PCI DSS. Ce plugin ne stocke pas les num\u00e9ros de carte de cr\u00e9dit ni les informations sensibles sur votre site.<\/li>\n<\/ul>\n<\/div>\n<div class=\"cl-preview-section\">\n<h4 id=\"disclaimer\">Avis de non-responsabilit\u00e9<\/h4>\n<\/div>\n<div class=\"cl-preview-section\">\n<p>Veuillez noter que ce site web ne g\u00e8re pas le traitement direct des transactions. Il sert de pont pour connecter votre plugin LearnPress \u00e0 la passerelle de paiement fiable d&rsquo;Instamojo. Toutes les transactions sont trait\u00e9es de mani\u00e8re s\u00e9curis\u00e9e sur la plateforme Instamojo, garantissant les plus hauts niveaux de s\u00e9curit\u00e9 et de conformit\u00e9.<\/p>\n<\/div>\n","protected":false},"excerpt":{"rendered":"<p>Integrate Instamojo Gateway for LearnPress<\/p>\n","protected":false},"featured_media":2024,"comment_status":"open","ping_status":"closed","template":"","meta":{"_acf_changed":false},"product_cat":[94],"product_tag":[210],"class_list":{"0":"post-2023","1":"product","2":"type-product","3":"status-publish","4":"has-post-thumbnail","6":"product_cat-learnpress","7":"product_tag-instamojo","9":"first","10":"instock","11":"shipping-taxable","12":"purchasable","13":"product-type-simple"},"acf":[],"_links":{"self":[{"href":"https:\/\/wpayo.com\/fr\/wp-json\/wp\/v2\/product\/2023","targetHints":{"allow":["GET"]}}],"collection":[{"href":"https:\/\/wpayo.com\/fr\/wp-json\/wp\/v2\/product"}],"about":[{"href":"https:\/\/wpayo.com\/fr\/wp-json\/wp\/v2\/types\/product"}],"replies":[{"embeddable":true,"href":"https:\/\/wpayo.com\/fr\/wp-json\/wp\/v2\/comments?post=2023"}],"wp:featuredmedia":[{"embeddable":true,"href":"https:\/\/wpayo.com\/fr\/wp-json\/wp\/v2\/media\/2024"}],"wp:attachment":[{"href":"https:\/\/wpayo.com\/fr\/wp-json\/wp\/v2\/media?parent=2023"}],"wp:term":[{"taxonomy":"product_cat","embeddable":true,"href":"https:\/\/wpayo.com\/fr\/wp-json\/wp\/v2\/product_cat?post=2023"},{"taxonomy":"product_tag","embeddable":true,"href":"https:\/\/wpayo.com\/fr\/wp-json\/wp\/v2\/product_tag?post=2023"}],"curies":[{"name":"wp","href":"https:\/\/api.w.org\/{rel}","templated":true}]}}