{"id":2028,"date":"2024-01-17T11:31:25","date_gmt":"2024-01-17T11:31:25","guid":{"rendered":"https:\/\/wpayo.com\/fr\/?post_type=product&#038;p=2028"},"modified":"2024-01-17T11:31:26","modified_gmt":"2024-01-17T11:31:26","slug":"ccavenue-payment-gateway-contact-form-7","status":"publish","type":"product","link":"https:\/\/wpayo.com\/fr\/paiement-gateway\/ccavenue-payment-gateway-contact-form-7\/","title":{"rendered":"CCAvenue Payment Gateway pour Contact Form 7"},"content":{"rendered":"<p>Facilitez la collecte de paiements sur votre site web en utilisant l&rsquo;int\u00e9gration de la passerelle de paiement CCAvenue pour Contact Form 7. Ce plugin polyvalent connecte sans effort vos formulaires Contact Form 7 \u00e0 la passerelle de paiement CCAvenue de confiance, garantissant une exp\u00e9rience sans tracas pour les clients souhaitant effectuer des paiements, des dons ou passer des commandes. Que vous g\u00e9riez une boutique de commerce \u00e9lectronique, acceptiez des inscriptions \u00e0 des \u00e9v\u00e9nements ou fournissiez des services, notre plugin garantit un traitement des transactions s\u00e9curis\u00e9 et efficace.<\/p>\n<p><strong>Fonctionnalit\u00e9s cl\u00e9s :<\/strong><\/p>\n<ol>\n<li><strong>Int\u00e9gration sans effort :<\/strong> Int\u00e9grez de mani\u00e8re transparente CCAvenue dans votre configuration Contact Form 7 sans configurations complexes. Commencez \u00e0 accepter les paiements en quelques minutes, que vous soyez expert en technologie ou novice dans les transactions en ligne.<\/li>\n<li><strong>S\u00e9curit\u00e9 robuste :<\/strong> Soyez tranquille en sachant que toutes les transactions de paiement sont prot\u00e9g\u00e9es par les fonctionnalit\u00e9s de s\u00e9curit\u00e9 avanc\u00e9es de CCAvenue, pr\u00e9servant la confidentialit\u00e9 des donn\u00e9es sensibles de vos clients.<\/li>\n<li><strong>Formulaires personnalisables :<\/strong> Cr\u00e9ez des formulaires de paiement sur mesure qui r\u00e9pondent \u00e0 vos besoins sp\u00e9cifiques. Personnalisez les champs et les options pour offrir une exp\u00e9rience de paiement conviviale et attrayante.<\/li>\n<li><strong>Prise en charge multidevises :<\/strong> \u00c9tendez votre port\u00e9e \u00e0 l&rsquo;\u00e9chelle mondiale en acceptant les paiements dans plusieurs devises, afin de r\u00e9pondre aux clients internationaux.<\/li>\n<li><strong>Rapports d\u00e9taill\u00e9s :<\/strong> Suivez vos transactions financi\u00e8res gr\u00e2ce \u00e0 des fonctionnalit\u00e9s de rapports compl\u00e8tes qui vous aident \u00e0 rester organis\u00e9 et \u00e0 prendre des d\u00e9cisions \u00e9clair\u00e9es.<\/li>\n<\/ol>\n<p><strong>Pourquoi opter pour CCAvenue Gateway pour Contact Form 7 ?<\/strong><\/p>\n<ul>\n<li><strong>Fiabilit\u00e9 :<\/strong> CCAvenue est un nom de confiance dans le traitement des paiements en ligne, r\u00e9put\u00e9 pour sa fiabilit\u00e9 et ses mesures de s\u00e9curit\u00e9 solides.<\/li>\n<li><strong>Convivialit\u00e9 :<\/strong> Notre plugin est con\u00e7u en pensant \u00e0 l&rsquo;exp\u00e9rience utilisateur, facilitant la configuration et la gestion des transactions, m\u00eame pour ceux qui d\u00e9couvrent les paiements en ligne.<\/li>\n<li><strong>Adaptabilit\u00e9 :<\/strong> Que vous vendiez des produits, acceptiez des dons ou fournissiez des services, notre plugin s&rsquo;adapte \u00e0 vos besoins. Personnalisez les formulaires pour correspondre \u00e0 votre image de marque et \u00e0 vos exigences sp\u00e9cifiques en mati\u00e8re de transactions.<\/li>\n<li><strong>Support d\u00e9di\u00e9 :<\/strong> Si vous rencontrez des probl\u00e8mes ou avez des questions, notre \u00e9quipe de support est disponible pour vous aider \u00e0 chaque \u00e9tape.<\/li>\n<\/ul>\n<p><strong>Commencez d\u00e8s aujourd&rsquo;hui :<\/strong> Ne manquez pas les ventes, les dons ou les commandes potentiels. Simplifiez votre processus de paiement, renforcez la confiance des clients et boostez votre entreprise en ligne avec la passerelle de paiement CCAvenue pour Contact Form 7. Lancez-vous d\u00e8s maintenant et profitez des avantages de transactions en ligne sans tracas.<\/p>\n<div class=\"cl-preview-section\">\n<h4 id=\"requirements\">Exigences<\/h4>\n<\/div>\n<div class=\"cl-preview-section\">\n<ul>\n<li>Compte actif sur <a href=\"https:\/\/www.ccavenue.com\/\" target=\"_blank\" rel=\"noopener noreferrer\">CCAvenue<\/a> \u2013 Vous devez \u00eatre un commer\u00e7ant indien pour pouvoir vous inscrire.<\/li>\n<li>Plugin Contact Form 7<\/li>\n<li>Les formulaires doivent fonctionner en mode non- AJAX.<\/li>\n<li>Un certificat SSL valide n&rsquo;est pas requis car les d\u00e9tails de la carte de cr\u00e9dit de votre client sont entr\u00e9s en toute s\u00e9curit\u00e9 sur les pages h\u00e9berg\u00e9es par CCAvenue. Cependant, il est recommand\u00e9 d&rsquo;en avoir un. Ce plugin ne stocke pas les num\u00e9ros de carte de cr\u00e9dit ou les informations sensibles des clients sur votre site.<\/li>\n<\/ul>\n<\/div>\n<div class=\"cl-preview-section\">\n<h4 id=\"disclaimer\">Avis de non-responsabilit\u00e9<\/h4>\n<\/div>\n<div class=\"cl-preview-section\">\n<p>Toutes les transactions sont trait\u00e9es de mani\u00e8re s\u00e9curis\u00e9e sur la plateforme CCAvenue, garantissant les plus hauts niveaux de s\u00e9curit\u00e9 et de conformit\u00e9.<\/p>\n<\/div>\n","protected":false},"excerpt":{"rendered":"<p>Integrate CCAvenue Gateway for Contact Form 7<\/p>\n","protected":false},"featured_media":2029,"comment_status":"open","ping_status":"closed","template":"","meta":{"_acf_changed":false},"product_cat":[53],"product_tag":[175],"class_list":{"0":"post-2028","1":"product","2":"type-product","3":"status-publish","4":"has-post-thumbnail","6":"product_cat-contact-form-7","7":"product_tag-ccavenue","9":"first","10":"instock","11":"shipping-taxable","12":"purchasable","13":"product-type-simple"},"acf":[],"_links":{"self":[{"href":"https:\/\/wpayo.com\/fr\/wp-json\/wp\/v2\/product\/2028","targetHints":{"allow":["GET"]}}],"collection":[{"href":"https:\/\/wpayo.com\/fr\/wp-json\/wp\/v2\/product"}],"about":[{"href":"https:\/\/wpayo.com\/fr\/wp-json\/wp\/v2\/types\/product"}],"replies":[{"embeddable":true,"href":"https:\/\/wpayo.com\/fr\/wp-json\/wp\/v2\/comments?post=2028"}],"wp:featuredmedia":[{"embeddable":true,"href":"https:\/\/wpayo.com\/fr\/wp-json\/wp\/v2\/media\/2029"}],"wp:attachment":[{"href":"https:\/\/wpayo.com\/fr\/wp-json\/wp\/v2\/media?parent=2028"}],"wp:term":[{"taxonomy":"product_cat","embeddable":true,"href":"https:\/\/wpayo.com\/fr\/wp-json\/wp\/v2\/product_cat?post=2028"},{"taxonomy":"product_tag","embeddable":true,"href":"https:\/\/wpayo.com\/fr\/wp-json\/wp\/v2\/product_tag?post=2028"}],"curies":[{"name":"wp","href":"https:\/\/api.w.org\/{rel}","templated":true}]}}